{"id":120205,"date":"2025-03-31T02:59:19","date_gmt":"2025-03-30T23:59:19","guid":{"rendered":"https:\/\/shop.rettum.ee\/toode\/265-45r20-pirelli-p-zero-rosso-asimmetrico-104y-mo-fsl-dot21-dbb72\/"},"modified":"2025-07-30T02:51:42","modified_gmt":"2025-07-29T23:51:42","slug":"265-45r20-pirelli-p-zero-rosso-asimmetrico-104y-mo-fsl-dot21-dbb72","status":"publish","type":"product","link":"https:\/\/shop.rettum.ee\/en\/product\/265-45r20-pirelli-p-zero-rosso-asimmetrico-104y-mo-fsl-dot21-dbb72\/","title":{"rendered":"265\/45R20 PIRELLI P ZERO ROSSO ASIMMETRICO 104Y MO FSL DOT21 DBB72"},"content":{"rendered":"<p>Tutvustame 265\/45R20 Pirelli P Zero Rosso Asimmetrico rehvi \u2013 sportliku s\u00f5idud\u00fcnaamika ja turvalisuse s\u00fcmbioos. Selle as\u00fcmmeetriline must on loodud tagama erakordne haare nii kuival kui m\u00e4rjal teel, v\u00f5imaldades t\u00e4pseman s\u00f5idu ning suurep\u00e4rase man\u00f6\u00f6verdusv\u00f5ime igas olukorras. 104Y koormusindeks ja kiirusklass annavad m\u00e4rku selle v\u00f5imest toime tulla ka k\u00f5rgeimatel kiirustel, pakkudes samal ajal stabiilsust ja kindlustunnet s\u00f5idu ajal. Rehvi spetsiaalsed omadused tagavad efektiivse energiakasutuse ja pikema eluea, toetades nii sportlike autojuhte kui ka n\u00f5udlikke entusiaste. Moondis DOT21 DBB72 kinnitab rehvi vastavust k\u00f5igile rangetele tootmis- ja ohutusstandarditele. Pirelli P Zero Rosso Asimmetrico on ideaalne valik neile, kes otsivad tipptasemel sooritust ning soovivad nautida maksimaalset s\u00f5idunautlust igas kurvis ja kiirenduses.<\/p>","protected":false},"excerpt":{"rendered":"<p>Tutvustame 265\/45R20 Pirelli P Zero Rosso Asimmetrico rehvi \u2013 sportliku s\u00f5idud\u00fcnaamika ja turvalisuse s\u00fcmbioos. Selle as\u00fcmmeetriline must on loodud tagama erakordne haare nii kuival kui m\u00e4rjal teel, v\u00f5imaldades t\u00e4pseman s\u00f5idu ning suurep\u00e4rase man\u00f6\u00f6verdusv\u00f5ime igas olukorras. 104Y koormusindeks ja kiirusklass annavad m\u00e4rku selle v\u00f5imest toime tulla ka k\u00f5rgeimatel kiirustel, pakkudes samal ajal stabiilsust ja kindlustunnet s\u00f5idu [&hellip;]<\/p>\n","protected":false},"featured_media":124124,"template":"","meta":{"site-sidebar-layout":"default","site-content-layout":"","ast-site-content-layout":"","site-content-style":"default","site-sidebar-style":"default","ast-global-header-display":"","ast-banner-title-visibility":"","ast-main-header-display":"","ast-hfb-above-header-display":"","ast-hfb-below-header-display":"","ast-hfb-mobile-header-display":"","site-post-title":"","ast-breadcrumbs-content":"","ast-featured-img":"","footer-sml-layout":"","theme-transparent-header-meta":"","adv-header-id-meta":"","stick-header-meta":"","header-above-stick-meta":"","header-main-stick-meta":"","header-below-stick-meta":"","astra-migrate-meta-layouts":"default","ast-page-background-enabled":"default","ast-page-background-meta":{"desktop":{"background-color":"","background-image":"","background-repeat":"repeat","background-position":"center center","background-size":"auto","background-attachment":"scroll","background-type":"","background-media":"","overlay-type":"","overlay-color":"","overlay-opacity":"","overlay-gradient":""},"tablet":{"background-color":"","background-image":"","background-repeat":"repeat","background-position":"center center","background-size":"auto","background-attachment":"scroll","background-type":"","background-media":"","overlay-type":"","overlay-color":"","overlay-opacity":"","overlay-gradient":""},"mobile":{"background-color":"","background-image":"","background-repeat":"repeat","background-position":"center center","background-size":"auto","background-attachment":"scroll","background-type":"","background-media":"","overlay-type":"","overlay-color":"","overlay-opacity":"","overlay-gradient":""}},"ast-content-background-meta":{"desktop":{"background-color":"var(--ast-global-color-5)","background-image":"","background-repeat":"repeat","background-position":"center center","background-size":"auto","background-attachment":"scroll","background-type":"","background-media":"","overlay-type":"","overlay-color":"","overlay-opacity":"","overlay-gradient":""},"tablet":{"background-color":"var(--ast-global-color-5)","background-image":"","background-repeat":"repeat","background-position":"center center","background-size":"auto","background-attachment":"scroll","background-type":"","background-media":"","overlay-type":"","overlay-color":"","overlay-opacity":"","overlay-gradient":""},"mobile":{"background-color":"var(--ast-global-color-5)","background-image":"","background-repeat":"repeat","background-position":"center center","background-size":"auto","background-attachment":"scroll","background-type":"","background-media":"","overlay-type":"","overlay-color":"","overlay-opacity":"","overlay-gradient":""}}},"product_brand":[],"product_cat":[34225],"product_tag":[],"pa_brand_name":[],"class_list":{"0":"post-120205","1":"product","2":"type-product","3":"status-publish","4":"has-post-thumbnail","6":"product_cat-summer-tires-pv","7":"desktop-align-left","8":"tablet-align-left","9":"mobile-align-left","11":"first","12":"outofstock","13":"taxable","14":"shipping-taxable","15":"purchasable","16":"product-type-simple"},"_links":{"self":[{"href":"https:\/\/shop.rettum.ee\/en\/wp-json\/wp\/v2\/product\/120205","targetHints":{"allow":["GET"]}}],"collection":[{"href":"https:\/\/shop.rettum.ee\/en\/wp-json\/wp\/v2\/product"}],"about":[{"href":"https:\/\/shop.rettum.ee\/en\/wp-json\/wp\/v2\/types\/product"}],"version-history":[{"count":1,"href":"https:\/\/shop.rettum.ee\/en\/wp-json\/wp\/v2\/product\/120205\/revisions"}],"predecessor-version":[{"id":126327,"href":"https:\/\/shop.rettum.ee\/en\/wp-json\/wp\/v2\/product\/120205\/revisions\/126327"}],"wp:featuredmedia":[{"embeddable":true,"href":"https:\/\/shop.rettum.ee\/en\/wp-json\/wp\/v2\/media\/124124"}],"wp:attachment":[{"href":"https:\/\/shop.rettum.ee\/en\/wp-json\/wp\/v2\/media?parent=120205"}],"wp:term":[{"taxonomy":"product_brand","embeddable":true,"href":"https:\/\/shop.rettum.ee\/en\/wp-json\/wp\/v2\/product_brand?post=120205"},{"taxonomy":"product_cat","embeddable":true,"href":"https:\/\/shop.rettum.ee\/en\/wp-json\/wp\/v2\/product_cat?post=120205"},{"taxonomy":"product_tag","embeddable":true,"href":"https:\/\/shop.rettum.ee\/en\/wp-json\/wp\/v2\/product_tag?post=120205"},{"taxonomy":"pa_brand_name","embeddable":true,"href":"https:\/\/shop.rettum.ee\/en\/wp-json\/wp\/v2\/pa_brand_name?post=120205"}],"curies":[{"name":"wp","href":"https:\/\/api.w.org\/{rel}","templated":true}]}}