{"id":120209,"date":"2025-03-31T02:59:22","date_gmt":"2025-03-30T23:59:22","guid":{"rendered":"https:\/\/shop.rettum.ee\/toode\/205-55r16-pirelli-cinturato-all-season-plus-91v-fsl-dot21-cba69-3pmsf\/"},"modified":"2025-07-30T02:51:42","modified_gmt":"2025-07-29T23:51:42","slug":"205-55r16-pirelli-cinturato-all-season-plus-91v-fsl-dot21-cba69-3pmsf","status":"publish","type":"product","link":"https:\/\/shop.rettum.ee\/en\/product\/205-55r16-pirelli-cinturato-all-season-plus-91v-fsl-dot21-cba69-3pmsf\/","title":{"rendered":"205\/55R16 PIRELLI CINTURATO ALL SEASON PLUS 91V FSL DOT21 CBA69 3PMSF"},"content":{"rendered":"<p>Tutvustame uut PIRELLI CINTURATO ALL SEASON PLUS rehv mudelis 205\/55R16, mis on loodud pakkuma usaldusv\u00e4\u00e4rset ja turvalist s\u00f5idukogemust igas aastaosas. Selle rehviga saad nautida suurep\u00e4rast j\u00f5udlust ja optimeeritud k\u00fctuses\u00e4\u00e4stlikkust t\u00e4nu tipptasemel disainile ja kvaliteetsetele materjalidele. Rehvi 91V koormus- ja kiirusindeks tagavad kindla vastupidavuse ning ohutu s\u00f5idu k\u00f5rgetel kiirustel.<\/p>\n<p>Eriline mustrilahendus tagab suurep\u00e4rase veoj\u00f5u m\u00e4rjal ja kuival teel, pakkudes kindlat kontakti ka ootamatutes ilmastikutingimustes. 3PMSF sertifikaat kinnitab rehvi v\u00f5imekust talviseid keerulisi olukordi edukalt toime tulla, muutes selle ideaalseks valikuks nelja aastaaja s\u00f5iduks. FSL DOT21 CBA69 m\u00e4rgistus toob esile rehvi tootmisprotsessi kvaliteedi ja j\u00e4lgitavuse.<\/p>\n<p>PIRELLI CINTURATO ALL SEASON PLUS rehv on ideaalne kombinatsioon sportlikust ilmet, praktilisusest ja innovaatilisest tehnoloogiast, mis muudab iga teekonna meeldivaks ja turvaliseks. Valige see rehv, et nautida sujuvat ja kindlat s\u00f5itu igal ilmastikutingimusel.<\/p>","protected":false},"excerpt":{"rendered":"<p>Tutvustame uut PIRELLI CINTURATO ALL SEASON PLUS rehv mudelis 205\/55R16, mis on loodud pakkuma usaldusv\u00e4\u00e4rset ja turvalist s\u00f5idukogemust igas aastaosas. Selle rehviga saad nautida suurep\u00e4rast j\u00f5udlust ja optimeeritud k\u00fctuses\u00e4\u00e4stlikkust t\u00e4nu tipptasemel disainile ja kvaliteetsetele materjalidele. Rehvi 91V koormus- ja kiirusindeks tagavad kindla vastupidavuse ning ohutu s\u00f5idu k\u00f5rgetel kiirustel. Eriline mustrilahendus tagab suurep\u00e4rase veoj\u00f5u m\u00e4rjal ja [&hellip;]<\/p>\n","protected":false},"featured_media":124122,"template":"","meta":{"site-sidebar-layout":"default","site-content-layout":"","ast-site-content-layout":"","site-content-style":"default","site-sidebar-style":"default","ast-global-header-display":"","ast-banner-title-visibility":"","ast-main-header-display":"","ast-hfb-above-header-display":"","ast-hfb-below-header-display":"","ast-hfb-mobile-header-display":"","site-post-title":"","ast-breadcrumbs-content":"","ast-featured-img":"","footer-sml-layout":"","theme-transparent-header-meta":"","adv-header-id-meta":"","stick-header-meta":"","header-above-stick-meta":"","header-main-stick-meta":"","header-below-stick-meta":"","astra-migrate-meta-layouts":"default","ast-page-background-enabled":"default","ast-page-background-meta":{"desktop":{"background-color":"","background-image":"","background-repeat":"repeat","background-position":"center center","background-size":"auto","background-attachment":"scroll","background-type":"","background-media":"","overlay-type":"","overlay-color":"","overlay-opacity":"","overlay-gradient":""},"tablet":{"background-color":"","background-image":"","background-repeat":"repeat","background-position":"center center","background-size":"auto","background-attachment":"scroll","background-type":"","background-media":"","overlay-type":"","overlay-color":"","overlay-opacity":"","overlay-gradient":""},"mobile":{"background-color":"","background-image":"","background-repeat":"repeat","background-position":"center center","background-size":"auto","background-attachment":"scroll","background-type":"","background-media":"","overlay-type":"","overlay-color":"","overlay-opacity":"","overlay-gradient":""}},"ast-content-background-meta":{"desktop":{"background-color":"var(--ast-global-color-5)","background-image":"","background-repeat":"repeat","background-position":"center center","background-size":"auto","background-attachment":"scroll","background-type":"","background-media":"","overlay-type":"","overlay-color":"","overlay-opacity":"","overlay-gradient":""},"tablet":{"background-color":"var(--ast-global-color-5)","background-image":"","background-repeat":"repeat","background-position":"center center","background-size":"auto","background-attachment":"scroll","background-type":"","background-media":"","overlay-type":"","overlay-color":"","overlay-opacity":"","overlay-gradient":""},"mobile":{"background-color":"var(--ast-global-color-5)","background-image":"","background-repeat":"repeat","background-position":"center center","background-size":"auto","background-attachment":"scroll","background-type":"","background-media":"","overlay-type":"","overlay-color":"","overlay-opacity":"","overlay-gradient":""}}},"product_brand":[],"product_cat":[34230],"product_tag":[],"pa_brand_name":[],"class_list":{"0":"post-120209","1":"product","2":"type-product","3":"status-publish","4":"has-post-thumbnail","6":"product_cat-all-season-pcr-2","7":"desktop-align-left","8":"tablet-align-left","9":"mobile-align-left","11":"first","12":"outofstock","13":"taxable","14":"shipping-taxable","15":"purchasable","16":"product-type-simple"},"_links":{"self":[{"href":"https:\/\/shop.rettum.ee\/en\/wp-json\/wp\/v2\/product\/120209","targetHints":{"allow":["GET"]}}],"collection":[{"href":"https:\/\/shop.rettum.ee\/en\/wp-json\/wp\/v2\/product"}],"about":[{"href":"https:\/\/shop.rettum.ee\/en\/wp-json\/wp\/v2\/types\/product"}],"version-history":[{"count":1,"href":"https:\/\/shop.rettum.ee\/en\/wp-json\/wp\/v2\/product\/120209\/revisions"}],"predecessor-version":[{"id":126323,"href":"https:\/\/shop.rettum.ee\/en\/wp-json\/wp\/v2\/product\/120209\/revisions\/126323"}],"wp:featuredmedia":[{"embeddable":true,"href":"https:\/\/shop.rettum.ee\/en\/wp-json\/wp\/v2\/media\/124122"}],"wp:attachment":[{"href":"https:\/\/shop.rettum.ee\/en\/wp-json\/wp\/v2\/media?parent=120209"}],"wp:term":[{"taxonomy":"product_brand","embeddable":true,"href":"https:\/\/shop.rettum.ee\/en\/wp-json\/wp\/v2\/product_brand?post=120209"},{"taxonomy":"product_cat","embeddable":true,"href":"https:\/\/shop.rettum.ee\/en\/wp-json\/wp\/v2\/product_cat?post=120209"},{"taxonomy":"product_tag","embeddable":true,"href":"https:\/\/shop.rettum.ee\/en\/wp-json\/wp\/v2\/product_tag?post=120209"},{"taxonomy":"pa_brand_name","embeddable":true,"href":"https:\/\/shop.rettum.ee\/en\/wp-json\/wp\/v2\/pa_brand_name?post=120209"}],"curies":[{"name":"wp","href":"https:\/\/api.w.org\/{rel}","templated":true}]}}