{"id":120213,"date":"2025-03-31T02:59:25","date_gmt":"2025-03-30T23:59:25","guid":{"rendered":"https:\/\/shop.rettum.ee\/toode\/295-30r22-pirelli-scorpion-winter-103v-xl-fsl-dot21-studless-3pmsf-ms\/"},"modified":"2026-03-22T03:03:50","modified_gmt":"2026-03-22T01:03:50","slug":"295-30r22-pirelli-scorpion-winter-103v-xl-fsl-dot21-studless-3pmsf-ms","status":"publish","type":"product","link":"https:\/\/shop.rettum.ee\/en\/product\/295-30r22-pirelli-scorpion-winter-103v-xl-fsl-dot21-studless-3pmsf-ms\/","title":{"rendered":"295\/30R22 PIRELLI SCORPION WINTER 103V XL FSL DOT21 Studless 3PMSF M+S"},"content":{"rendered":"<p>Pirelli Scorpion Winter talverehvid m\u00f5\u00f5tmetes 295\/30R22 on loodud tagama maksimaalne stabiilsus ja turvalisus ka k\u00f5ige n\u00f5udlikumates talveoludes. Erakordselt optimeeritud disain ja uusim tehnoloogia annavad suurep\u00e4rase haarduvuse nii lumel kui j\u00e4\u00e4l, pakkudes kindlat juhitavust ka kriitilistes olukordades. <\/p>\n<p>Rehvide studidevaba konstruktsioon mitte ainult ei v\u00e4henda teekahjustusi, vaid v\u00f5imaldab ka vaiksemat ja sujuvamat s\u00f5itu. Tootem\u00e4rgistusega 3PMSF ja M+S kinnitatakse rehvide t\u00f5est talve j\u00f5udlust, tagades \u00fcletamatud pidamisomadused ning ohutuse m\u00e4gede ja libedate maanteede valduses. XL ja 103V klassifikaatorid n\u00e4itavad rehvide k\u00f5rget koormustaluvust ning v\u00f5imalust saavutada suurep\u00e4raseid kiirusomadusi, andes juhile enesekindlust igas s\u00f5iduolukorras.<\/p>\n<p>Pirelli p\u00fchendumus kvaliteedile ja innovatsioonile on n\u00e4htav igas detailis, muutes Scorpion Winter rehvid ideaalseks valikuks neile, kes otsivad usaldusv\u00e4\u00e4rset ja j\u00f5ulist talvepeegeldust oma s\u00f5idukile. Vali Pirelli Scorpion Winter \u2013 ohutu ja kindel tee\u00f5nnestus talvisel teel.<\/p>","protected":false},"excerpt":{"rendered":"<p>Pirelli Scorpion Winter talverehvid m\u00f5\u00f5tmetes 295\/30R22 on loodud tagama maksimaalne stabiilsus ja turvalisus ka k\u00f5ige n\u00f5udlikumates talveoludes. Erakordselt optimeeritud disain ja uusim tehnoloogia annavad suurep\u00e4rase haarduvuse nii lumel kui j\u00e4\u00e4l, pakkudes kindlat juhitavust ka kriitilistes olukordades. Rehvide studidevaba konstruktsioon mitte ainult ei v\u00e4henda teekahjustusi, vaid v\u00f5imaldab ka vaiksemat ja sujuvamat s\u00f5itu. Tootem\u00e4rgistusega 3PMSF ja M+S [&hellip;]<\/p>\n","protected":false},"featured_media":124123,"template":"","meta":{"site-sidebar-layout":"default","site-content-layout":"","ast-site-content-layout":"","site-content-style":"default","site-sidebar-style":"default","ast-global-header-display":"","ast-banner-title-visibility":"","ast-main-header-display":"","ast-hfb-above-header-display":"","ast-hfb-below-header-display":"","ast-hfb-mobile-header-display":"","site-post-title":"","ast-breadcrumbs-content":"","ast-featured-img":"","footer-sml-layout":"","theme-transparent-header-meta":"","adv-header-id-meta":"","stick-header-meta":"","header-above-stick-meta":"","header-main-stick-meta":"","header-below-stick-meta":"","astra-migrate-meta-layouts":"default","ast-page-background-enabled":"default","ast-page-background-meta":{"desktop":{"background-color":"","background-image":"","background-repeat":"repeat","background-position":"center center","background-size":"auto","background-attachment":"scroll","background-type":"","background-media":"","overlay-type":"","overlay-color":"","overlay-opacity":"","overlay-gradient":""},"tablet":{"background-color":"","background-image":"","background-repeat":"repeat","background-position":"center center","background-size":"auto","background-attachment":"scroll","background-type":"","background-media":"","overlay-type":"","overlay-color":"","overlay-opacity":"","overlay-gradient":""},"mobile":{"background-color":"","background-image":"","background-repeat":"repeat","background-position":"center center","background-size":"auto","background-attachment":"scroll","background-type":"","background-media":"","overlay-type":"","overlay-color":"","overlay-opacity":"","overlay-gradient":""}},"ast-content-background-meta":{"desktop":{"background-color":"var(--ast-global-color-5)","background-image":"","background-repeat":"repeat","background-position":"center center","background-size":"auto","background-attachment":"scroll","background-type":"","background-media":"","overlay-type":"","overlay-color":"","overlay-opacity":"","overlay-gradient":""},"tablet":{"background-color":"var(--ast-global-color-5)","background-image":"","background-repeat":"repeat","background-position":"center center","background-size":"auto","background-attachment":"scroll","background-type":"","background-media":"","overlay-type":"","overlay-color":"","overlay-opacity":"","overlay-gradient":""},"mobile":{"background-color":"var(--ast-global-color-5)","background-image":"","background-repeat":"repeat","background-position":"center center","background-size":"auto","background-attachment":"scroll","background-type":"","background-media":"","overlay-type":"","overlay-color":"","overlay-opacity":"","overlay-gradient":""}}},"product_brand":[],"product_cat":[34228],"product_tag":[],"pa_brand_name":[17329],"class_list":{"0":"post-120213","1":"product","2":"type-product","3":"status-publish","4":"has-post-thumbnail","6":"product_cat-winter-tires-friction","7":"pa_brand_name-pirelli","8":"desktop-align-left","9":"tablet-align-left","10":"mobile-align-left","12":"first","13":"outofstock","14":"taxable","15":"shipping-taxable","16":"purchasable","17":"product-type-simple"},"_links":{"self":[{"href":"https:\/\/shop.rettum.ee\/en\/wp-json\/wp\/v2\/product\/120213","targetHints":{"allow":["GET"]}}],"collection":[{"href":"https:\/\/shop.rettum.ee\/en\/wp-json\/wp\/v2\/product"}],"about":[{"href":"https:\/\/shop.rettum.ee\/en\/wp-json\/wp\/v2\/types\/product"}],"version-history":[{"count":1,"href":"https:\/\/shop.rettum.ee\/en\/wp-json\/wp\/v2\/product\/120213\/revisions"}],"predecessor-version":[{"id":126319,"href":"https:\/\/shop.rettum.ee\/en\/wp-json\/wp\/v2\/product\/120213\/revisions\/126319"}],"wp:featuredmedia":[{"embeddable":true,"href":"https:\/\/shop.rettum.ee\/en\/wp-json\/wp\/v2\/media\/124123"}],"wp:attachment":[{"href":"https:\/\/shop.rettum.ee\/en\/wp-json\/wp\/v2\/media?parent=120213"}],"wp:term":[{"taxonomy":"product_brand","embeddable":true,"href":"https:\/\/shop.rettum.ee\/en\/wp-json\/wp\/v2\/product_brand?post=120213"},{"taxonomy":"product_cat","embeddable":true,"href":"https:\/\/shop.rettum.ee\/en\/wp-json\/wp\/v2\/product_cat?post=120213"},{"taxonomy":"product_tag","embeddable":true,"href":"https:\/\/shop.rettum.ee\/en\/wp-json\/wp\/v2\/product_tag?post=120213"},{"taxonomy":"pa_brand_name","embeddable":true,"href":"https:\/\/shop.rettum.ee\/en\/wp-json\/wp\/v2\/pa_brand_name?post=120213"}],"curies":[{"name":"wp","href":"https:\/\/api.w.org\/{rel}","templated":true}]}}