{"id":120221,"date":"2025-03-31T02:59:30","date_gmt":"2025-03-30T23:59:30","guid":{"rendered":"https:\/\/shop.rettum.ee\/toode\/23-5r25-triangle-tb516-l-3-t1-201a2-tl\/"},"modified":"2025-07-30T02:51:42","modified_gmt":"2025-07-29T23:51:42","slug":"23-5r25-triangle-tb516-l-3-t1-201a2-tl","status":"publish","type":"product","link":"https:\/\/shop.rettum.ee\/en\/product\/23-5r25-triangle-tb516-l-3-t1-201a2-tl\/","title":{"rendered":"23.5R25 Triangle TB516 L-3 T1 201A2 ** TL"},"content":{"rendered":"<p>23.5R25 Triangle TB516 L-3 T1 201A2 ** TL on usaldusv\u00e4\u00e4rne ja t\u00f6\u00f6t\u00f5hus rehvi lahendus n\u00f5udlikele t\u00f6\u00f6oludele. Tulemuslik konstruktsioon ja kaasaegsed disainilahendused tagavad \u00fchtlase ja stabiilse veeretuse nii raskete koormate juhtimisel kui ka keerulistel teeoludel s\u00f5ites. Rehvi disaini iseloomustab optimeeritud mustriga roostevaba haardumine, mis parandab pidamist ning tagab suurep\u00e4rase man\u00f6\u00f6verdusv\u00f5ime ka libedal pinnal.  <\/p>\n<p>Tootja Triangle on p\u00fchendunud kvaliteedile ja vastupidavusele, seega on selle mudeli valmistamisel kasutatud kaasaegseid tehnoloogiaid, et saavutada maksimaalne j\u00f5udlus ja pikaealisus. Tootem\u00e4rgiga TB516 sobib suurep\u00e4raselt erinevate raskete s\u00f5idukite tarbeks, tagades usaldusv\u00e4\u00e4rse ja ohutu t\u00f6\u00f6 ka k\u00f5ige n\u00f5udlikumates tingimustes. Lisaks on rehvi tubeless-konstruktsioon lihtsustanud hooldus- ja paigaldust\u00f6id, pakkudes t\u00e4iendavat turvalisust ja kulut\u00f5husust.<\/p>\n<p>Triangle TB516 L-3 T1 201A2 ** TL on ideaalne valik neile, kes hindavad kvaliteeti, vastupidavust ja efektiivset j\u00f5udlust igap\u00e4evases t\u00f6\u00f6elus.<\/p>","protected":false},"excerpt":{"rendered":"<p>23.5R25 Triangle TB516 L-3 T1 201A2 ** TL on usaldusv\u00e4\u00e4rne ja t\u00f6\u00f6t\u00f5hus rehvi lahendus n\u00f5udlikele t\u00f6\u00f6oludele. Tulemuslik konstruktsioon ja kaasaegsed disainilahendused tagavad \u00fchtlase ja stabiilse veeretuse nii raskete koormate juhtimisel kui ka keerulistel teeoludel s\u00f5ites. Rehvi disaini iseloomustab optimeeritud mustriga roostevaba haardumine, mis parandab pidamist ning tagab suurep\u00e4rase man\u00f6\u00f6verdusv\u00f5ime ka libedal pinnal. Tootja Triangle on [&hellip;]<\/p>\n","protected":false},"featured_media":124119,"template":"","meta":{"site-sidebar-layout":"default","site-content-layout":"","ast-site-content-layout":"","site-content-style":"default","site-sidebar-style":"default","ast-global-header-display":"","ast-banner-title-visibility":"","ast-main-header-display":"","ast-hfb-above-header-display":"","ast-hfb-below-header-display":"","ast-hfb-mobile-header-display":"","site-post-title":"","ast-breadcrumbs-content":"","ast-featured-img":"","footer-sml-layout":"","theme-transparent-header-meta":"","adv-header-id-meta":"","stick-header-meta":"","header-above-stick-meta":"","header-main-stick-meta":"","header-below-stick-meta":"","astra-migrate-meta-layouts":"default","ast-page-background-enabled":"default","ast-page-background-meta":{"desktop":{"background-color":"","background-image":"","background-repeat":"repeat","background-position":"center center","background-size":"auto","background-attachment":"scroll","background-type":"","background-media":"","overlay-type":"","overlay-color":"","overlay-opacity":"","overlay-gradient":""},"tablet":{"background-color":"","background-image":"","background-repeat":"repeat","background-position":"center center","background-size":"auto","background-attachment":"scroll","background-type":"","background-media":"","overlay-type":"","overlay-color":"","overlay-opacity":"","overlay-gradient":""},"mobile":{"background-color":"","background-image":"","background-repeat":"repeat","background-position":"center center","background-size":"auto","background-attachment":"scroll","background-type":"","background-media":"","overlay-type":"","overlay-color":"","overlay-opacity":"","overlay-gradient":""}},"ast-content-background-meta":{"desktop":{"background-color":"var(--ast-global-color-5)","background-image":"","background-repeat":"repeat","background-position":"center center","background-size":"auto","background-attachment":"scroll","background-type":"","background-media":"","overlay-type":"","overlay-color":"","overlay-opacity":"","overlay-gradient":""},"tablet":{"background-color":"var(--ast-global-color-5)","background-image":"","background-repeat":"repeat","background-position":"center center","background-size":"auto","background-attachment":"scroll","background-type":"","background-media":"","overlay-type":"","overlay-color":"","overlay-opacity":"","overlay-gradient":""},"mobile":{"background-color":"var(--ast-global-color-5)","background-image":"","background-repeat":"repeat","background-position":"center center","background-size":"auto","background-attachment":"scroll","background-type":"","background-media":"","overlay-type":"","overlay-color":"","overlay-opacity":"","overlay-gradient":""}}},"product_brand":[],"product_cat":[34222],"product_tag":[],"pa_brand_name":[],"class_list":{"0":"post-120221","1":"product","2":"type-product","3":"status-publish","4":"has-post-thumbnail","6":"product_cat-em-industry","7":"desktop-align-left","8":"tablet-align-left","9":"mobile-align-left","11":"first","12":"outofstock","13":"taxable","14":"shipping-taxable","15":"purchasable","16":"product-type-simple"},"_links":{"self":[{"href":"https:\/\/shop.rettum.ee\/en\/wp-json\/wp\/v2\/product\/120221","targetHints":{"allow":["GET"]}}],"collection":[{"href":"https:\/\/shop.rettum.ee\/en\/wp-json\/wp\/v2\/product"}],"about":[{"href":"https:\/\/shop.rettum.ee\/en\/wp-json\/wp\/v2\/types\/product"}],"version-history":[{"count":1,"href":"https:\/\/shop.rettum.ee\/en\/wp-json\/wp\/v2\/product\/120221\/revisions"}],"predecessor-version":[{"id":126310,"href":"https:\/\/shop.rettum.ee\/en\/wp-json\/wp\/v2\/product\/120221\/revisions\/126310"}],"wp:featuredmedia":[{"embeddable":true,"href":"https:\/\/shop.rettum.ee\/en\/wp-json\/wp\/v2\/media\/124119"}],"wp:attachment":[{"href":"https:\/\/shop.rettum.ee\/en\/wp-json\/wp\/v2\/media?parent=120221"}],"wp:term":[{"taxonomy":"product_brand","embeddable":true,"href":"https:\/\/shop.rettum.ee\/en\/wp-json\/wp\/v2\/product_brand?post=120221"},{"taxonomy":"product_cat","embeddable":true,"href":"https:\/\/shop.rettum.ee\/en\/wp-json\/wp\/v2\/product_cat?post=120221"},{"taxonomy":"product_tag","embeddable":true,"href":"https:\/\/shop.rettum.ee\/en\/wp-json\/wp\/v2\/product_tag?post=120221"},{"taxonomy":"pa_brand_name","embeddable":true,"href":"https:\/\/shop.rettum.ee\/en\/wp-json\/wp\/v2\/pa_brand_name?post=120221"}],"curies":[{"name":"wp","href":"https:\/\/api.w.org\/{rel}","templated":true}]}}