{"id":120223,"date":"2025-03-31T02:59:32","date_gmt":"2025-03-30T23:59:32","guid":{"rendered":"https:\/\/shop.rettum.ee\/toode\/235-75r17-5-dynamo-mar26-143-141j-ms-3pmsf-trailer-regional-dba70\/"},"modified":"2026-03-27T02:47:06","modified_gmt":"2026-03-27T00:47:06","slug":"235-75r17-5-dynamo-mar26-143-141j-ms-3pmsf-trailer-regional-dba70","status":"publish","type":"product","link":"https:\/\/shop.rettum.ee\/en\/product\/235-75r17-5-dynamo-mar26-143-141j-ms-3pmsf-trailer-regional-dba70\/","title":{"rendered":"235\/75R17.5 Dynamo MAR26 143\/141J M+S 3PMSF Trailer REGIONAL DBA70"},"content":{"rendered":"<p>Tutvustame rehvi 235\/75R17.5 Dynamo MAR26 \u2013 usaldusv\u00e4\u00e4rset lahendust n\u00f5udlikele veduritele ja haagistele. See kvaliteetne rehvi modelleerimine tagab stabiilsuse ja ohutuse nii kuivadel kui ka libedatel radadel. Ehitatud vastupidavust silmas pidades, suudab 143\/141J koormusn\u00e4it teie sageli raskete vedude vedamisel. M+S m\u00e4rgisega rehvl on tagatud t\u00e4iendav j\u00f5ud niisketes ja r\u00e4nikates ilmastikutingimustes, pakkudes kindlat haardet ka mudasel teel.<\/p>\n<p>Peale selle omab rehvil auv\u00e4\u00e4rtust 3PMSF \u2013 kolm tippm\u00e4gede lumes\u00fcsteemi, mis kinnitab selle suurep\u00e4raseid talviseid omadusi. Dynamo MAR26 on spetsiaalselt projekteeritud haagistele, pakkudes optimaalset j\u00f5udlust ja pikemat kasutusiga. Regional DBA70 modellijoonena vastab see rehvl rangetele kvaliteedispetsifikatsioonidele, v\u00f5imaldades s\u00f5ita turvaliselt ja kindlalt igal ajal. Valides selle rehvi, investeerite t\u00f6\u00f6kindlusse ning meelerahu, teades, et teie vedu toetab t\u00f5eliselt usaldusv\u00e4\u00e4rne komponente.<\/p>","protected":false},"excerpt":{"rendered":"<p>Tutvustame rehvi 235\/75R17.5 Dynamo MAR26 \u2013 usaldusv\u00e4\u00e4rset lahendust n\u00f5udlikele veduritele ja haagistele. See kvaliteetne rehvi modelleerimine tagab stabiilsuse ja ohutuse nii kuivadel kui ka libedatel radadel. Ehitatud vastupidavust silmas pidades, suudab 143\/141J koormusn\u00e4it teie sageli raskete vedude vedamisel. M+S m\u00e4rgisega rehvl on tagatud t\u00e4iendav j\u00f5ud niisketes ja r\u00e4nikates ilmastikutingimustes, pakkudes kindlat haardet ka mudasel teel. [&hellip;]<\/p>\n","protected":false},"featured_media":124116,"template":"","meta":{"site-sidebar-layout":"default","site-content-layout":"","ast-site-content-layout":"","site-content-style":"default","site-sidebar-style":"default","ast-global-header-display":"","ast-banner-title-visibility":"","ast-main-header-display":"","ast-hfb-above-header-display":"","ast-hfb-below-header-display":"","ast-hfb-mobile-header-display":"","site-post-title":"","ast-breadcrumbs-content":"","ast-featured-img":"","footer-sml-layout":"","theme-transparent-header-meta":"","adv-header-id-meta":"","stick-header-meta":"","header-above-stick-meta":"","header-main-stick-meta":"","header-below-stick-meta":"","astra-migrate-meta-layouts":"default","ast-page-background-enabled":"default","ast-page-background-meta":{"desktop":{"background-color":"","background-image":"","background-repeat":"repeat","background-position":"center center","background-size":"auto","background-attachment":"scroll","background-type":"","background-media":"","overlay-type":"","overlay-color":"","overlay-opacity":"","overlay-gradient":""},"tablet":{"background-color":"","background-image":"","background-repeat":"repeat","background-position":"center center","background-size":"auto","background-attachment":"scroll","background-type":"","background-media":"","overlay-type":"","overlay-color":"","overlay-opacity":"","overlay-gradient":""},"mobile":{"background-color":"","background-image":"","background-repeat":"repeat","background-position":"center center","background-size":"auto","background-attachment":"scroll","background-type":"","background-media":"","overlay-type":"","overlay-color":"","overlay-opacity":"","overlay-gradient":""}},"ast-content-background-meta":{"desktop":{"background-color":"var(--ast-global-color-5)","background-image":"","background-repeat":"repeat","background-position":"center center","background-size":"auto","background-attachment":"scroll","background-type":"","background-media":"","overlay-type":"","overlay-color":"","overlay-opacity":"","overlay-gradient":""},"tablet":{"background-color":"var(--ast-global-color-5)","background-image":"","background-repeat":"repeat","background-position":"center center","background-size":"auto","background-attachment":"scroll","background-type":"","background-media":"","overlay-type":"","overlay-color":"","overlay-opacity":"","overlay-gradient":""},"mobile":{"background-color":"var(--ast-global-color-5)","background-image":"","background-repeat":"repeat","background-position":"center center","background-size":"auto","background-attachment":"scroll","background-type":"","background-media":"","overlay-type":"","overlay-color":"","overlay-opacity":"","overlay-gradient":""}}},"product_brand":[],"product_cat":[34233],"product_tag":[],"pa_brand_name":[17833],"class_list":{"0":"post-120223","1":"product","2":"type-product","3":"status-publish","4":"has-post-thumbnail","6":"product_cat-truck-tires","7":"pa_brand_name-dynamo","8":"desktop-align-left","9":"tablet-align-left","10":"mobile-align-left","12":"first","13":"instock","14":"taxable","15":"shipping-taxable","16":"purchasable","17":"product-type-simple"},"_links":{"self":[{"href":"https:\/\/shop.rettum.ee\/en\/wp-json\/wp\/v2\/product\/120223","targetHints":{"allow":["GET"]}}],"collection":[{"href":"https:\/\/shop.rettum.ee\/en\/wp-json\/wp\/v2\/product"}],"about":[{"href":"https:\/\/shop.rettum.ee\/en\/wp-json\/wp\/v2\/types\/product"}],"version-history":[{"count":1,"href":"https:\/\/shop.rettum.ee\/en\/wp-json\/wp\/v2\/product\/120223\/revisions"}],"predecessor-version":[{"id":126303,"href":"https:\/\/shop.rettum.ee\/en\/wp-json\/wp\/v2\/product\/120223\/revisions\/126303"}],"wp:featuredmedia":[{"embeddable":true,"href":"https:\/\/shop.rettum.ee\/en\/wp-json\/wp\/v2\/media\/124116"}],"wp:attachment":[{"href":"https:\/\/shop.rettum.ee\/en\/wp-json\/wp\/v2\/media?parent=120223"}],"wp:term":[{"taxonomy":"product_brand","embeddable":true,"href":"https:\/\/shop.rettum.ee\/en\/wp-json\/wp\/v2\/product_brand?post=120223"},{"taxonomy":"product_cat","embeddable":true,"href":"https:\/\/shop.rettum.ee\/en\/wp-json\/wp\/v2\/product_cat?post=120223"},{"taxonomy":"product_tag","embeddable":true,"href":"https:\/\/shop.rettum.ee\/en\/wp-json\/wp\/v2\/product_tag?post=120223"},{"taxonomy":"pa_brand_name","embeddable":true,"href":"https:\/\/shop.rettum.ee\/en\/wp-json\/wp\/v2\/pa_brand_name?post=120223"}],"curies":[{"name":"wp","href":"https:\/\/api.w.org\/{rel}","templated":true}]}}