{"id":120226,"date":"2025-03-31T02:59:34","date_gmt":"2025-03-30T23:59:34","guid":{"rendered":"https:\/\/shop.rettum.ee\/toode\/295-80r22-5-goodride-multidrive-d2-152-149m-ms-3pmsf-drive-regional-ecb74\/"},"modified":"2026-03-22T03:03:54","modified_gmt":"2026-03-22T01:03:54","slug":"295-80r22-5-goodride-multidrive-d2-152-149m-ms-3pmsf-drive-regional-ecb74","status":"publish","type":"product","link":"https:\/\/shop.rettum.ee\/en\/product\/295-80r22-5-goodride-multidrive-d2-152-149m-ms-3pmsf-drive-regional-ecb74\/","title":{"rendered":"295\/80R22.5 Goodride MultiDrive D2 152\/149M M+S 3PMSF Drive REGIONAL ECB74"},"content":{"rendered":"<p>295\/80R22.5 Goodride MultiDrive D2 on usaldusv\u00e4\u00e4rne ja innovatiivne rehv, mis on loodud tagama maksimaalse t\u00f6\u00f6kindluse ning ohutu s\u00f5idu ka k\u00f5ige n\u00f5udlikumates tingimustes. Rehv on varustatud k\u00f5rgekvaliteedilise disainiga, mis v\u00f5imaldab \u00fchtlast kulumist ja optimeeritud veeretakistust, aidates seel\u00e4bi kaasa k\u00fctuses\u00e4\u00e4stlikkusele. 152\/149M koormusindeks tagab suure koormustaluvuse, samas kui M+S ja 3PMSF m\u00e4rgised kinnitavad rehvile suurep\u00e4rase haarduvuse nii mullas kui lumel. REGIONAL ECB74 standarditele vastav tootmine garanteerib kvaliteedikontrolli ja usaldusv\u00e4\u00e4rsust, v\u00f5imaldades rehvile pikemat kasutusiga ka rasketes t\u00f6\u00f6tingimustes.<\/p>\n<p>Goodride MultiDrive D2 on ideaalne lahendus veokitele ja rasketehnika s\u00f5idukitele, kus n\u00f5utakse parimat j\u00f5udlust nii suvel kui talvel. See rehv \u00fchendab endas efektiivse j\u00f5u\u00fclekande ja suurep\u00e4rase pidamise, pakkudes kindlustunnet igas s\u00f5idutingimuses. Valides selle rehvive, tagate oma s\u00f5idukile optimaalse stabiilsuse ja ohutuse pikemas perspektiivis.<\/p>","protected":false},"excerpt":{"rendered":"<p>295\/80R22.5 Goodride MultiDrive D2 on usaldusv\u00e4\u00e4rne ja innovatiivne rehv, mis on loodud tagama maksimaalse t\u00f6\u00f6kindluse ning ohutu s\u00f5idu ka k\u00f5ige n\u00f5udlikumates tingimustes. Rehv on varustatud k\u00f5rgekvaliteedilise disainiga, mis v\u00f5imaldab \u00fchtlast kulumist ja optimeeritud veeretakistust, aidates seel\u00e4bi kaasa k\u00fctuses\u00e4\u00e4stlikkusele. 152\/149M koormusindeks tagab suure koormustaluvuse, samas kui M+S ja 3PMSF m\u00e4rgised kinnitavad rehvile suurep\u00e4rase haarduvuse nii mullas [&hellip;]<\/p>\n","protected":false},"featured_media":124113,"template":"","meta":{"site-sidebar-layout":"default","site-content-layout":"","ast-site-content-layout":"","site-content-style":"default","site-sidebar-style":"default","ast-global-header-display":"","ast-banner-title-visibility":"","ast-main-header-display":"","ast-hfb-above-header-display":"","ast-hfb-below-header-display":"","ast-hfb-mobile-header-display":"","site-post-title":"","ast-breadcrumbs-content":"","ast-featured-img":"","footer-sml-layout":"","theme-transparent-header-meta":"","adv-header-id-meta":"","stick-header-meta":"","header-above-stick-meta":"","header-main-stick-meta":"","header-below-stick-meta":"","astra-migrate-meta-layouts":"default","ast-page-background-enabled":"default","ast-page-background-meta":{"desktop":{"background-color":"","background-image":"","background-repeat":"repeat","background-position":"center center","background-size":"auto","background-attachment":"scroll","background-type":"","background-media":"","overlay-type":"","overlay-color":"","overlay-opacity":"","overlay-gradient":""},"tablet":{"background-color":"","background-image":"","background-repeat":"repeat","background-position":"center center","background-size":"auto","background-attachment":"scroll","background-type":"","background-media":"","overlay-type":"","overlay-color":"","overlay-opacity":"","overlay-gradient":""},"mobile":{"background-color":"","background-image":"","background-repeat":"repeat","background-position":"center center","background-size":"auto","background-attachment":"scroll","background-type":"","background-media":"","overlay-type":"","overlay-color":"","overlay-opacity":"","overlay-gradient":""}},"ast-content-background-meta":{"desktop":{"background-color":"var(--ast-global-color-5)","background-image":"","background-repeat":"repeat","background-position":"center center","background-size":"auto","background-attachment":"scroll","background-type":"","background-media":"","overlay-type":"","overlay-color":"","overlay-opacity":"","overlay-gradient":""},"tablet":{"background-color":"var(--ast-global-color-5)","background-image":"","background-repeat":"repeat","background-position":"center center","background-size":"auto","background-attachment":"scroll","background-type":"","background-media":"","overlay-type":"","overlay-color":"","overlay-opacity":"","overlay-gradient":""},"mobile":{"background-color":"var(--ast-global-color-5)","background-image":"","background-repeat":"repeat","background-position":"center center","background-size":"auto","background-attachment":"scroll","background-type":"","background-media":"","overlay-type":"","overlay-color":"","overlay-opacity":"","overlay-gradient":""}}},"product_brand":[],"product_cat":[34233],"product_tag":[],"pa_brand_name":[17861],"class_list":{"0":"post-120226","1":"product","2":"type-product","3":"status-publish","4":"has-post-thumbnail","6":"product_cat-truck-tires","7":"pa_brand_name-goodride","8":"desktop-align-left","9":"tablet-align-left","10":"mobile-align-left","12":"first","13":"outofstock","14":"taxable","15":"shipping-taxable","16":"purchasable","17":"product-type-simple"},"_links":{"self":[{"href":"https:\/\/shop.rettum.ee\/en\/wp-json\/wp\/v2\/product\/120226","targetHints":{"allow":["GET"]}}],"collection":[{"href":"https:\/\/shop.rettum.ee\/en\/wp-json\/wp\/v2\/product"}],"about":[{"href":"https:\/\/shop.rettum.ee\/en\/wp-json\/wp\/v2\/types\/product"}],"version-history":[{"count":1,"href":"https:\/\/shop.rettum.ee\/en\/wp-json\/wp\/v2\/product\/120226\/revisions"}],"predecessor-version":[{"id":126300,"href":"https:\/\/shop.rettum.ee\/en\/wp-json\/wp\/v2\/product\/120226\/revisions\/126300"}],"wp:featuredmedia":[{"embeddable":true,"href":"https:\/\/shop.rettum.ee\/en\/wp-json\/wp\/v2\/media\/124113"}],"wp:attachment":[{"href":"https:\/\/shop.rettum.ee\/en\/wp-json\/wp\/v2\/media?parent=120226"}],"wp:term":[{"taxonomy":"product_brand","embeddable":true,"href":"https:\/\/shop.rettum.ee\/en\/wp-json\/wp\/v2\/product_brand?post=120226"},{"taxonomy":"product_cat","embeddable":true,"href":"https:\/\/shop.rettum.ee\/en\/wp-json\/wp\/v2\/product_cat?post=120226"},{"taxonomy":"product_tag","embeddable":true,"href":"https:\/\/shop.rettum.ee\/en\/wp-json\/wp\/v2\/product_tag?post=120226"},{"taxonomy":"pa_brand_name","embeddable":true,"href":"https:\/\/shop.rettum.ee\/en\/wp-json\/wp\/v2\/pa_brand_name?post=120226"}],"curies":[{"name":"wp","href":"https:\/\/api.w.org\/{rel}","templated":true}]}}