{"id":120230,"date":"2025-03-31T02:59:36","date_gmt":"2025-03-30T23:59:36","guid":{"rendered":"https:\/\/shop.rettum.ee\/toode\/315-80r22-5-giti-gam831-158-150k-154-150l-ms-3pmsf-steer-mixed-use-dba73\/"},"modified":"2026-03-25T02:47:11","modified_gmt":"2026-03-25T00:47:11","slug":"315-80r22-5-giti-gam831-158-150k-154-150l-ms-3pmsf-steer-mixed-use-dba73","status":"publish","type":"product","link":"https:\/\/shop.rettum.ee\/en\/product\/315-80r22-5-giti-gam831-158-150k-154-150l-ms-3pmsf-steer-mixed-use-dba73\/","title":{"rendered":"315\/80R22.5 Giti GAM831 158\/150K (154\/150L) M+S 3PMSF Steer MIXED USE DBA73"},"content":{"rendered":"<p>Giti GAM831 315\/80R22.5 on tipptasemel segakasutuseks m\u00f5eldud roolis\u00f5iduks disainitud rehv, mis tagab \u00fclimalt kindla haarduvuse ja stabiilsuse erinevates ilmastikutingimustes. Sellel rehvil on M+S ja 3PMSF klassifitseerimise m\u00e4rgised, mis annavad lisakindlust niisketel, lumistel ja mudastel teedel s\u00f5ites. Suuremahulise koormuse ja intensiivse kasutuse puhul n\u00e4itab rehvi konstruktsioon kindlat vastupidavust ning t\u00f6\u00f6kindlust.<\/p>\n<p>Rehvi m\u00f5\u00f5tmed ja koormusindeksid \u2013 158\/150K (154\/150L) \u2013 tagavad, et see sobib ideaalselt nii era- kui ka kaubikindlustuss\u00f5idukitele, pakkudes maksimaalset turvalisust ja s\u00f5idumugavust. Giti GAM831 disain on v\u00e4lja t\u00f6\u00f6tatud eriti roolis\u00f5iduks, kus n\u00f5utakse \u00fchtlasi suurep\u00e4rast j\u00f5udlust ja ohutust ka k\u00f5ige n\u00f5udlikumates t\u00f6\u00f6tingimustes. See rehv on ideaalne lahendus s\u00f5idukitele, kes peavad toime tulema mitmek\u00fclgsete ja sageli ka raskete s\u00f5idutingimustega.<\/p>\n<p>Valides Giti GAM831, investeerite usaldusv\u00e4\u00e4rsesse ja pika eluea tagavasse tootesse, mis vastab k\u00f5rgeimatele kvaliteedistandarditele ja on loodud tagama s\u00f5iduohutust igal teekonnal.<\/p>","protected":false},"excerpt":{"rendered":"<p>Giti GAM831 315\/80R22.5 on tipptasemel segakasutuseks m\u00f5eldud roolis\u00f5iduks disainitud rehv, mis tagab \u00fclimalt kindla haarduvuse ja stabiilsuse erinevates ilmastikutingimustes. Sellel rehvil on M+S ja 3PMSF klassifitseerimise m\u00e4rgised, mis annavad lisakindlust niisketel, lumistel ja mudastel teedel s\u00f5ites. Suuremahulise koormuse ja intensiivse kasutuse puhul n\u00e4itab rehvi konstruktsioon kindlat vastupidavust ning t\u00f6\u00f6kindlust. Rehvi m\u00f5\u00f5tmed ja koormusindeksid \u2013 158\/150K [&hellip;]<\/p>\n","protected":false},"featured_media":124111,"template":"","meta":{"site-sidebar-layout":"default","site-content-layout":"","ast-site-content-layout":"","site-content-style":"default","site-sidebar-style":"default","ast-global-header-display":"","ast-banner-title-visibility":"","ast-main-header-display":"","ast-hfb-above-header-display":"","ast-hfb-below-header-display":"","ast-hfb-mobile-header-display":"","site-post-title":"","ast-breadcrumbs-content":"","ast-featured-img":"","footer-sml-layout":"","theme-transparent-header-meta":"","adv-header-id-meta":"","stick-header-meta":"","header-above-stick-meta":"","header-main-stick-meta":"","header-below-stick-meta":"","astra-migrate-meta-layouts":"default","ast-page-background-enabled":"default","ast-page-background-meta":{"desktop":{"background-color":"","background-image":"","background-repeat":"repeat","background-position":"center center","background-size":"auto","background-attachment":"scroll","background-type":"","background-media":"","overlay-type":"","overlay-color":"","overlay-opacity":"","overlay-gradient":""},"tablet":{"background-color":"","background-image":"","background-repeat":"repeat","background-position":"center center","background-size":"auto","background-attachment":"scroll","background-type":"","background-media":"","overlay-type":"","overlay-color":"","overlay-opacity":"","overlay-gradient":""},"mobile":{"background-color":"","background-image":"","background-repeat":"repeat","background-position":"center center","background-size":"auto","background-attachment":"scroll","background-type":"","background-media":"","overlay-type":"","overlay-color":"","overlay-opacity":"","overlay-gradient":""}},"ast-content-background-meta":{"desktop":{"background-color":"var(--ast-global-color-5)","background-image":"","background-repeat":"repeat","background-position":"center center","background-size":"auto","background-attachment":"scroll","background-type":"","background-media":"","overlay-type":"","overlay-color":"","overlay-opacity":"","overlay-gradient":""},"tablet":{"background-color":"var(--ast-global-color-5)","background-image":"","background-repeat":"repeat","background-position":"center center","background-size":"auto","background-attachment":"scroll","background-type":"","background-media":"","overlay-type":"","overlay-color":"","overlay-opacity":"","overlay-gradient":""},"mobile":{"background-color":"var(--ast-global-color-5)","background-image":"","background-repeat":"repeat","background-position":"center center","background-size":"auto","background-attachment":"scroll","background-type":"","background-media":"","overlay-type":"","overlay-color":"","overlay-opacity":"","overlay-gradient":""}}},"product_brand":[],"product_cat":[34233],"product_tag":[],"pa_brand_name":[18153],"class_list":{"0":"post-120230","1":"product","2":"type-product","3":"status-publish","4":"has-post-thumbnail","6":"product_cat-truck-tires","7":"pa_brand_name-giti","8":"desktop-align-left","9":"tablet-align-left","10":"mobile-align-left","12":"first","13":"instock","14":"taxable","15":"shipping-taxable","16":"purchasable","17":"product-type-simple"},"_links":{"self":[{"href":"https:\/\/shop.rettum.ee\/en\/wp-json\/wp\/v2\/product\/120230","targetHints":{"allow":["GET"]}}],"collection":[{"href":"https:\/\/shop.rettum.ee\/en\/wp-json\/wp\/v2\/product"}],"about":[{"href":"https:\/\/shop.rettum.ee\/en\/wp-json\/wp\/v2\/types\/product"}],"version-history":[{"count":1,"href":"https:\/\/shop.rettum.ee\/en\/wp-json\/wp\/v2\/product\/120230\/revisions"}],"predecessor-version":[{"id":126297,"href":"https:\/\/shop.rettum.ee\/en\/wp-json\/wp\/v2\/product\/120230\/revisions\/126297"}],"wp:featuredmedia":[{"embeddable":true,"href":"https:\/\/shop.rettum.ee\/en\/wp-json\/wp\/v2\/media\/124111"}],"wp:attachment":[{"href":"https:\/\/shop.rettum.ee\/en\/wp-json\/wp\/v2\/media?parent=120230"}],"wp:term":[{"taxonomy":"product_brand","embeddable":true,"href":"https:\/\/shop.rettum.ee\/en\/wp-json\/wp\/v2\/product_brand?post=120230"},{"taxonomy":"product_cat","embeddable":true,"href":"https:\/\/shop.rettum.ee\/en\/wp-json\/wp\/v2\/product_cat?post=120230"},{"taxonomy":"product_tag","embeddable":true,"href":"https:\/\/shop.rettum.ee\/en\/wp-json\/wp\/v2\/product_tag?post=120230"},{"taxonomy":"pa_brand_name","embeddable":true,"href":"https:\/\/shop.rettum.ee\/en\/wp-json\/wp\/v2\/pa_brand_name?post=120230"}],"curies":[{"name":"wp","href":"https:\/\/api.w.org\/{rel}","templated":true}]}}