{"id":120233,"date":"2025-03-31T02:59:38","date_gmt":"2025-03-30T23:59:38","guid":{"rendered":"https:\/\/shop.rettum.ee\/toode\/385-65r22-5-giti-gam851-164k-158l-ms-3pmsf-steerandtrailer-mixed-use-cbb72\/"},"modified":"2026-03-28T02:50:41","modified_gmt":"2026-03-28T00:50:41","slug":"385-65r22-5-giti-gam851-164k-158l-ms-3pmsf-steerandtrailer-mixed-use-cbb72","status":"publish","type":"product","link":"https:\/\/shop.rettum.ee\/en\/product\/385-65r22-5-giti-gam851-164k-158l-ms-3pmsf-steerandtrailer-mixed-use-cbb72\/","title":{"rendered":"385\/65R22.5 Giti GAM851 164K (158L) M+S 3PMSF SteerAndTrailer MIXED USE CBB72"},"content":{"rendered":"<p>Tutvustame Giti GAM851 rehvi \u2013 usaldusv\u00e4\u00e4rne valik nii juhitavatele s\u00f5idukitele kui ka haagiss\u00f5idukitele. Selle 385\/65R22.5 suurusega rehvil on innovatiivne disain, mis tagab meeldej\u00e4\u00e4va vastupidavuse ja optimaalse j\u00f5udluse erinevates s\u00f5idutingimustes. Giti GAM851 on varustatud M+S (mud and snow) ning 3PMSF s\u00fcmboliga, mis kinnitab selle suurep\u00e4rast haarduvust nii lumel kui ka r\u00e4pas maastikul, pakkudes k\u00f5rgetasemelist ohutust kogu hooaja v\u00e4ltel.<\/p>\n<p>Rehvi kiirusindeks 164K (158L) ja CBB72 klassifitseering n\u00e4itavad, et see sobib ideaalselt mitmek\u00fclgseks kasutamiseks, v\u00f5imaldades sujuvat ja stabiilset s\u00f5itu igal teel. T\u00e4nu oma tugevusele ja t\u00f6\u00f6kindlusele annab Giti GAM851 kindlustunde nii rangetes t\u00f6\u00f6oludes kui ka igap\u00e4evastes s\u00f5iduoludes, tagades pikema kasutusea ja madalama kulumise.<\/p>\n<p>Vali Giti GAM851, kui otsid kvaliteetset ja mitmek\u00fclgset rehvi, mis vastab kaasaegsete s\u00f5idukite ja t\u00f6\u00f6stussektorite n\u00f5udmistele. Lubage endale parimat turvalisust ja j\u00f5udlust \u2013 Giti rehvid loovad tugeva aluse teie s\u00f5idu kogemusele.<\/p>","protected":false},"excerpt":{"rendered":"<p>Tutvustame Giti GAM851 rehvi \u2013 usaldusv\u00e4\u00e4rne valik nii juhitavatele s\u00f5idukitele kui ka haagiss\u00f5idukitele. Selle 385\/65R22.5 suurusega rehvil on innovatiivne disain, mis tagab meeldej\u00e4\u00e4va vastupidavuse ja optimaalse j\u00f5udluse erinevates s\u00f5idutingimustes. Giti GAM851 on varustatud M+S (mud and snow) ning 3PMSF s\u00fcmboliga, mis kinnitab selle suurep\u00e4rast haarduvust nii lumel kui ka r\u00e4pas maastikul, pakkudes k\u00f5rgetasemelist ohutust kogu [&hellip;]<\/p>\n","protected":false},"featured_media":124108,"template":"","meta":{"site-sidebar-layout":"default","site-content-layout":"","ast-site-content-layout":"","site-content-style":"default","site-sidebar-style":"default","ast-global-header-display":"","ast-banner-title-visibility":"","ast-main-header-display":"","ast-hfb-above-header-display":"","ast-hfb-below-header-display":"","ast-hfb-mobile-header-display":"","site-post-title":"","ast-breadcrumbs-content":"","ast-featured-img":"","footer-sml-layout":"","theme-transparent-header-meta":"","adv-header-id-meta":"","stick-header-meta":"","header-above-stick-meta":"","header-main-stick-meta":"","header-below-stick-meta":"","astra-migrate-meta-layouts":"default","ast-page-background-enabled":"default","ast-page-background-meta":{"desktop":{"background-color":"","background-image":"","background-repeat":"repeat","background-position":"center center","background-size":"auto","background-attachment":"scroll","background-type":"","background-media":"","overlay-type":"","overlay-color":"","overlay-opacity":"","overlay-gradient":""},"tablet":{"background-color":"","background-image":"","background-repeat":"repeat","background-position":"center center","background-size":"auto","background-attachment":"scroll","background-type":"","background-media":"","overlay-type":"","overlay-color":"","overlay-opacity":"","overlay-gradient":""},"mobile":{"background-color":"","background-image":"","background-repeat":"repeat","background-position":"center center","background-size":"auto","background-attachment":"scroll","background-type":"","background-media":"","overlay-type":"","overlay-color":"","overlay-opacity":"","overlay-gradient":""}},"ast-content-background-meta":{"desktop":{"background-color":"var(--ast-global-color-5)","background-image":"","background-repeat":"repeat","background-position":"center center","background-size":"auto","background-attachment":"scroll","background-type":"","background-media":"","overlay-type":"","overlay-color":"","overlay-opacity":"","overlay-gradient":""},"tablet":{"background-color":"var(--ast-global-color-5)","background-image":"","background-repeat":"repeat","background-position":"center center","background-size":"auto","background-attachment":"scroll","background-type":"","background-media":"","overlay-type":"","overlay-color":"","overlay-opacity":"","overlay-gradient":""},"mobile":{"background-color":"var(--ast-global-color-5)","background-image":"","background-repeat":"repeat","background-position":"center center","background-size":"auto","background-attachment":"scroll","background-type":"","background-media":"","overlay-type":"","overlay-color":"","overlay-opacity":"","overlay-gradient":""}}},"product_brand":[],"product_cat":[34233],"product_tag":[],"pa_brand_name":[18153],"class_list":{"0":"post-120233","1":"product","2":"type-product","3":"status-publish","4":"has-post-thumbnail","6":"product_cat-truck-tires","7":"pa_brand_name-giti","8":"desktop-align-left","9":"tablet-align-left","10":"mobile-align-left","12":"first","13":"instock","14":"taxable","15":"shipping-taxable","16":"purchasable","17":"product-type-simple"},"_links":{"self":[{"href":"https:\/\/shop.rettum.ee\/en\/wp-json\/wp\/v2\/product\/120233","targetHints":{"allow":["GET"]}}],"collection":[{"href":"https:\/\/shop.rettum.ee\/en\/wp-json\/wp\/v2\/product"}],"about":[{"href":"https:\/\/shop.rettum.ee\/en\/wp-json\/wp\/v2\/types\/product"}],"version-history":[{"count":1,"href":"https:\/\/shop.rettum.ee\/en\/wp-json\/wp\/v2\/product\/120233\/revisions"}],"predecessor-version":[{"id":126294,"href":"https:\/\/shop.rettum.ee\/en\/wp-json\/wp\/v2\/product\/120233\/revisions\/126294"}],"wp:featuredmedia":[{"embeddable":true,"href":"https:\/\/shop.rettum.ee\/en\/wp-json\/wp\/v2\/media\/124108"}],"wp:attachment":[{"href":"https:\/\/shop.rettum.ee\/en\/wp-json\/wp\/v2\/media?parent=120233"}],"wp:term":[{"taxonomy":"product_brand","embeddable":true,"href":"https:\/\/shop.rettum.ee\/en\/wp-json\/wp\/v2\/product_brand?post=120233"},{"taxonomy":"product_cat","embeddable":true,"href":"https:\/\/shop.rettum.ee\/en\/wp-json\/wp\/v2\/product_cat?post=120233"},{"taxonomy":"product_tag","embeddable":true,"href":"https:\/\/shop.rettum.ee\/en\/wp-json\/wp\/v2\/product_tag?post=120233"},{"taxonomy":"pa_brand_name","embeddable":true,"href":"https:\/\/shop.rettum.ee\/en\/wp-json\/wp\/v2\/pa_brand_name?post=120233"}],"curies":[{"name":"wp","href":"https:\/\/api.w.org\/{rel}","templated":true}]}}