{"id":120236,"date":"2025-03-31T02:59:40","date_gmt":"2025-03-30T23:59:40","guid":{"rendered":"https:\/\/shop.rettum.ee\/toode\/385-65r22-5-westlake-premium-wtr1-164k-ms-3pmsf-steerandtrailer-regional-ccb71\/"},"modified":"2026-03-22T03:03:56","modified_gmt":"2026-03-22T01:03:56","slug":"385-65r22-5-westlake-premium-wtr1-164k-ms-3pmsf-steerandtrailer-regional-ccb71","status":"publish","type":"product","link":"https:\/\/shop.rettum.ee\/en\/product\/385-65r22-5-westlake-premium-wtr1-164k-ms-3pmsf-steerandtrailer-regional-ccb71\/","title":{"rendered":"385\/65R22.5 Westlake Premium WTR1 164K M+S 3PMSF SteerAndTrailer REGIONAL CCB71"},"content":{"rendered":"<p>Avasta uue taseme s\u00f5iduk\u00fcberturvalisus ja stabiilsus Westlake Premium WTR1 rehvidega. Mudel 385\/65R22.5 on loodud nii esirehvideks kui ka haagisteks ning vastab rangedatele M+S ja 3PMSF n\u00f5uetele, tagades suurep\u00e4rase haarduvuse ka libedal ja lumisel pinnasel. Rehvi koormusindeks 164K kinnitab selle vastupidavust ja robustset ehitust, muutes selle ideaalseks intensiivseks regional s\u00f5iduks ja raskeks kaubaveoks.<\/p>\n<p>Innovatiivne disain pakub optimaalseid s\u00f5idutingimusi, v\u00e4hendades vibratsiooni ja parandades k\u00fctuses\u00e4\u00e4stu. Westlake Premium WTR1 on loodud pakkuma usaldusv\u00e4\u00e4rset j\u00f5udlust nii igap\u00e4evasel t\u00f6\u00f6tingimustel kui ka n\u00f5udlike s\u00f5idulade ajal. REGIONAL CCB71 kategooria lisab veelgi kindlust ja tunnustust selle v\u00e4lja t\u00f6\u00f6tatud rehvi kvaliteedile.<\/p>\n<p>Valides Westlake Premium WTR1, tagate endale maksimaalse turvalisuse ja stabiilsuse k\u00f5ikides s\u00f5idutingimustes, olgu tegemist sageli muutuva kliimaga v\u00f5i n\u00f5udlike teeoludega. Uuenduslik ja tugev disain teeb sellest rehvist usaldusv\u00e4\u00e4rse partneri nii n\u00f5udlikele kommertss\u00f5idukitele kui ka rasketele haagistele.<\/p>","protected":false},"excerpt":{"rendered":"<p>Avasta uue taseme s\u00f5iduk\u00fcberturvalisus ja stabiilsus Westlake Premium WTR1 rehvidega. Mudel 385\/65R22.5 on loodud nii esirehvideks kui ka haagisteks ning vastab rangedatele M+S ja 3PMSF n\u00f5uetele, tagades suurep\u00e4rase haarduvuse ka libedal ja lumisel pinnasel. Rehvi koormusindeks 164K kinnitab selle vastupidavust ja robustset ehitust, muutes selle ideaalseks intensiivseks regional s\u00f5iduks ja raskeks kaubaveoks. Innovatiivne disain pakub [&hellip;]<\/p>\n","protected":false},"featured_media":124105,"template":"","meta":{"site-sidebar-layout":"default","site-content-layout":"","ast-site-content-layout":"","site-content-style":"default","site-sidebar-style":"default","ast-global-header-display":"","ast-banner-title-visibility":"","ast-main-header-display":"","ast-hfb-above-header-display":"","ast-hfb-below-header-display":"","ast-hfb-mobile-header-display":"","site-post-title":"","ast-breadcrumbs-content":"","ast-featured-img":"","footer-sml-layout":"","theme-transparent-header-meta":"","adv-header-id-meta":"","stick-header-meta":"","header-above-stick-meta":"","header-main-stick-meta":"","header-below-stick-meta":"","astra-migrate-meta-layouts":"default","ast-page-background-enabled":"default","ast-page-background-meta":{"desktop":{"background-color":"","background-image":"","background-repeat":"repeat","background-position":"center center","background-size":"auto","background-attachment":"scroll","background-type":"","background-media":"","overlay-type":"","overlay-color":"","overlay-opacity":"","overlay-gradient":""},"tablet":{"background-color":"","background-image":"","background-repeat":"repeat","background-position":"center center","background-size":"auto","background-attachment":"scroll","background-type":"","background-media":"","overlay-type":"","overlay-color":"","overlay-opacity":"","overlay-gradient":""},"mobile":{"background-color":"","background-image":"","background-repeat":"repeat","background-position":"center center","background-size":"auto","background-attachment":"scroll","background-type":"","background-media":"","overlay-type":"","overlay-color":"","overlay-opacity":"","overlay-gradient":""}},"ast-content-background-meta":{"desktop":{"background-color":"var(--ast-global-color-5)","background-image":"","background-repeat":"repeat","background-position":"center center","background-size":"auto","background-attachment":"scroll","background-type":"","background-media":"","overlay-type":"","overlay-color":"","overlay-opacity":"","overlay-gradient":""},"tablet":{"background-color":"var(--ast-global-color-5)","background-image":"","background-repeat":"repeat","background-position":"center center","background-size":"auto","background-attachment":"scroll","background-type":"","background-media":"","overlay-type":"","overlay-color":"","overlay-opacity":"","overlay-gradient":""},"mobile":{"background-color":"var(--ast-global-color-5)","background-image":"","background-repeat":"repeat","background-position":"center center","background-size":"auto","background-attachment":"scroll","background-type":"","background-media":"","overlay-type":"","overlay-color":"","overlay-opacity":"","overlay-gradient":""}}},"product_brand":[],"product_cat":[34233],"product_tag":[],"pa_brand_name":[34815],"class_list":{"0":"post-120236","1":"product","2":"type-product","3":"status-publish","4":"has-post-thumbnail","6":"product_cat-truck-tires","7":"pa_brand_name-westlake-premium","8":"desktop-align-left","9":"tablet-align-left","10":"mobile-align-left","12":"first","13":"outofstock","14":"taxable","15":"shipping-taxable","16":"purchasable","17":"product-type-simple"},"_links":{"self":[{"href":"https:\/\/shop.rettum.ee\/en\/wp-json\/wp\/v2\/product\/120236","targetHints":{"allow":["GET"]}}],"collection":[{"href":"https:\/\/shop.rettum.ee\/en\/wp-json\/wp\/v2\/product"}],"about":[{"href":"https:\/\/shop.rettum.ee\/en\/wp-json\/wp\/v2\/types\/product"}],"version-history":[{"count":1,"href":"https:\/\/shop.rettum.ee\/en\/wp-json\/wp\/v2\/product\/120236\/revisions"}],"predecessor-version":[{"id":126290,"href":"https:\/\/shop.rettum.ee\/en\/wp-json\/wp\/v2\/product\/120236\/revisions\/126290"}],"wp:featuredmedia":[{"embeddable":true,"href":"https:\/\/shop.rettum.ee\/en\/wp-json\/wp\/v2\/media\/124105"}],"wp:attachment":[{"href":"https:\/\/shop.rettum.ee\/en\/wp-json\/wp\/v2\/media?parent=120236"}],"wp:term":[{"taxonomy":"product_brand","embeddable":true,"href":"https:\/\/shop.rettum.ee\/en\/wp-json\/wp\/v2\/product_brand?post=120236"},{"taxonomy":"product_cat","embeddable":true,"href":"https:\/\/shop.rettum.ee\/en\/wp-json\/wp\/v2\/product_cat?post=120236"},{"taxonomy":"product_tag","embeddable":true,"href":"https:\/\/shop.rettum.ee\/en\/wp-json\/wp\/v2\/product_tag?post=120236"},{"taxonomy":"pa_brand_name","embeddable":true,"href":"https:\/\/shop.rettum.ee\/en\/wp-json\/wp\/v2\/pa_brand_name?post=120236"}],"curies":[{"name":"wp","href":"https:\/\/api.w.org\/{rel}","templated":true}]}}