{"id":120238,"date":"2025-03-31T02:59:41","date_gmt":"2025-03-30T23:59:41","guid":{"rendered":"https:\/\/shop.rettum.ee\/toode\/385-65r22-5-giti-gtr955-164k-158l-ms-3pmsf-trailer-regional-bba71\/"},"modified":"2026-01-29T02:45:32","modified_gmt":"2026-01-29T00:45:32","slug":"385-65r22-5-giti-gtr955-164k-158l-ms-3pmsf-trailer-regional-bba71","status":"publish","type":"product","link":"https:\/\/shop.rettum.ee\/en\/product\/385-65r22-5-giti-gtr955-164k-158l-ms-3pmsf-trailer-regional-bba71\/","title":{"rendered":"385\/65R22.5 Giti GTR955 164K (158L) M+S 3PMSF Trailer REGIONAL BBA71"},"content":{"rendered":"<p>Tutvustame 385\/65R22.5 Giti GTR955 164K (158L) M+S 3PMSF Trailer REGIONAL BBA71 rehviga uut standardit esitada. See kvaliteetne rehvidisain on loodud spetsiaalselt haagiss\u00f5idukitele, pakkudes usaldusv\u00e4\u00e4rset j\u00f5udlust erinevates s\u00f5iduoludes. M+S (mud and snow) ning 3PMSF s\u00fcmbolid kinnitavad rehvi v\u00f5imekust keerulistel ja lumistel teedel, muutes selle ideaalseks valikuks talvisteks tingimusteks, kus turvalisus ja haarduvus on esmat\u00e4htsad.<\/p>\n<p>Rehvi suur m\u00f5\u00f5t 385\/65R22.5 tagab suure v\u00f5imekuse ja stabiilsuse isegi raske koorma korral. Suur koormusindeks 164K (alternatiivne 158L) lisab t\u00e4iendavat tugevust ja vastupidavust, v\u00f5imaldades taluda pikka t\u00f6\u00f6aega karmides tingimustes. REGIONAALNE versioon ja BBA71 kood annavad m\u00f5ista, et tegemist on hoolikalt testitud ja kohandatud mudeliga, mis vastab rangetele kvaliteedistandarditele ning on valmistatud spetsiaalselt kohalike tingimuste arvestamiseks.<\/p>\n<p>Giti GTR955 rehvid on parim valik neile, kes otsivad turvalist, kestvat ja funktsionaalset lahendust oma haagis\u00f5idukite varustamisel. Investige kvaliteeti ja nautige muretut s\u00f5itu igas ilmastikutingimuses!<\/p>","protected":false},"excerpt":{"rendered":"<p>Tutvustame 385\/65R22.5 Giti GTR955 164K (158L) M+S 3PMSF Trailer REGIONAL BBA71 rehviga uut standardit esitada. See kvaliteetne rehvidisain on loodud spetsiaalselt haagiss\u00f5idukitele, pakkudes usaldusv\u00e4\u00e4rset j\u00f5udlust erinevates s\u00f5iduoludes. M+S (mud and snow) ning 3PMSF s\u00fcmbolid kinnitavad rehvi v\u00f5imekust keerulistel ja lumistel teedel, muutes selle ideaalseks valikuks talvisteks tingimusteks, kus turvalisus ja haarduvus on esmat\u00e4htsad. Rehvi suur [&hellip;]<\/p>\n","protected":false},"featured_media":124104,"template":"","meta":{"site-sidebar-layout":"default","site-content-layout":"","ast-site-content-layout":"","site-content-style":"default","site-sidebar-style":"default","ast-global-header-display":"","ast-banner-title-visibility":"","ast-main-header-display":"","ast-hfb-above-header-display":"","ast-hfb-below-header-display":"","ast-hfb-mobile-header-display":"","site-post-title":"","ast-breadcrumbs-content":"","ast-featured-img":"","footer-sml-layout":"","theme-transparent-header-meta":"","adv-header-id-meta":"","stick-header-meta":"","header-above-stick-meta":"","header-main-stick-meta":"","header-below-stick-meta":"","astra-migrate-meta-layouts":"default","ast-page-background-enabled":"default","ast-page-background-meta":{"desktop":{"background-color":"","background-image":"","background-repeat":"repeat","background-position":"center center","background-size":"auto","background-attachment":"scroll","background-type":"","background-media":"","overlay-type":"","overlay-color":"","overlay-opacity":"","overlay-gradient":""},"tablet":{"background-color":"","background-image":"","background-repeat":"repeat","background-position":"center center","background-size":"auto","background-attachment":"scroll","background-type":"","background-media":"","overlay-type":"","overlay-color":"","overlay-opacity":"","overlay-gradient":""},"mobile":{"background-color":"","background-image":"","background-repeat":"repeat","background-position":"center center","background-size":"auto","background-attachment":"scroll","background-type":"","background-media":"","overlay-type":"","overlay-color":"","overlay-opacity":"","overlay-gradient":""}},"ast-content-background-meta":{"desktop":{"background-color":"var(--ast-global-color-5)","background-image":"","background-repeat":"repeat","background-position":"center center","background-size":"auto","background-attachment":"scroll","background-type":"","background-media":"","overlay-type":"","overlay-color":"","overlay-opacity":"","overlay-gradient":""},"tablet":{"background-color":"var(--ast-global-color-5)","background-image":"","background-repeat":"repeat","background-position":"center center","background-size":"auto","background-attachment":"scroll","background-type":"","background-media":"","overlay-type":"","overlay-color":"","overlay-opacity":"","overlay-gradient":""},"mobile":{"background-color":"var(--ast-global-color-5)","background-image":"","background-repeat":"repeat","background-position":"center center","background-size":"auto","background-attachment":"scroll","background-type":"","background-media":"","overlay-type":"","overlay-color":"","overlay-opacity":"","overlay-gradient":""}}},"product_brand":[],"product_cat":[34233],"product_tag":[],"pa_brand_name":[18153],"class_list":{"0":"post-120238","1":"product","2":"type-product","3":"status-publish","4":"has-post-thumbnail","6":"product_cat-truck-tires","7":"pa_brand_name-giti","8":"desktop-align-left","9":"tablet-align-left","10":"mobile-align-left","12":"first","13":"outofstock","14":"taxable","15":"shipping-taxable","16":"purchasable","17":"product-type-simple"},"_links":{"self":[{"href":"https:\/\/shop.rettum.ee\/en\/wp-json\/wp\/v2\/product\/120238","targetHints":{"allow":["GET"]}}],"collection":[{"href":"https:\/\/shop.rettum.ee\/en\/wp-json\/wp\/v2\/product"}],"about":[{"href":"https:\/\/shop.rettum.ee\/en\/wp-json\/wp\/v2\/types\/product"}],"version-history":[{"count":1,"href":"https:\/\/shop.rettum.ee\/en\/wp-json\/wp\/v2\/product\/120238\/revisions"}],"predecessor-version":[{"id":126289,"href":"https:\/\/shop.rettum.ee\/en\/wp-json\/wp\/v2\/product\/120238\/revisions\/126289"}],"wp:featuredmedia":[{"embeddable":true,"href":"https:\/\/shop.rettum.ee\/en\/wp-json\/wp\/v2\/media\/124104"}],"wp:attachment":[{"href":"https:\/\/shop.rettum.ee\/en\/wp-json\/wp\/v2\/media?parent=120238"}],"wp:term":[{"taxonomy":"product_brand","embeddable":true,"href":"https:\/\/shop.rettum.ee\/en\/wp-json\/wp\/v2\/product_brand?post=120238"},{"taxonomy":"product_cat","embeddable":true,"href":"https:\/\/shop.rettum.ee\/en\/wp-json\/wp\/v2\/product_cat?post=120238"},{"taxonomy":"product_tag","embeddable":true,"href":"https:\/\/shop.rettum.ee\/en\/wp-json\/wp\/v2\/product_tag?post=120238"},{"taxonomy":"pa_brand_name","embeddable":true,"href":"https:\/\/shop.rettum.ee\/en\/wp-json\/wp\/v2\/pa_brand_name?post=120238"}],"curies":[{"name":"wp","href":"https:\/\/api.w.org\/{rel}","templated":true}]}}