{"id":120239,"date":"2025-03-31T02:59:42","date_gmt":"2025-03-30T23:59:42","guid":{"rendered":"https:\/\/shop.rettum.ee\/toode\/235-75r17-5-dynamo-mdr78-143-141l-ms-3pmsf-drive-regional-dcb73\/"},"modified":"2025-11-28T02:45:28","modified_gmt":"2025-11-28T00:45:28","slug":"235-75r17-5-dynamo-mdr78-143-141l-ms-3pmsf-drive-regional-dcb73","status":"publish","type":"product","link":"https:\/\/shop.rettum.ee\/en\/product\/235-75r17-5-dynamo-mdr78-143-141l-ms-3pmsf-drive-regional-dcb73\/","title":{"rendered":"235\/75R17.5 Dynamo MDR78 143\/141L M+S 3PMSF Drive REGIONAL DCB73"},"content":{"rendered":"<p>Dynamo MDR78 235\/75R17.5 rehvi mudel \u00fchendab kaasaegse disaini ja tipptasemel tehnoloogia, et pakkuda usaldusv\u00e4\u00e4rset s\u00f5idukogemust igasugustes teeoludes. Rehvi muljetavaldav koormusindeks 143\/141L tagab, et see suudab kanda n\u00f5udlikke koormusi, muutes selle ideaalseks nii t\u00f6\u00f6kasutuseks kui ka igap\u00e4evaseks s\u00f5iduks.<\/p>\n<p>M+S ehk mudal ja lumel s\u00f5itmise m\u00e4rge ning 3PMSF sertifikaat kinnitavad rehvi v\u00f5imekust pakkuda kindlat pidamist ja ohutut s\u00f5itu ka n\u00f5udlikes talvetingimustes. REGIONAL DCB73 tehnoloogiline lahendus tagab sujuva ja stabiilse s\u00f5idukogemuse, v\u00f5imaldades rehvil kohaneda erinevate teede ja ilmaoludega.<\/p>\n<p>Valides Dynamo MDR78 rehvi, panustate s\u00f5iduki t\u00f6\u00f6kindluse ja pikema kasutusea saavutamisse, mis annab teile muretu ja turvalise s\u00f5iduoleku igas olukorras.<\/p>","protected":false},"excerpt":{"rendered":"<p>Dynamo MDR78 235\/75R17.5 rehvi mudel \u00fchendab kaasaegse disaini ja tipptasemel tehnoloogia, et pakkuda usaldusv\u00e4\u00e4rset s\u00f5idukogemust igasugustes teeoludes. Rehvi muljetavaldav koormusindeks 143\/141L tagab, et see suudab kanda n\u00f5udlikke koormusi, muutes selle ideaalseks nii t\u00f6\u00f6kasutuseks kui ka igap\u00e4evaseks s\u00f5iduks. M+S ehk mudal ja lumel s\u00f5itmise m\u00e4rge ning 3PMSF sertifikaat kinnitavad rehvi v\u00f5imekust pakkuda kindlat pidamist ja ohutut [&hellip;]<\/p>\n","protected":false},"featured_media":124102,"template":"","meta":{"site-sidebar-layout":"default","site-content-layout":"","ast-site-content-layout":"","site-content-style":"default","site-sidebar-style":"default","ast-global-header-display":"","ast-banner-title-visibility":"","ast-main-header-display":"","ast-hfb-above-header-display":"","ast-hfb-below-header-display":"","ast-hfb-mobile-header-display":"","site-post-title":"","ast-breadcrumbs-content":"","ast-featured-img":"","footer-sml-layout":"","theme-transparent-header-meta":"","adv-header-id-meta":"","stick-header-meta":"","header-above-stick-meta":"","header-main-stick-meta":"","header-below-stick-meta":"","astra-migrate-meta-layouts":"default","ast-page-background-enabled":"default","ast-page-background-meta":{"desktop":{"background-color":"","background-image":"","background-repeat":"repeat","background-position":"center center","background-size":"auto","background-attachment":"scroll","background-type":"","background-media":"","overlay-type":"","overlay-color":"","overlay-opacity":"","overlay-gradient":""},"tablet":{"background-color":"","background-image":"","background-repeat":"repeat","background-position":"center center","background-size":"auto","background-attachment":"scroll","background-type":"","background-media":"","overlay-type":"","overlay-color":"","overlay-opacity":"","overlay-gradient":""},"mobile":{"background-color":"","background-image":"","background-repeat":"repeat","background-position":"center center","background-size":"auto","background-attachment":"scroll","background-type":"","background-media":"","overlay-type":"","overlay-color":"","overlay-opacity":"","overlay-gradient":""}},"ast-content-background-meta":{"desktop":{"background-color":"var(--ast-global-color-5)","background-image":"","background-repeat":"repeat","background-position":"center center","background-size":"auto","background-attachment":"scroll","background-type":"","background-media":"","overlay-type":"","overlay-color":"","overlay-opacity":"","overlay-gradient":""},"tablet":{"background-color":"var(--ast-global-color-5)","background-image":"","background-repeat":"repeat","background-position":"center center","background-size":"auto","background-attachment":"scroll","background-type":"","background-media":"","overlay-type":"","overlay-color":"","overlay-opacity":"","overlay-gradient":""},"mobile":{"background-color":"var(--ast-global-color-5)","background-image":"","background-repeat":"repeat","background-position":"center center","background-size":"auto","background-attachment":"scroll","background-type":"","background-media":"","overlay-type":"","overlay-color":"","overlay-opacity":"","overlay-gradient":""}}},"product_brand":[],"product_cat":[34233],"product_tag":[],"pa_brand_name":[17833],"class_list":{"0":"post-120239","1":"product","2":"type-product","3":"status-publish","4":"has-post-thumbnail","6":"product_cat-truck-tires","7":"pa_brand_name-dynamo","8":"desktop-align-left","9":"tablet-align-left","10":"mobile-align-left","12":"first","13":"outofstock","14":"taxable","15":"shipping-taxable","16":"purchasable","17":"product-type-simple"},"_links":{"self":[{"href":"https:\/\/shop.rettum.ee\/en\/wp-json\/wp\/v2\/product\/120239","targetHints":{"allow":["GET"]}}],"collection":[{"href":"https:\/\/shop.rettum.ee\/en\/wp-json\/wp\/v2\/product"}],"about":[{"href":"https:\/\/shop.rettum.ee\/en\/wp-json\/wp\/v2\/types\/product"}],"version-history":[{"count":1,"href":"https:\/\/shop.rettum.ee\/en\/wp-json\/wp\/v2\/product\/120239\/revisions"}],"predecessor-version":[{"id":126286,"href":"https:\/\/shop.rettum.ee\/en\/wp-json\/wp\/v2\/product\/120239\/revisions\/126286"}],"wp:featuredmedia":[{"embeddable":true,"href":"https:\/\/shop.rettum.ee\/en\/wp-json\/wp\/v2\/media\/124102"}],"wp:attachment":[{"href":"https:\/\/shop.rettum.ee\/en\/wp-json\/wp\/v2\/media?parent=120239"}],"wp:term":[{"taxonomy":"product_brand","embeddable":true,"href":"https:\/\/shop.rettum.ee\/en\/wp-json\/wp\/v2\/product_brand?post=120239"},{"taxonomy":"product_cat","embeddable":true,"href":"https:\/\/shop.rettum.ee\/en\/wp-json\/wp\/v2\/product_cat?post=120239"},{"taxonomy":"product_tag","embeddable":true,"href":"https:\/\/shop.rettum.ee\/en\/wp-json\/wp\/v2\/product_tag?post=120239"},{"taxonomy":"pa_brand_name","embeddable":true,"href":"https:\/\/shop.rettum.ee\/en\/wp-json\/wp\/v2\/pa_brand_name?post=120239"}],"curies":[{"name":"wp","href":"https:\/\/api.w.org\/{rel}","templated":true}]}}