{"id":120240,"date":"2025-03-31T02:59:42","date_gmt":"2025-03-30T23:59:42","guid":{"rendered":"https:\/\/shop.rettum.ee\/toode\/285-70r19-5-dynamo-mar62-146-144m-ms-3pmsf-steer-regional-dbb72\/"},"modified":"2026-03-28T02:50:41","modified_gmt":"2026-03-28T00:50:41","slug":"285-70r19-5-dynamo-mar62-146-144m-ms-3pmsf-steer-regional-dbb72","status":"publish","type":"product","link":"https:\/\/shop.rettum.ee\/en\/product\/285-70r19-5-dynamo-mar62-146-144m-ms-3pmsf-steer-regional-dbb72\/","title":{"rendered":"285\/70R19.5 Dynamo MAR62 146\/144M M+S 3PMSF Steer REGIONAL DBB72"},"content":{"rendered":"<p>Tutvustame uut 285\/70R19.5 Dynamo MAR62 rehvi, mis on loodud t\u00e4itma kaubikute ja raskete s\u00f5idukite n\u00f5udlikke vajadusi. Selle uuendusliku disaini ja tipptasemel tehnoloogiaga rehvi on valmistatud vastupidavust ja stabiilsust silmas pidades, pakkudes suurep\u00e4rast haarduvust ja ohutut s\u00f5idukogemust igal teekonnal.<\/p>\n<p>Rehvi m\u00f5\u00f5tmed ja koormusindeksid 146\/144M tagavad kindla j\u00f5udluse nii igap\u00e4evases s\u00f5idu- kui ka eritingimustes. M+S (mud and snow) klassifikaatsioon ning 3PMSF s\u00fcmbol kinnitavad rehvi sobivust ka karmimates talvisetes tingimustes, pakkudes kindlat haardumist lume ja r\u00e4ni katmisel. <\/p>\n<p>Eriliselt disainitud Steer mudel on m\u00f5eldud juhtasteks, kus reeglitele ja ohutusele p\u00f6\u00f6ratakse eriti suurt t\u00e4helepanu. REGIONAL DBB72 viitab rehvi spetsiifilisele disainile ja kohandusele, mis vastab kohalike n\u00f5uete ja s\u00f5idutingimuste ootustele. <\/p>\n<p>Dynamo MAR62 rehvid tagavad pikema eluea, t\u00f5husa k\u00fctusekulu ning suurep\u00e4rase stabiilsuse ja man\u00f6\u00f6verdusv\u00f5ime. Valides selle usaldusv\u00e4\u00e4rse ja kvaliteetse rehvi, panustate ohutusse ja s\u00f5idumugavusse igal teekonnal.<\/p>","protected":false},"excerpt":{"rendered":"<p>Tutvustame uut 285\/70R19.5 Dynamo MAR62 rehvi, mis on loodud t\u00e4itma kaubikute ja raskete s\u00f5idukite n\u00f5udlikke vajadusi. Selle uuendusliku disaini ja tipptasemel tehnoloogiaga rehvi on valmistatud vastupidavust ja stabiilsust silmas pidades, pakkudes suurep\u00e4rast haarduvust ja ohutut s\u00f5idukogemust igal teekonnal. Rehvi m\u00f5\u00f5tmed ja koormusindeksid 146\/144M tagavad kindla j\u00f5udluse nii igap\u00e4evases s\u00f5idu- kui ka eritingimustes. M+S (mud and [&hellip;]<\/p>\n","protected":false},"featured_media":124103,"template":"","meta":{"site-sidebar-layout":"default","site-content-layout":"","ast-site-content-layout":"","site-content-style":"default","site-sidebar-style":"default","ast-global-header-display":"","ast-banner-title-visibility":"","ast-main-header-display":"","ast-hfb-above-header-display":"","ast-hfb-below-header-display":"","ast-hfb-mobile-header-display":"","site-post-title":"","ast-breadcrumbs-content":"","ast-featured-img":"","footer-sml-layout":"","theme-transparent-header-meta":"","adv-header-id-meta":"","stick-header-meta":"","header-above-stick-meta":"","header-main-stick-meta":"","header-below-stick-meta":"","astra-migrate-meta-layouts":"default","ast-page-background-enabled":"default","ast-page-background-meta":{"desktop":{"background-color":"","background-image":"","background-repeat":"repeat","background-position":"center center","background-size":"auto","background-attachment":"scroll","background-type":"","background-media":"","overlay-type":"","overlay-color":"","overlay-opacity":"","overlay-gradient":""},"tablet":{"background-color":"","background-image":"","background-repeat":"repeat","background-position":"center center","background-size":"auto","background-attachment":"scroll","background-type":"","background-media":"","overlay-type":"","overlay-color":"","overlay-opacity":"","overlay-gradient":""},"mobile":{"background-color":"","background-image":"","background-repeat":"repeat","background-position":"center center","background-size":"auto","background-attachment":"scroll","background-type":"","background-media":"","overlay-type":"","overlay-color":"","overlay-opacity":"","overlay-gradient":""}},"ast-content-background-meta":{"desktop":{"background-color":"var(--ast-global-color-5)","background-image":"","background-repeat":"repeat","background-position":"center center","background-size":"auto","background-attachment":"scroll","background-type":"","background-media":"","overlay-type":"","overlay-color":"","overlay-opacity":"","overlay-gradient":""},"tablet":{"background-color":"var(--ast-global-color-5)","background-image":"","background-repeat":"repeat","background-position":"center center","background-size":"auto","background-attachment":"scroll","background-type":"","background-media":"","overlay-type":"","overlay-color":"","overlay-opacity":"","overlay-gradient":""},"mobile":{"background-color":"var(--ast-global-color-5)","background-image":"","background-repeat":"repeat","background-position":"center center","background-size":"auto","background-attachment":"scroll","background-type":"","background-media":"","overlay-type":"","overlay-color":"","overlay-opacity":"","overlay-gradient":""}}},"product_brand":[],"product_cat":[34233],"product_tag":[],"pa_brand_name":[17833],"class_list":{"0":"post-120240","1":"product","2":"type-product","3":"status-publish","4":"has-post-thumbnail","6":"product_cat-truck-tires","7":"pa_brand_name-dynamo","8":"desktop-align-left","9":"tablet-align-left","10":"mobile-align-left","12":"first","13":"instock","14":"taxable","15":"shipping-taxable","16":"purchasable","17":"product-type-simple"},"_links":{"self":[{"href":"https:\/\/shop.rettum.ee\/en\/wp-json\/wp\/v2\/product\/120240","targetHints":{"allow":["GET"]}}],"collection":[{"href":"https:\/\/shop.rettum.ee\/en\/wp-json\/wp\/v2\/product"}],"about":[{"href":"https:\/\/shop.rettum.ee\/en\/wp-json\/wp\/v2\/types\/product"}],"version-history":[{"count":1,"href":"https:\/\/shop.rettum.ee\/en\/wp-json\/wp\/v2\/product\/120240\/revisions"}],"predecessor-version":[{"id":126287,"href":"https:\/\/shop.rettum.ee\/en\/wp-json\/wp\/v2\/product\/120240\/revisions\/126287"}],"wp:featuredmedia":[{"embeddable":true,"href":"https:\/\/shop.rettum.ee\/en\/wp-json\/wp\/v2\/media\/124103"}],"wp:attachment":[{"href":"https:\/\/shop.rettum.ee\/en\/wp-json\/wp\/v2\/media?parent=120240"}],"wp:term":[{"taxonomy":"product_brand","embeddable":true,"href":"https:\/\/shop.rettum.ee\/en\/wp-json\/wp\/v2\/product_brand?post=120240"},{"taxonomy":"product_cat","embeddable":true,"href":"https:\/\/shop.rettum.ee\/en\/wp-json\/wp\/v2\/product_cat?post=120240"},{"taxonomy":"product_tag","embeddable":true,"href":"https:\/\/shop.rettum.ee\/en\/wp-json\/wp\/v2\/product_tag?post=120240"},{"taxonomy":"pa_brand_name","embeddable":true,"href":"https:\/\/shop.rettum.ee\/en\/wp-json\/wp\/v2\/pa_brand_name?post=120240"}],"curies":[{"name":"wp","href":"https:\/\/api.w.org\/{rel}","templated":true}]}}