{"id":120245,"date":"2025-03-31T02:59:45","date_gmt":"2025-03-30T23:59:45","guid":{"rendered":"https:\/\/shop.rettum.ee\/toode\/315-80r22-5-giti-gsr225-158-150l-154-150m-ms-3pmsf-steer-regional-cba71\/"},"modified":"2026-03-22T03:04:00","modified_gmt":"2026-03-22T01:04:00","slug":"315-80r22-5-giti-gsr225-158-150l-154-150m-ms-3pmsf-steer-regional-cba71","status":"publish","type":"product","link":"https:\/\/shop.rettum.ee\/en\/product\/315-80r22-5-giti-gsr225-158-150l-154-150m-ms-3pmsf-steer-regional-cba71\/","title":{"rendered":"315\/80R22.5 Giti GSR225 158\/150L (154\/150M) M+S 3PMSF Steer REGIONAL CBA71"},"content":{"rendered":"<p>Tutvustame uue Giti GSR225 rehvi, mida t\u00e4histab tehniline suurus 315\/80R22.5 ja millele on lisatud load ning kiirusm\u00e4rkused 158\/150L (154\/150M). See tipptasemel rehvimudel on loodud n\u00f5udlikele tingimustele, pakkudes usaldusv\u00e4\u00e4rset sooritust nii ujumisel ning s\u00f5idul erinevates ilmastikutingimustes, nagu m\u00e4rg ja lumine tee. M+S (mud and snow) ning 3PMSF (kolmerealise m\u00e4etippude lumem\u00e4rgis) sertifikaadid kinnitavad rehvi \u00fcletamatut suutlikkust tormistes oludes ja keerulistel radadel.<\/p>\n<p>Erspeciaalsed disainilahendused tagavad \u00fchtlase kandev\u00f5ime ja stabiilsuse, muutes selle ideaalseks esiveduritele ja keerukatele t\u00f6\u00f6tingimustele. Steer kategooria rehvida spetsiaalne konstruktsioon aitab parandada juhitavust ning tagab suurep\u00e4rase reageerimisv\u00f5ime ka k\u00f5rgetel koormustel. REGIONAL CBA71 versioon sobib ideaalselt piirkondlikeks teede- ja liikumisvajadusteks, pakkudes s\u00f5iduki optimaalseid s\u00f5iduomadusi ning pikemat kasutusiga.<\/p>\n<p>Valides Giti GSR225, tagate endale kvaliteetse, vastupidava ning turvalise lahenduse, mis on loodud teie s\u00f5iduki n\u00f5udmistele vastamiseks. See rehvi mudel \u00fchendab innovatsiooni ja usaldusv\u00e4\u00e4rsuse, pakkudes maksimaalset j\u00f5udlust igas olukorras.<\/p>","protected":false},"excerpt":{"rendered":"<p>Tutvustame uue Giti GSR225 rehvi, mida t\u00e4histab tehniline suurus 315\/80R22.5 ja millele on lisatud load ning kiirusm\u00e4rkused 158\/150L (154\/150M). See tipptasemel rehvimudel on loodud n\u00f5udlikele tingimustele, pakkudes usaldusv\u00e4\u00e4rset sooritust nii ujumisel ning s\u00f5idul erinevates ilmastikutingimustes, nagu m\u00e4rg ja lumine tee. M+S (mud and snow) ning 3PMSF (kolmerealise m\u00e4etippude lumem\u00e4rgis) sertifikaadid kinnitavad rehvi \u00fcletamatut suutlikkust tormistes [&hellip;]<\/p>\n","protected":false},"featured_media":124099,"template":"","meta":{"site-sidebar-layout":"default","site-content-layout":"","ast-site-content-layout":"","site-content-style":"default","site-sidebar-style":"default","ast-global-header-display":"","ast-banner-title-visibility":"","ast-main-header-display":"","ast-hfb-above-header-display":"","ast-hfb-below-header-display":"","ast-hfb-mobile-header-display":"","site-post-title":"","ast-breadcrumbs-content":"","ast-featured-img":"","footer-sml-layout":"","theme-transparent-header-meta":"","adv-header-id-meta":"","stick-header-meta":"","header-above-stick-meta":"","header-main-stick-meta":"","header-below-stick-meta":"","astra-migrate-meta-layouts":"default","ast-page-background-enabled":"default","ast-page-background-meta":{"desktop":{"background-color":"","background-image":"","background-repeat":"repeat","background-position":"center center","background-size":"auto","background-attachment":"scroll","background-type":"","background-media":"","overlay-type":"","overlay-color":"","overlay-opacity":"","overlay-gradient":""},"tablet":{"background-color":"","background-image":"","background-repeat":"repeat","background-position":"center center","background-size":"auto","background-attachment":"scroll","background-type":"","background-media":"","overlay-type":"","overlay-color":"","overlay-opacity":"","overlay-gradient":""},"mobile":{"background-color":"","background-image":"","background-repeat":"repeat","background-position":"center center","background-size":"auto","background-attachment":"scroll","background-type":"","background-media":"","overlay-type":"","overlay-color":"","overlay-opacity":"","overlay-gradient":""}},"ast-content-background-meta":{"desktop":{"background-color":"var(--ast-global-color-5)","background-image":"","background-repeat":"repeat","background-position":"center center","background-size":"auto","background-attachment":"scroll","background-type":"","background-media":"","overlay-type":"","overlay-color":"","overlay-opacity":"","overlay-gradient":""},"tablet":{"background-color":"var(--ast-global-color-5)","background-image":"","background-repeat":"repeat","background-position":"center center","background-size":"auto","background-attachment":"scroll","background-type":"","background-media":"","overlay-type":"","overlay-color":"","overlay-opacity":"","overlay-gradient":""},"mobile":{"background-color":"var(--ast-global-color-5)","background-image":"","background-repeat":"repeat","background-position":"center center","background-size":"auto","background-attachment":"scroll","background-type":"","background-media":"","overlay-type":"","overlay-color":"","overlay-opacity":"","overlay-gradient":""}}},"product_brand":[],"product_cat":[34233],"product_tag":[],"pa_brand_name":[18153],"class_list":{"0":"post-120245","1":"product","2":"type-product","3":"status-publish","4":"has-post-thumbnail","6":"product_cat-truck-tires","7":"pa_brand_name-giti","8":"desktop-align-left","9":"tablet-align-left","10":"mobile-align-left","12":"first","13":"outofstock","14":"taxable","15":"shipping-taxable","16":"purchasable","17":"product-type-simple"},"_links":{"self":[{"href":"https:\/\/shop.rettum.ee\/en\/wp-json\/wp\/v2\/product\/120245","targetHints":{"allow":["GET"]}}],"collection":[{"href":"https:\/\/shop.rettum.ee\/en\/wp-json\/wp\/v2\/product"}],"about":[{"href":"https:\/\/shop.rettum.ee\/en\/wp-json\/wp\/v2\/types\/product"}],"version-history":[{"count":1,"href":"https:\/\/shop.rettum.ee\/en\/wp-json\/wp\/v2\/product\/120245\/revisions"}],"predecessor-version":[{"id":126281,"href":"https:\/\/shop.rettum.ee\/en\/wp-json\/wp\/v2\/product\/120245\/revisions\/126281"}],"wp:featuredmedia":[{"embeddable":true,"href":"https:\/\/shop.rettum.ee\/en\/wp-json\/wp\/v2\/media\/124099"}],"wp:attachment":[{"href":"https:\/\/shop.rettum.ee\/en\/wp-json\/wp\/v2\/media?parent=120245"}],"wp:term":[{"taxonomy":"product_brand","embeddable":true,"href":"https:\/\/shop.rettum.ee\/en\/wp-json\/wp\/v2\/product_brand?post=120245"},{"taxonomy":"product_cat","embeddable":true,"href":"https:\/\/shop.rettum.ee\/en\/wp-json\/wp\/v2\/product_cat?post=120245"},{"taxonomy":"product_tag","embeddable":true,"href":"https:\/\/shop.rettum.ee\/en\/wp-json\/wp\/v2\/product_tag?post=120245"},{"taxonomy":"pa_brand_name","embeddable":true,"href":"https:\/\/shop.rettum.ee\/en\/wp-json\/wp\/v2\/pa_brand_name?post=120245"}],"curies":[{"name":"wp","href":"https:\/\/api.w.org\/{rel}","templated":true}]}}