{"id":120253,"date":"2025-03-31T02:59:50","date_gmt":"2025-03-30T23:59:50","guid":{"rendered":"https:\/\/shop.rettum.ee\/toode\/385-65r22-5-dynamo-maw50-164k-ms-3pmsf-steerandtrailer-winter-cba70\/"},"modified":"2025-08-05T02:45:40","modified_gmt":"2025-08-04T23:45:40","slug":"385-65r22-5-dynamo-maw50-164k-ms-3pmsf-steerandtrailer-winter-cba70","status":"publish","type":"product","link":"https:\/\/shop.rettum.ee\/en\/product\/385-65r22-5-dynamo-maw50-164k-ms-3pmsf-steerandtrailer-winter-cba70\/","title":{"rendered":"385\/65R22.5 Dynamo MAW50 164K M+S 3PMSF SteerAndTrailer WINTER CBA70"},"content":{"rendered":"<p>385\/65R22.5 Dynamo MAW50 on tipptasemel talverehv, mis tagab maksimaalse kindluse ja stabiilsuse karmides ilmastikutingimustes. Selle innovatiivse disaini p\u00f5hialused \u2013 M+S m\u00e4rgis ja 3PMSF sertifikaat \u2013 kinnitavad suurep\u00e4rast pidamist lumistes ja libedates maastikes.  <\/p>\n<p>Rehvi 164K kiirusklass ja paisatud disain tagavad sobivuse nii juhitud ratastele kui ka haagistele, pakkudes universaalset lahendust kommerts- ja t\u00f6\u00f6masinatele. Dynamo MAW50 WINTER CBA70 ehitus on optimeeritud pakkuma optimeeritud haarduvust ning \u00fcletamatut ohutust isegi k\u00f5ige n\u00f5udlikumates talveoludes.<\/p>\n<p>See rehv on loodud spetsiaalselt tagamaks stabiilset ja turvalist s\u00f5itu nii t\u00e4naval kui ka maastikul, muutes selle ideaalseks valikuks ettev\u00f5tetele, kes hindavad t\u00f6\u00f6kindlust ja s\u00f5iduohutust. Usaldage oma talvised s\u00f5idud Dynamo MAW50 abil ning nautige tipptasemel j\u00f5udlust igas olukorras.<\/p>","protected":false},"excerpt":{"rendered":"<p>385\/65R22.5 Dynamo MAW50 on tipptasemel talverehv, mis tagab maksimaalse kindluse ja stabiilsuse karmides ilmastikutingimustes. Selle innovatiivse disaini p\u00f5hialused \u2013 M+S m\u00e4rgis ja 3PMSF sertifikaat \u2013 kinnitavad suurep\u00e4rast pidamist lumistes ja libedates maastikes. Rehvi 164K kiirusklass ja paisatud disain tagavad sobivuse nii juhitud ratastele kui ka haagistele, pakkudes universaalset lahendust kommerts- ja t\u00f6\u00f6masinatele. Dynamo MAW50 WINTER [&hellip;]<\/p>\n","protected":false},"featured_media":124091,"template":"","meta":{"site-sidebar-layout":"default","site-content-layout":"","ast-site-content-layout":"","site-content-style":"default","site-sidebar-style":"default","ast-global-header-display":"","ast-banner-title-visibility":"","ast-main-header-display":"","ast-hfb-above-header-display":"","ast-hfb-below-header-display":"","ast-hfb-mobile-header-display":"","site-post-title":"","ast-breadcrumbs-content":"","ast-featured-img":"","footer-sml-layout":"","theme-transparent-header-meta":"","adv-header-id-meta":"","stick-header-meta":"","header-above-stick-meta":"","header-main-stick-meta":"","header-below-stick-meta":"","astra-migrate-meta-layouts":"default","ast-page-background-enabled":"default","ast-page-background-meta":{"desktop":{"background-color":"","background-image":"","background-repeat":"repeat","background-position":"center center","background-size":"auto","background-attachment":"scroll","background-type":"","background-media":"","overlay-type":"","overlay-color":"","overlay-opacity":"","overlay-gradient":""},"tablet":{"background-color":"","background-image":"","background-repeat":"repeat","background-position":"center center","background-size":"auto","background-attachment":"scroll","background-type":"","background-media":"","overlay-type":"","overlay-color":"","overlay-opacity":"","overlay-gradient":""},"mobile":{"background-color":"","background-image":"","background-repeat":"repeat","background-position":"center center","background-size":"auto","background-attachment":"scroll","background-type":"","background-media":"","overlay-type":"","overlay-color":"","overlay-opacity":"","overlay-gradient":""}},"ast-content-background-meta":{"desktop":{"background-color":"var(--ast-global-color-5)","background-image":"","background-repeat":"repeat","background-position":"center center","background-size":"auto","background-attachment":"scroll","background-type":"","background-media":"","overlay-type":"","overlay-color":"","overlay-opacity":"","overlay-gradient":""},"tablet":{"background-color":"var(--ast-global-color-5)","background-image":"","background-repeat":"repeat","background-position":"center center","background-size":"auto","background-attachment":"scroll","background-type":"","background-media":"","overlay-type":"","overlay-color":"","overlay-opacity":"","overlay-gradient":""},"mobile":{"background-color":"var(--ast-global-color-5)","background-image":"","background-repeat":"repeat","background-position":"center center","background-size":"auto","background-attachment":"scroll","background-type":"","background-media":"","overlay-type":"","overlay-color":"","overlay-opacity":"","overlay-gradient":""}}},"product_brand":[],"product_cat":[34233],"product_tag":[],"pa_brand_name":[17833],"class_list":{"0":"post-120253","1":"product","2":"type-product","3":"status-publish","4":"has-post-thumbnail","6":"product_cat-truck-tires","7":"pa_brand_name-dynamo","8":"desktop-align-left","9":"tablet-align-left","10":"mobile-align-left","12":"first","13":"outofstock","14":"taxable","15":"shipping-taxable","16":"purchasable","17":"product-type-simple"},"_links":{"self":[{"href":"https:\/\/shop.rettum.ee\/en\/wp-json\/wp\/v2\/product\/120253","targetHints":{"allow":["GET"]}}],"collection":[{"href":"https:\/\/shop.rettum.ee\/en\/wp-json\/wp\/v2\/product"}],"about":[{"href":"https:\/\/shop.rettum.ee\/en\/wp-json\/wp\/v2\/types\/product"}],"version-history":[{"count":1,"href":"https:\/\/shop.rettum.ee\/en\/wp-json\/wp\/v2\/product\/120253\/revisions"}],"predecessor-version":[{"id":126273,"href":"https:\/\/shop.rettum.ee\/en\/wp-json\/wp\/v2\/product\/120253\/revisions\/126273"}],"wp:featuredmedia":[{"embeddable":true,"href":"https:\/\/shop.rettum.ee\/en\/wp-json\/wp\/v2\/media\/124091"}],"wp:attachment":[{"href":"https:\/\/shop.rettum.ee\/en\/wp-json\/wp\/v2\/media?parent=120253"}],"wp:term":[{"taxonomy":"product_brand","embeddable":true,"href":"https:\/\/shop.rettum.ee\/en\/wp-json\/wp\/v2\/product_brand?post=120253"},{"taxonomy":"product_cat","embeddable":true,"href":"https:\/\/shop.rettum.ee\/en\/wp-json\/wp\/v2\/product_cat?post=120253"},{"taxonomy":"product_tag","embeddable":true,"href":"https:\/\/shop.rettum.ee\/en\/wp-json\/wp\/v2\/product_tag?post=120253"},{"taxonomy":"pa_brand_name","embeddable":true,"href":"https:\/\/shop.rettum.ee\/en\/wp-json\/wp\/v2\/pa_brand_name?post=120253"}],"curies":[{"name":"wp","href":"https:\/\/api.w.org\/{rel}","templated":true}]}}