{"id":120261,"date":"2025-03-31T02:59:57","date_gmt":"2025-03-30T23:59:57","guid":{"rendered":"https:\/\/shop.rettum.ee\/toode\/205-60r16-triangle-reliaxtouring-te307-96v-xl-rp-cbb72-ms\/"},"modified":"2026-03-22T03:04:03","modified_gmt":"2026-03-22T01:04:03","slug":"205-60r16-triangle-reliaxtouring-te307-96v-xl-rp-cbb72-ms","status":"publish","type":"product","link":"https:\/\/shop.rettum.ee\/en\/product\/205-60r16-triangle-reliaxtouring-te307-96v-xl-rp-cbb72-ms\/","title":{"rendered":"205\/60R16 TRIANGLE RELIAXTOURING (TE307) 96V XL RP CBB72 M+S"},"content":{"rendered":"<p>Tutvustame uut TRIANGLE RELIAXTOURING (TE307) rehvi m\u00f5\u00f5tmetega 205\/60R16 \u2013 ideaalne kombinatsioon mugavusest, turvalisusest ja t\u00f6\u00f6kindlusest. See rehv on konstrueeritud pakkuma stabiilsust ja suurep\u00e4rast veoj\u00f5udlust igas s\u00f5idutingimustes. T\u00e4nu kaasaegsele kummikatte tehnoloogiale tagab see optimaalse pidamise nii m\u00e4rgel kui ka kuival pinnal, v\u00e4hendades aquaplaning\u2019i riski ja pakkudes kindlat s\u00f5idukogemust.<\/p>\n<p>Rehvi klassifitseering 96V XL lisab t\u00e4iendava koormuskindluse ning v\u00f5imaldab s\u00f5ita suurematel kiirustel, ilma et rehv kaotaks oma j\u00f5udlust. M+S m\u00e4rgisega mudas ja lumel s\u00f5ites pakub see rehv usaldusv\u00e4\u00e4rset haarduvust ja kindlustunnet ka n\u00f5udlikes ilmastikutingimustes.<\/p>\n<p>TRIANGLE RELIAXTOURING (TE307) on ideaalne valik neile, kes hindavad ohutust ja efektiivsust igas olukorras, pakkudes samal ajal energias\u00e4\u00e4stlikkust ja pikaajalist vastupidavust. Valides selle rehvi, saate kindlustada endale rahuliku ja turvalise s\u00f5idu, olenemata teeoludest.<\/p>","protected":false},"excerpt":{"rendered":"<p>Tutvustame uut TRIANGLE RELIAXTOURING (TE307) rehvi m\u00f5\u00f5tmetega 205\/60R16 \u2013 ideaalne kombinatsioon mugavusest, turvalisusest ja t\u00f6\u00f6kindlusest. See rehv on konstrueeritud pakkuma stabiilsust ja suurep\u00e4rast veoj\u00f5udlust igas s\u00f5idutingimustes. T\u00e4nu kaasaegsele kummikatte tehnoloogiale tagab see optimaalse pidamise nii m\u00e4rgel kui ka kuival pinnal, v\u00e4hendades aquaplaning\u2019i riski ja pakkudes kindlat s\u00f5idukogemust. Rehvi klassifitseering 96V XL lisab t\u00e4iendava koormuskindluse ning [&hellip;]<\/p>\n","protected":false},"featured_media":124070,"template":"","meta":{"site-sidebar-layout":"default","site-content-layout":"","ast-site-content-layout":"","site-content-style":"default","site-sidebar-style":"default","ast-global-header-display":"","ast-banner-title-visibility":"","ast-main-header-display":"","ast-hfb-above-header-display":"","ast-hfb-below-header-display":"","ast-hfb-mobile-header-display":"","site-post-title":"","ast-breadcrumbs-content":"","ast-featured-img":"","footer-sml-layout":"","theme-transparent-header-meta":"","adv-header-id-meta":"","stick-header-meta":"","header-above-stick-meta":"","header-main-stick-meta":"","header-below-stick-meta":"","astra-migrate-meta-layouts":"default","ast-page-background-enabled":"default","ast-page-background-meta":{"desktop":{"background-color":"","background-image":"","background-repeat":"repeat","background-position":"center center","background-size":"auto","background-attachment":"scroll","background-type":"","background-media":"","overlay-type":"","overlay-color":"","overlay-opacity":"","overlay-gradient":""},"tablet":{"background-color":"","background-image":"","background-repeat":"repeat","background-position":"center center","background-size":"auto","background-attachment":"scroll","background-type":"","background-media":"","overlay-type":"","overlay-color":"","overlay-opacity":"","overlay-gradient":""},"mobile":{"background-color":"","background-image":"","background-repeat":"repeat","background-position":"center center","background-size":"auto","background-attachment":"scroll","background-type":"","background-media":"","overlay-type":"","overlay-color":"","overlay-opacity":"","overlay-gradient":""}},"ast-content-background-meta":{"desktop":{"background-color":"var(--ast-global-color-5)","background-image":"","background-repeat":"repeat","background-position":"center center","background-size":"auto","background-attachment":"scroll","background-type":"","background-media":"","overlay-type":"","overlay-color":"","overlay-opacity":"","overlay-gradient":""},"tablet":{"background-color":"var(--ast-global-color-5)","background-image":"","background-repeat":"repeat","background-position":"center center","background-size":"auto","background-attachment":"scroll","background-type":"","background-media":"","overlay-type":"","overlay-color":"","overlay-opacity":"","overlay-gradient":""},"mobile":{"background-color":"var(--ast-global-color-5)","background-image":"","background-repeat":"repeat","background-position":"center center","background-size":"auto","background-attachment":"scroll","background-type":"","background-media":"","overlay-type":"","overlay-color":"","overlay-opacity":"","overlay-gradient":""}}},"product_brand":[],"product_cat":[34225],"product_tag":[],"pa_brand_name":[16873],"class_list":{"0":"post-120261","1":"product","2":"type-product","3":"status-publish","4":"has-post-thumbnail","6":"product_cat-summer-tires-pv","7":"pa_brand_name-triangle","8":"desktop-align-left","9":"tablet-align-left","10":"mobile-align-left","12":"first","13":"outofstock","14":"taxable","15":"shipping-taxable","16":"purchasable","17":"product-type-simple"},"_links":{"self":[{"href":"https:\/\/shop.rettum.ee\/en\/wp-json\/wp\/v2\/product\/120261","targetHints":{"allow":["GET"]}}],"collection":[{"href":"https:\/\/shop.rettum.ee\/en\/wp-json\/wp\/v2\/product"}],"about":[{"href":"https:\/\/shop.rettum.ee\/en\/wp-json\/wp\/v2\/types\/product"}],"version-history":[{"count":2,"href":"https:\/\/shop.rettum.ee\/en\/wp-json\/wp\/v2\/product\/120261\/revisions"}],"predecessor-version":[{"id":126304,"href":"https:\/\/shop.rettum.ee\/en\/wp-json\/wp\/v2\/product\/120261\/revisions\/126304"}],"wp:featuredmedia":[{"embeddable":true,"href":"https:\/\/shop.rettum.ee\/en\/wp-json\/wp\/v2\/media\/124070"}],"wp:attachment":[{"href":"https:\/\/shop.rettum.ee\/en\/wp-json\/wp\/v2\/media?parent=120261"}],"wp:term":[{"taxonomy":"product_brand","embeddable":true,"href":"https:\/\/shop.rettum.ee\/en\/wp-json\/wp\/v2\/product_brand?post=120261"},{"taxonomy":"product_cat","embeddable":true,"href":"https:\/\/shop.rettum.ee\/en\/wp-json\/wp\/v2\/product_cat?post=120261"},{"taxonomy":"product_tag","embeddable":true,"href":"https:\/\/shop.rettum.ee\/en\/wp-json\/wp\/v2\/product_tag?post=120261"},{"taxonomy":"pa_brand_name","embeddable":true,"href":"https:\/\/shop.rettum.ee\/en\/wp-json\/wp\/v2\/pa_brand_name?post=120261"}],"curies":[{"name":"wp","href":"https:\/\/api.w.org\/{rel}","templated":true}]}}