{"id":120276,"date":"2025-03-31T03:00:11","date_gmt":"2025-03-31T00:00:11","guid":{"rendered":"https:\/\/shop.rettum.ee\/toode\/245-45r20-yokohama-advan-sport-v105s-99y-runflat-rpb-dbb70\/"},"modified":"2026-03-22T03:04:08","modified_gmt":"2026-03-22T01:04:08","slug":"245-45r20-yokohama-advan-sport-v105s-99y-runflat-rpb-dbb70","status":"publish","type":"product","link":"https:\/\/shop.rettum.ee\/en\/product\/245-45r20-yokohama-advan-sport-v105s-99y-runflat-rpb-dbb70\/","title":{"rendered":"245\/45R20 YOKOHAMA ADVAN SPORT V105S 99Y RunFlat RPB DBB70"},"content":{"rendered":"<p>Yokohama ADVAN SPORT V105S 245\/45R20 on k\u00f5rgtehnoloogiline mootors\u00f5idu rehv, mis \u00fchendab sportliku disaini, tipptasemel j\u00f5udluse ning innovaatilise RunFlat tehnoloogia. See rehv on m\u00f5eldud entusiastlikule juhile, kes hindab t\u00e4pset juhitavust ja suurep\u00e4rast pidamist nii kuivadel kui m\u00e4rgadel teedel. <\/p>\n<p>ADVAN SPORT V105S, millel on 99Y kiirus- ja koormusindeks, tagab stabiilsuse ka k\u00f5rge kiirusega s\u00f5ites ning v\u00f5imaldab nautida sportliku auto t\u00e4iuslikku k\u00e4itumist igas kurvis. RunFlat s\u00fcsteemi abil s\u00e4ilitab rehv s\u00f5idukindlust isegi \u00f5hu\u00f5nnetuse korral, v\u00f5imaldades ohutut liikumist kuni kindla vahemaani, mis annab s\u00f5idule lisaturvalisust ja meelerahu.<\/p>\n<p>Rehvi kaasaegne konstrutsioon tagab \u00fchtlase ja stabiilse s\u00f5idukogemuse, v\u00f5imaldades t\u00e4pset reageerimist ja suurep\u00e4rast kliirenssi. Valides Yokohama ADVAN SPORT V105S, investeerid tipptasemel tehnoloogiasse, mis \u00fchendab sportliku j\u00f5udluse ja v\u00f5imalikud ohutusn\u00f5uded \u2013 ideaalne lahendus n\u00f5udlikele autojuhtidele.<\/p>","protected":false},"excerpt":{"rendered":"<p>Yokohama ADVAN SPORT V105S 245\/45R20 on k\u00f5rgtehnoloogiline mootors\u00f5idu rehv, mis \u00fchendab sportliku disaini, tipptasemel j\u00f5udluse ning innovaatilise RunFlat tehnoloogia. See rehv on m\u00f5eldud entusiastlikule juhile, kes hindab t\u00e4pset juhitavust ja suurep\u00e4rast pidamist nii kuivadel kui m\u00e4rgadel teedel. ADVAN SPORT V105S, millel on 99Y kiirus- ja koormusindeks, tagab stabiilsuse ka k\u00f5rge kiirusega s\u00f5ites ning v\u00f5imaldab nautida [&hellip;]<\/p>\n","protected":false},"featured_media":124083,"template":"","meta":{"site-sidebar-layout":"default","site-content-layout":"","ast-site-content-layout":"","site-content-style":"default","site-sidebar-style":"default","ast-global-header-display":"","ast-banner-title-visibility":"","ast-main-header-display":"","ast-hfb-above-header-display":"","ast-hfb-below-header-display":"","ast-hfb-mobile-header-display":"","site-post-title":"","ast-breadcrumbs-content":"","ast-featured-img":"","footer-sml-layout":"","theme-transparent-header-meta":"","adv-header-id-meta":"","stick-header-meta":"","header-above-stick-meta":"","header-main-stick-meta":"","header-below-stick-meta":"","astra-migrate-meta-layouts":"default","ast-page-background-enabled":"default","ast-page-background-meta":{"desktop":{"background-color":"","background-image":"","background-repeat":"repeat","background-position":"center center","background-size":"auto","background-attachment":"scroll","background-type":"","background-media":"","overlay-type":"","overlay-color":"","overlay-opacity":"","overlay-gradient":""},"tablet":{"background-color":"","background-image":"","background-repeat":"repeat","background-position":"center center","background-size":"auto","background-attachment":"scroll","background-type":"","background-media":"","overlay-type":"","overlay-color":"","overlay-opacity":"","overlay-gradient":""},"mobile":{"background-color":"","background-image":"","background-repeat":"repeat","background-position":"center center","background-size":"auto","background-attachment":"scroll","background-type":"","background-media":"","overlay-type":"","overlay-color":"","overlay-opacity":"","overlay-gradient":""}},"ast-content-background-meta":{"desktop":{"background-color":"var(--ast-global-color-5)","background-image":"","background-repeat":"repeat","background-position":"center center","background-size":"auto","background-attachment":"scroll","background-type":"","background-media":"","overlay-type":"","overlay-color":"","overlay-opacity":"","overlay-gradient":""},"tablet":{"background-color":"var(--ast-global-color-5)","background-image":"","background-repeat":"repeat","background-position":"center center","background-size":"auto","background-attachment":"scroll","background-type":"","background-media":"","overlay-type":"","overlay-color":"","overlay-opacity":"","overlay-gradient":""},"mobile":{"background-color":"var(--ast-global-color-5)","background-image":"","background-repeat":"repeat","background-position":"center center","background-size":"auto","background-attachment":"scroll","background-type":"","background-media":"","overlay-type":"","overlay-color":"","overlay-opacity":"","overlay-gradient":""}}},"product_brand":[],"product_cat":[34225],"product_tag":[],"pa_brand_name":[17766],"class_list":{"0":"post-120276","1":"product","2":"type-product","3":"status-publish","4":"has-post-thumbnail","6":"product_cat-summer-tires-pv","7":"pa_brand_name-yokohama","8":"desktop-align-left","9":"tablet-align-left","10":"mobile-align-left","12":"first","13":"outofstock","14":"taxable","15":"shipping-taxable","16":"purchasable","17":"product-type-simple"},"_links":{"self":[{"href":"https:\/\/shop.rettum.ee\/en\/wp-json\/wp\/v2\/product\/120276","targetHints":{"allow":["GET"]}}],"collection":[{"href":"https:\/\/shop.rettum.ee\/en\/wp-json\/wp\/v2\/product"}],"about":[{"href":"https:\/\/shop.rettum.ee\/en\/wp-json\/wp\/v2\/types\/product"}],"version-history":[{"count":1,"href":"https:\/\/shop.rettum.ee\/en\/wp-json\/wp\/v2\/product\/120276\/revisions"}],"predecessor-version":[{"id":126252,"href":"https:\/\/shop.rettum.ee\/en\/wp-json\/wp\/v2\/product\/120276\/revisions\/126252"}],"wp:featuredmedia":[{"embeddable":true,"href":"https:\/\/shop.rettum.ee\/en\/wp-json\/wp\/v2\/media\/124083"}],"wp:attachment":[{"href":"https:\/\/shop.rettum.ee\/en\/wp-json\/wp\/v2\/media?parent=120276"}],"wp:term":[{"taxonomy":"product_brand","embeddable":true,"href":"https:\/\/shop.rettum.ee\/en\/wp-json\/wp\/v2\/product_brand?post=120276"},{"taxonomy":"product_cat","embeddable":true,"href":"https:\/\/shop.rettum.ee\/en\/wp-json\/wp\/v2\/product_cat?post=120276"},{"taxonomy":"product_tag","embeddable":true,"href":"https:\/\/shop.rettum.ee\/en\/wp-json\/wp\/v2\/product_tag?post=120276"},{"taxonomy":"pa_brand_name","embeddable":true,"href":"https:\/\/shop.rettum.ee\/en\/wp-json\/wp\/v2\/pa_brand_name?post=120276"}],"curies":[{"name":"wp","href":"https:\/\/api.w.org\/{rel}","templated":true}]}}