{"id":120284,"date":"2025-03-31T03:00:18","date_gmt":"2025-03-31T00:00:18","guid":{"rendered":"https:\/\/shop.rettum.ee\/toode\/255-60r18-triangle-advantex-suv-tr259-112h-xl-rp-ccb73-ms\/"},"modified":"2026-03-24T02:47:19","modified_gmt":"2026-03-24T00:47:19","slug":"255-60r18-triangle-advantex-suv-tr259-112h-xl-rp-ccb73-ms","status":"publish","type":"product","link":"https:\/\/shop.rettum.ee\/en\/product\/255-60r18-triangle-advantex-suv-tr259-112h-xl-rp-ccb73-ms\/","title":{"rendered":"255\/60R18 TRIANGLE ADVANTEX SUV (TR259) 112H XL RP CCB73 M+S"},"content":{"rendered":"<p>Avastage uus s\u00f5idur\u00f5\u00f5m TRIANGLE ADVANTEX SUV (TR259) rehviga, mis on loodud just maasturitele ja n\u00f5udlikele teeoludele. Rehvi m\u00f5\u00f5tmed 255\/60R18 tagavad ideaalse stabiilsuse ning k\u00fctuses\u00e4\u00e4stlikkuse, pakkudes kindlat haarduvust nii maanteel kui ka off-roadis. <\/p>\n<p>Selle rehvi 112H koormusindeks ja XL koormusv\u00f5ime tagavad suurep\u00e4rase soorituse ka suure koormuse korral, v\u00f5imaldades s\u00f5ita ohutult ja enesekindlalt igas olukorras. RP ja CCB73 tehnoloogiad lisavad rehvi konstruktsioonile robustsust, samas kui M+S m\u00e4rgistus kinnitab suurep\u00e4rast toimetust nii mudal kui lumel. <\/p>\n<p>TRIANGLE ADVANTEX SUV rehvid on loodud vastama kaasaegse autojuhi vajadustele, pakkudes \u00fclimat ohutust ja mugavust igal s\u00f5idul. See rehv \u00fchendab endas innovatsiooni ja kestvuse, v\u00f5imaldades nautida s\u00f5itu k\u00f5rgeima turvalisuse tingimustes igal aastaajal. Avasta t\u00e4iuslik juhitavus ja usaldusv\u00e4\u00e4rsus, mida pakub TRIANGLE ADVANTEX SUV \u2013 parim valik n\u00f5udlikele seiklejatele.<\/p>","protected":false},"excerpt":{"rendered":"<p>Avastage uus s\u00f5idur\u00f5\u00f5m TRIANGLE ADVANTEX SUV (TR259) rehviga, mis on loodud just maasturitele ja n\u00f5udlikele teeoludele. Rehvi m\u00f5\u00f5tmed 255\/60R18 tagavad ideaalse stabiilsuse ning k\u00fctuses\u00e4\u00e4stlikkuse, pakkudes kindlat haarduvust nii maanteel kui ka off-roadis. Selle rehvi 112H koormusindeks ja XL koormusv\u00f5ime tagavad suurep\u00e4rase soorituse ka suure koormuse korral, v\u00f5imaldades s\u00f5ita ohutult ja enesekindlalt igas olukorras. RP ja [&hellip;]<\/p>\n","protected":false},"featured_media":124084,"template":"","meta":{"site-sidebar-layout":"default","site-content-layout":"","ast-site-content-layout":"","site-content-style":"default","site-sidebar-style":"default","ast-global-header-display":"","ast-banner-title-visibility":"","ast-main-header-display":"","ast-hfb-above-header-display":"","ast-hfb-below-header-display":"","ast-hfb-mobile-header-display":"","site-post-title":"","ast-breadcrumbs-content":"","ast-featured-img":"","footer-sml-layout":"","theme-transparent-header-meta":"","adv-header-id-meta":"","stick-header-meta":"","header-above-stick-meta":"","header-main-stick-meta":"","header-below-stick-meta":"","astra-migrate-meta-layouts":"default","ast-page-background-enabled":"default","ast-page-background-meta":{"desktop":{"background-color":"","background-image":"","background-repeat":"repeat","background-position":"center center","background-size":"auto","background-attachment":"scroll","background-type":"","background-media":"","overlay-type":"","overlay-color":"","overlay-opacity":"","overlay-gradient":""},"tablet":{"background-color":"","background-image":"","background-repeat":"repeat","background-position":"center center","background-size":"auto","background-attachment":"scroll","background-type":"","background-media":"","overlay-type":"","overlay-color":"","overlay-opacity":"","overlay-gradient":""},"mobile":{"background-color":"","background-image":"","background-repeat":"repeat","background-position":"center center","background-size":"auto","background-attachment":"scroll","background-type":"","background-media":"","overlay-type":"","overlay-color":"","overlay-opacity":"","overlay-gradient":""}},"ast-content-background-meta":{"desktop":{"background-color":"var(--ast-global-color-5)","background-image":"","background-repeat":"repeat","background-position":"center center","background-size":"auto","background-attachment":"scroll","background-type":"","background-media":"","overlay-type":"","overlay-color":"","overlay-opacity":"","overlay-gradient":""},"tablet":{"background-color":"var(--ast-global-color-5)","background-image":"","background-repeat":"repeat","background-position":"center center","background-size":"auto","background-attachment":"scroll","background-type":"","background-media":"","overlay-type":"","overlay-color":"","overlay-opacity":"","overlay-gradient":""},"mobile":{"background-color":"var(--ast-global-color-5)","background-image":"","background-repeat":"repeat","background-position":"center center","background-size":"auto","background-attachment":"scroll","background-type":"","background-media":"","overlay-type":"","overlay-color":"","overlay-opacity":"","overlay-gradient":""}}},"product_brand":[],"product_cat":[34225],"product_tag":[],"pa_brand_name":[16873],"class_list":{"0":"post-120284","1":"product","2":"type-product","3":"status-publish","4":"has-post-thumbnail","6":"product_cat-summer-tires-pv","7":"pa_brand_name-triangle","8":"desktop-align-left","9":"tablet-align-left","10":"mobile-align-left","12":"first","13":"instock","14":"taxable","15":"shipping-taxable","16":"purchasable","17":"product-type-simple"},"_links":{"self":[{"href":"https:\/\/shop.rettum.ee\/en\/wp-json\/wp\/v2\/product\/120284","targetHints":{"allow":["GET"]}}],"collection":[{"href":"https:\/\/shop.rettum.ee\/en\/wp-json\/wp\/v2\/product"}],"about":[{"href":"https:\/\/shop.rettum.ee\/en\/wp-json\/wp\/v2\/types\/product"}],"version-history":[{"count":1,"href":"https:\/\/shop.rettum.ee\/en\/wp-json\/wp\/v2\/product\/120284\/revisions"}],"predecessor-version":[{"id":126245,"href":"https:\/\/shop.rettum.ee\/en\/wp-json\/wp\/v2\/product\/120284\/revisions\/126245"}],"wp:featuredmedia":[{"embeddable":true,"href":"https:\/\/shop.rettum.ee\/en\/wp-json\/wp\/v2\/media\/124084"}],"wp:attachment":[{"href":"https:\/\/shop.rettum.ee\/en\/wp-json\/wp\/v2\/media?parent=120284"}],"wp:term":[{"taxonomy":"product_brand","embeddable":true,"href":"https:\/\/shop.rettum.ee\/en\/wp-json\/wp\/v2\/product_brand?post=120284"},{"taxonomy":"product_cat","embeddable":true,"href":"https:\/\/shop.rettum.ee\/en\/wp-json\/wp\/v2\/product_cat?post=120284"},{"taxonomy":"product_tag","embeddable":true,"href":"https:\/\/shop.rettum.ee\/en\/wp-json\/wp\/v2\/product_tag?post=120284"},{"taxonomy":"pa_brand_name","embeddable":true,"href":"https:\/\/shop.rettum.ee\/en\/wp-json\/wp\/v2\/pa_brand_name?post=120284"}],"curies":[{"name":"wp","href":"https:\/\/api.w.org\/{rel}","templated":true}]}}