{"id":120288,"date":"2025-03-31T03:00:21","date_gmt":"2025-03-31T00:00:21","guid":{"rendered":"https:\/\/shop.rettum.ee\/toode\/235-55r20-yokohama-advan-sport-v107-105v-xl-rpb-dab71\/"},"modified":"2026-03-22T03:04:10","modified_gmt":"2026-03-22T01:04:10","slug":"235-55r20-yokohama-advan-sport-v107-105v-xl-rpb-dab71","status":"publish","type":"product","link":"https:\/\/shop.rettum.ee\/en\/product\/235-55r20-yokohama-advan-sport-v107-105v-xl-rpb-dab71\/","title":{"rendered":"235\/55R20 YOKOHAMA ADVAN SPORT V107 105V XL RPB DAB71"},"content":{"rendered":"<p>Yokohama Advan Sport V107 235\/55R20 on \u00fclim j\u00f5udluse ja ohutuse s\u00fcmbol, mille on loodud n\u00f5udlikele juhtidele. See XL-reitinguga rehvimudel, mille koormusindeks on 105 ja kiirusindeks V, tagab suurep\u00e4rase stabiilsuse ja vastupidavuse ka k\u00f5rgetel kiirustel. T\u00e4nu kaasaegsele rehvitehnoloogiale pakub Advan Sport V107 erakordset haarduvust nii kuival kui ka m\u00e4rjal teel, v\u00f5imaldades t\u00e4pset ja kindlat man\u00f6\u00f6verdamist igas olukorras.  <\/p>\n<p>Rehv on disainitud pakkuma optimaalset s\u00f5idur\u00f5\u00f5mu ja v\u00e4hendatud veeretakistust, mis aitab kaasa k\u00fctuses\u00e4\u00e4stlikkusele ja keskkonnas\u00f5bralikkusele. YOKOHAMA p\u00fchendumus kvaliteedile ja innovatsioonile on selgelt n\u00e4htav selle mudeli igas detailis \u2013 alates spetsiaalsest mustrite kujundusest kuni materjalide hoolika valikuni.  <\/p>\n<p>Sobides ideaalselt sportlike ja j\u00f5udlusega s\u00f5idukitega, on see v\u00e4rskendav valik juhtidele, kes hindavad ohutust, efektiivsust ja d\u00fcnaamilist s\u00f5idukogemust. Avastage uus s\u00f5idur\u00f5\u00f5m ja tunnetage kindlat haarduvust \u2013 valige Yokohama Advan Sport V107 oma auto jaoks.<\/p>","protected":false},"excerpt":{"rendered":"<p>Yokohama Advan Sport V107 235\/55R20 on \u00fclim j\u00f5udluse ja ohutuse s\u00fcmbol, mille on loodud n\u00f5udlikele juhtidele. See XL-reitinguga rehvimudel, mille koormusindeks on 105 ja kiirusindeks V, tagab suurep\u00e4rase stabiilsuse ja vastupidavuse ka k\u00f5rgetel kiirustel. T\u00e4nu kaasaegsele rehvitehnoloogiale pakub Advan Sport V107 erakordset haarduvust nii kuival kui ka m\u00e4rjal teel, v\u00f5imaldades t\u00e4pset ja kindlat man\u00f6\u00f6verdamist igas [&hellip;]<\/p>\n","protected":false},"featured_media":124066,"template":"","meta":{"site-sidebar-layout":"default","site-content-layout":"","ast-site-content-layout":"","site-content-style":"default","site-sidebar-style":"default","ast-global-header-display":"","ast-banner-title-visibility":"","ast-main-header-display":"","ast-hfb-above-header-display":"","ast-hfb-below-header-display":"","ast-hfb-mobile-header-display":"","site-post-title":"","ast-breadcrumbs-content":"","ast-featured-img":"","footer-sml-layout":"","theme-transparent-header-meta":"","adv-header-id-meta":"","stick-header-meta":"","header-above-stick-meta":"","header-main-stick-meta":"","header-below-stick-meta":"","astra-migrate-meta-layouts":"default","ast-page-background-enabled":"default","ast-page-background-meta":{"desktop":{"background-color":"","background-image":"","background-repeat":"repeat","background-position":"center center","background-size":"auto","background-attachment":"scroll","background-type":"","background-media":"","overlay-type":"","overlay-color":"","overlay-opacity":"","overlay-gradient":""},"tablet":{"background-color":"","background-image":"","background-repeat":"repeat","background-position":"center center","background-size":"auto","background-attachment":"scroll","background-type":"","background-media":"","overlay-type":"","overlay-color":"","overlay-opacity":"","overlay-gradient":""},"mobile":{"background-color":"","background-image":"","background-repeat":"repeat","background-position":"center center","background-size":"auto","background-attachment":"scroll","background-type":"","background-media":"","overlay-type":"","overlay-color":"","overlay-opacity":"","overlay-gradient":""}},"ast-content-background-meta":{"desktop":{"background-color":"var(--ast-global-color-5)","background-image":"","background-repeat":"repeat","background-position":"center center","background-size":"auto","background-attachment":"scroll","background-type":"","background-media":"","overlay-type":"","overlay-color":"","overlay-opacity":"","overlay-gradient":""},"tablet":{"background-color":"var(--ast-global-color-5)","background-image":"","background-repeat":"repeat","background-position":"center center","background-size":"auto","background-attachment":"scroll","background-type":"","background-media":"","overlay-type":"","overlay-color":"","overlay-opacity":"","overlay-gradient":""},"mobile":{"background-color":"var(--ast-global-color-5)","background-image":"","background-repeat":"repeat","background-position":"center center","background-size":"auto","background-attachment":"scroll","background-type":"","background-media":"","overlay-type":"","overlay-color":"","overlay-opacity":"","overlay-gradient":""}}},"product_brand":[],"product_cat":[34225],"product_tag":[],"pa_brand_name":[17766],"class_list":{"0":"post-120288","1":"product","2":"type-product","3":"status-publish","4":"has-post-thumbnail","6":"product_cat-summer-tires-pv","7":"pa_brand_name-yokohama","8":"desktop-align-left","9":"tablet-align-left","10":"mobile-align-left","12":"first","13":"outofstock","14":"taxable","15":"shipping-taxable","16":"purchasable","17":"product-type-simple"},"_links":{"self":[{"href":"https:\/\/shop.rettum.ee\/en\/wp-json\/wp\/v2\/product\/120288","targetHints":{"allow":["GET"]}}],"collection":[{"href":"https:\/\/shop.rettum.ee\/en\/wp-json\/wp\/v2\/product"}],"about":[{"href":"https:\/\/shop.rettum.ee\/en\/wp-json\/wp\/v2\/types\/product"}],"version-history":[{"count":1,"href":"https:\/\/shop.rettum.ee\/en\/wp-json\/wp\/v2\/product\/120288\/revisions"}],"predecessor-version":[{"id":126242,"href":"https:\/\/shop.rettum.ee\/en\/wp-json\/wp\/v2\/product\/120288\/revisions\/126242"}],"wp:featuredmedia":[{"embeddable":true,"href":"https:\/\/shop.rettum.ee\/en\/wp-json\/wp\/v2\/media\/124066"}],"wp:attachment":[{"href":"https:\/\/shop.rettum.ee\/en\/wp-json\/wp\/v2\/media?parent=120288"}],"wp:term":[{"taxonomy":"product_brand","embeddable":true,"href":"https:\/\/shop.rettum.ee\/en\/wp-json\/wp\/v2\/product_brand?post=120288"},{"taxonomy":"product_cat","embeddable":true,"href":"https:\/\/shop.rettum.ee\/en\/wp-json\/wp\/v2\/product_cat?post=120288"},{"taxonomy":"product_tag","embeddable":true,"href":"https:\/\/shop.rettum.ee\/en\/wp-json\/wp\/v2\/product_tag?post=120288"},{"taxonomy":"pa_brand_name","embeddable":true,"href":"https:\/\/shop.rettum.ee\/en\/wp-json\/wp\/v2\/pa_brand_name?post=120288"}],"curies":[{"name":"wp","href":"https:\/\/api.w.org\/{rel}","templated":true}]}}