{"id":120297,"date":"2025-03-31T03:00:29","date_gmt":"2025-03-31T00:00:29","guid":{"rendered":"https:\/\/shop.rettum.ee\/toode\/305-40r20-yokohama-advan-sport-v107-112y-xl-rpb-dab73\/"},"modified":"2026-03-25T02:47:11","modified_gmt":"2026-03-25T00:47:11","slug":"305-40r20-yokohama-advan-sport-v107-112y-xl-rpb-dab73","status":"publish","type":"product","link":"https:\/\/shop.rettum.ee\/en\/product\/305-40r20-yokohama-advan-sport-v107-112y-xl-rpb-dab73\/","title":{"rendered":"305\/40R20 YOKOHAMA ADVAN SPORT V107 112Y XL RPB DAB73"},"content":{"rendered":"<p>YOKOHAMA ADVAN SPORT V107 112Y XL RPB DAB73 pakub k\u00f5igile sportlikule s\u00f5idustiilile unikaalset j\u00f5udlust ja stabiilsust. Rehvi m\u00f5\u00f5tmed 305\/40R20 tagavad muljetavaldava kontaktpinna ning tasakaalustatud soorituse nii kuival kui m\u00e4rjal teel. XL versioon ja k\u00f5rge 112 kandev\u00f5ime indeks v\u00f5imaldavad sellel rehvil hoiduda ka intensiivsel s\u00f5idul, pakkudes turvalist ja kindlat haardumist.<\/p>\n<p>Kiirusindeks Y toob kaasa vajaduse s\u00e4ilitada optimaalsed ohutusstandardeid ka suurep\u00e4rase j\u00f5udluse juures. K\u00fctuses\u00e4\u00e4stu klass D v\u00f5imaldab s\u00f5idukil t\u00f5husamalt k\u00fctust kasutada, v\u00e4hendades tarbimist pikaajaliselt. M\u00e4rgalae klass A tagab suurep\u00e4rase haarduvuse m\u00e4rgades tingimustes, suurendades s\u00f5iduki stabiilsust. Lisaks on rehvi m\u00fcratase klass B taganud rahuliku ja mugava s\u00f5idukogemuse ka pikemate s\u00f5itude jooksul.<\/p>\n<p>2024. Dot Year kinnitab, et tegemist on kaasaegse ja aktuaalse tootega. YOKOHAMA ADVAN SPORT V107 on ideaalne valik juhile, kes otsib sportlikku, ohutut ja efektiivset rehvilahendust igal teel.<\/p>","protected":false},"excerpt":{"rendered":"<p>YOKOHAMA ADVAN SPORT V107 112Y XL RPB DAB73 pakub k\u00f5igile sportlikule s\u00f5idustiilile unikaalset j\u00f5udlust ja stabiilsust. Rehvi m\u00f5\u00f5tmed 305\/40R20 tagavad muljetavaldava kontaktpinna ning tasakaalustatud soorituse nii kuival kui m\u00e4rjal teel. XL versioon ja k\u00f5rge 112 kandev\u00f5ime indeks v\u00f5imaldavad sellel rehvil hoiduda ka intensiivsel s\u00f5idul, pakkudes turvalist ja kindlat haardumist. Kiirusindeks Y toob kaasa vajaduse s\u00e4ilitada [&hellip;]<\/p>\n","protected":false},"featured_media":124066,"template":"","meta":{"site-sidebar-layout":"default","site-content-layout":"","ast-site-content-layout":"","site-content-style":"default","site-sidebar-style":"default","ast-global-header-display":"","ast-banner-title-visibility":"","ast-main-header-display":"","ast-hfb-above-header-display":"","ast-hfb-below-header-display":"","ast-hfb-mobile-header-display":"","site-post-title":"","ast-breadcrumbs-content":"","ast-featured-img":"","footer-sml-layout":"","theme-transparent-header-meta":"","adv-header-id-meta":"","stick-header-meta":"","header-above-stick-meta":"","header-main-stick-meta":"","header-below-stick-meta":"","astra-migrate-meta-layouts":"default","ast-page-background-enabled":"default","ast-page-background-meta":{"desktop":{"background-color":"","background-image":"","background-repeat":"repeat","background-position":"center center","background-size":"auto","background-attachment":"scroll","background-type":"","background-media":"","overlay-type":"","overlay-color":"","overlay-opacity":"","overlay-gradient":""},"tablet":{"background-color":"","background-image":"","background-repeat":"repeat","background-position":"center center","background-size":"auto","background-attachment":"scroll","background-type":"","background-media":"","overlay-type":"","overlay-color":"","overlay-opacity":"","overlay-gradient":""},"mobile":{"background-color":"","background-image":"","background-repeat":"repeat","background-position":"center center","background-size":"auto","background-attachment":"scroll","background-type":"","background-media":"","overlay-type":"","overlay-color":"","overlay-opacity":"","overlay-gradient":""}},"ast-content-background-meta":{"desktop":{"background-color":"var(--ast-global-color-5)","background-image":"","background-repeat":"repeat","background-position":"center center","background-size":"auto","background-attachment":"scroll","background-type":"","background-media":"","overlay-type":"","overlay-color":"","overlay-opacity":"","overlay-gradient":""},"tablet":{"background-color":"var(--ast-global-color-5)","background-image":"","background-repeat":"repeat","background-position":"center center","background-size":"auto","background-attachment":"scroll","background-type":"","background-media":"","overlay-type":"","overlay-color":"","overlay-opacity":"","overlay-gradient":""},"mobile":{"background-color":"var(--ast-global-color-5)","background-image":"","background-repeat":"repeat","background-position":"center center","background-size":"auto","background-attachment":"scroll","background-type":"","background-media":"","overlay-type":"","overlay-color":"","overlay-opacity":"","overlay-gradient":""}}},"product_brand":[],"product_cat":[34225],"product_tag":[],"pa_brand_name":[17766],"class_list":{"0":"post-120297","1":"product","2":"type-product","3":"status-publish","4":"has-post-thumbnail","6":"product_cat-summer-tires-pv","7":"pa_brand_name-yokohama","8":"desktop-align-left","9":"tablet-align-left","10":"mobile-align-left","12":"first","13":"instock","14":"taxable","15":"shipping-taxable","16":"purchasable","17":"product-type-simple"},"_links":{"self":[{"href":"https:\/\/shop.rettum.ee\/en\/wp-json\/wp\/v2\/product\/120297","targetHints":{"allow":["GET"]}}],"collection":[{"href":"https:\/\/shop.rettum.ee\/en\/wp-json\/wp\/v2\/product"}],"about":[{"href":"https:\/\/shop.rettum.ee\/en\/wp-json\/wp\/v2\/types\/product"}],"version-history":[{"count":1,"href":"https:\/\/shop.rettum.ee\/en\/wp-json\/wp\/v2\/product\/120297\/revisions"}],"predecessor-version":[{"id":126232,"href":"https:\/\/shop.rettum.ee\/en\/wp-json\/wp\/v2\/product\/120297\/revisions\/126232"}],"wp:featuredmedia":[{"embeddable":true,"href":"https:\/\/shop.rettum.ee\/en\/wp-json\/wp\/v2\/media\/124066"}],"wp:attachment":[{"href":"https:\/\/shop.rettum.ee\/en\/wp-json\/wp\/v2\/media?parent=120297"}],"wp:term":[{"taxonomy":"product_brand","embeddable":true,"href":"https:\/\/shop.rettum.ee\/en\/wp-json\/wp\/v2\/product_brand?post=120297"},{"taxonomy":"product_cat","embeddable":true,"href":"https:\/\/shop.rettum.ee\/en\/wp-json\/wp\/v2\/product_cat?post=120297"},{"taxonomy":"product_tag","embeddable":true,"href":"https:\/\/shop.rettum.ee\/en\/wp-json\/wp\/v2\/product_tag?post=120297"},{"taxonomy":"pa_brand_name","embeddable":true,"href":"https:\/\/shop.rettum.ee\/en\/wp-json\/wp\/v2\/pa_brand_name?post=120297"}],"curies":[{"name":"wp","href":"https:\/\/api.w.org\/{rel}","templated":true}]}}