{"id":120315,"date":"2025-03-31T03:00:45","date_gmt":"2025-03-31T00:00:45","guid":{"rendered":"https:\/\/shop.rettum.ee\/toode\/315-30r23-yokohama-advan-sport-v107e-111y-xl-hl-rpb-daa71\/"},"modified":"2026-03-22T03:04:16","modified_gmt":"2026-03-22T01:04:16","slug":"315-30r23-yokohama-advan-sport-v107e-111y-xl-hl-rpb-daa71","status":"publish","type":"product","link":"https:\/\/shop.rettum.ee\/en\/product\/315-30r23-yokohama-advan-sport-v107e-111y-xl-hl-rpb-daa71\/","title":{"rendered":"315\/30R23 YOKOHAMA ADVAN SPORT V107E 111Y XL (*) HL RPB DAA71"},"content":{"rendered":"<p>Yokohama ADVAN SPORT V107E 315\/30R23 on tippklassi suverehv, mis \u00fchendab muljetavaldava j\u00f5udluse ja usaldusv\u00e4\u00e4rsuse. See rehv on spetsiaalselt disainitud k\u00f5rgs\u00f5iduks ning tagab erakordse haarduvuse ja stabiilsuse nii maanteel kui ka rajal. 315 mm laiuse rehvi ja madala profiiliga disaini tulemusel saavutatakse maksimaalne kontakt maapinnaga, pakkudes selget ja t\u00e4pset juhitavust igas kurvis. <\/p>\n<p>Rehvi kood 111Y n\u00e4itab k\u00f5rget kiirusv\u00f5ime ja suure koormuskindluse XL konstruktsioon tagab t\u00e4iendava turvalisuse ka suuremate koormuste korral. T\u00e4iendavad tehnoloogilised uuendused, mida t\u00e4histavad HL, RPB ja DAA71, hoolivad rehvile lisastabiilsusest ning pikendavad selle t\u00f6\u00f6iga. <\/p>\n<p>Ideaalne valik sportlikku s\u00f5idukit omavale, kes hindavad nii j\u00f5udlust kui ka ohutust. Yokohama ADVAN SPORT V107E \u00fchendab tipptasemel innovatsiooni ja disaini, pakkudes s\u00f5idunautset iga kurvi ja kiirendust.<\/p>","protected":false},"excerpt":{"rendered":"<p>Yokohama ADVAN SPORT V107E 315\/30R23 on tippklassi suverehv, mis \u00fchendab muljetavaldava j\u00f5udluse ja usaldusv\u00e4\u00e4rsuse. See rehv on spetsiaalselt disainitud k\u00f5rgs\u00f5iduks ning tagab erakordse haarduvuse ja stabiilsuse nii maanteel kui ka rajal. 315 mm laiuse rehvi ja madala profiiliga disaini tulemusel saavutatakse maksimaalne kontakt maapinnaga, pakkudes selget ja t\u00e4pset juhitavust igas kurvis. Rehvi kood 111Y n\u00e4itab [&hellip;]<\/p>\n","protected":false},"featured_media":124073,"template":"","meta":{"site-sidebar-layout":"default","site-content-layout":"","ast-site-content-layout":"","site-content-style":"default","site-sidebar-style":"default","ast-global-header-display":"","ast-banner-title-visibility":"","ast-main-header-display":"","ast-hfb-above-header-display":"","ast-hfb-below-header-display":"","ast-hfb-mobile-header-display":"","site-post-title":"","ast-breadcrumbs-content":"","ast-featured-img":"","footer-sml-layout":"","theme-transparent-header-meta":"","adv-header-id-meta":"","stick-header-meta":"","header-above-stick-meta":"","header-main-stick-meta":"","header-below-stick-meta":"","astra-migrate-meta-layouts":"default","ast-page-background-enabled":"default","ast-page-background-meta":{"desktop":{"background-color":"","background-image":"","background-repeat":"repeat","background-position":"center center","background-size":"auto","background-attachment":"scroll","background-type":"","background-media":"","overlay-type":"","overlay-color":"","overlay-opacity":"","overlay-gradient":""},"tablet":{"background-color":"","background-image":"","background-repeat":"repeat","background-position":"center center","background-size":"auto","background-attachment":"scroll","background-type":"","background-media":"","overlay-type":"","overlay-color":"","overlay-opacity":"","overlay-gradient":""},"mobile":{"background-color":"","background-image":"","background-repeat":"repeat","background-position":"center center","background-size":"auto","background-attachment":"scroll","background-type":"","background-media":"","overlay-type":"","overlay-color":"","overlay-opacity":"","overlay-gradient":""}},"ast-content-background-meta":{"desktop":{"background-color":"var(--ast-global-color-5)","background-image":"","background-repeat":"repeat","background-position":"center center","background-size":"auto","background-attachment":"scroll","background-type":"","background-media":"","overlay-type":"","overlay-color":"","overlay-opacity":"","overlay-gradient":""},"tablet":{"background-color":"var(--ast-global-color-5)","background-image":"","background-repeat":"repeat","background-position":"center center","background-size":"auto","background-attachment":"scroll","background-type":"","background-media":"","overlay-type":"","overlay-color":"","overlay-opacity":"","overlay-gradient":""},"mobile":{"background-color":"var(--ast-global-color-5)","background-image":"","background-repeat":"repeat","background-position":"center center","background-size":"auto","background-attachment":"scroll","background-type":"","background-media":"","overlay-type":"","overlay-color":"","overlay-opacity":"","overlay-gradient":""}}},"product_brand":[],"product_cat":[34225],"product_tag":[],"pa_brand_name":[17766],"class_list":{"0":"post-120315","1":"product","2":"type-product","3":"status-publish","4":"has-post-thumbnail","6":"product_cat-summer-tires-pv","7":"pa_brand_name-yokohama","8":"desktop-align-left","9":"tablet-align-left","10":"mobile-align-left","12":"first","13":"outofstock","14":"taxable","15":"shipping-taxable","16":"purchasable","17":"product-type-simple"},"_links":{"self":[{"href":"https:\/\/shop.rettum.ee\/en\/wp-json\/wp\/v2\/product\/120315","targetHints":{"allow":["GET"]}}],"collection":[{"href":"https:\/\/shop.rettum.ee\/en\/wp-json\/wp\/v2\/product"}],"about":[{"href":"https:\/\/shop.rettum.ee\/en\/wp-json\/wp\/v2\/types\/product"}],"version-history":[{"count":1,"href":"https:\/\/shop.rettum.ee\/en\/wp-json\/wp\/v2\/product\/120315\/revisions"}],"predecessor-version":[{"id":126214,"href":"https:\/\/shop.rettum.ee\/en\/wp-json\/wp\/v2\/product\/120315\/revisions\/126214"}],"wp:featuredmedia":[{"embeddable":true,"href":"https:\/\/shop.rettum.ee\/en\/wp-json\/wp\/v2\/media\/124073"}],"wp:attachment":[{"href":"https:\/\/shop.rettum.ee\/en\/wp-json\/wp\/v2\/media?parent=120315"}],"wp:term":[{"taxonomy":"product_brand","embeddable":true,"href":"https:\/\/shop.rettum.ee\/en\/wp-json\/wp\/v2\/product_brand?post=120315"},{"taxonomy":"product_cat","embeddable":true,"href":"https:\/\/shop.rettum.ee\/en\/wp-json\/wp\/v2\/product_cat?post=120315"},{"taxonomy":"product_tag","embeddable":true,"href":"https:\/\/shop.rettum.ee\/en\/wp-json\/wp\/v2\/product_tag?post=120315"},{"taxonomy":"pa_brand_name","embeddable":true,"href":"https:\/\/shop.rettum.ee\/en\/wp-json\/wp\/v2\/pa_brand_name?post=120315"}],"curies":[{"name":"wp","href":"https:\/\/api.w.org\/{rel}","templated":true}]}}