{"id":120320,"date":"2025-03-31T03:00:49","date_gmt":"2025-03-31T00:00:49","guid":{"rendered":"https:\/\/shop.rettum.ee\/toode\/165-65r15-triangle-reliaxtouring-te307a-81h-bcb70-ms\/"},"modified":"2026-03-13T02:45:28","modified_gmt":"2026-03-13T00:45:28","slug":"165-65r15-triangle-reliaxtouring-te307a-81h-bcb70-ms","status":"publish","type":"product","link":"https:\/\/shop.rettum.ee\/en\/product\/165-65r15-triangle-reliaxtouring-te307a-81h-bcb70-ms\/","title":{"rendered":"165\/65R15 TRIANGLE RELIAXTOURING (TE307A) 81H BCB70 M+S"},"content":{"rendered":"<p>TRIANGLE RELIAXTOURING (TE307A) 165\/65R15 on k\u00f5rgkvaliteediline rehv, mis on loodud tagama stabiilset ja turvalist s\u00f5itu erinevates teeoludes. Selle 81H klassi rehv pakub ideaalset kombinatsiooni koormusv\u00f5ime ja kiirusindeksiga, sobides nii igap\u00e4evaseks s\u00f5iduks kui ka pikemateks reisideks. BCB70 tehnoloogia tagab rehvile suurep\u00e4rase vastupidavuse ning pikema eluea, samal ajal kui M+S m\u00e4rgistus viitab selle v\u00f5imele toime tulla nii muda, s\u00f5na kui ka kergete talviste tingimustega.<\/p>\n<p>Kaasaegse disaini toel on see rehv loodud tagama sujuva ja rahuliku s\u00f5idukogemuse. TRIANGLE RELIAXTOURING seob endas efektiivse k\u00fctuses\u00e4\u00e4stu ja optimaalse pidamise, v\u00f5imaldades soetajal nautida maksimaalset s\u00f5idu mugavust ja kindlustunnet igal teekonnal. See rehv on usaldusv\u00e4\u00e4rne partner igap\u00e4evasel teel ning sobib ideaalselt neile, kes hindavad ohutust ja kvaliteeti.<\/p>","protected":false},"excerpt":{"rendered":"<p>TRIANGLE RELIAXTOURING (TE307A) 165\/65R15 on k\u00f5rgkvaliteediline rehv, mis on loodud tagama stabiilset ja turvalist s\u00f5itu erinevates teeoludes. Selle 81H klassi rehv pakub ideaalset kombinatsiooni koormusv\u00f5ime ja kiirusindeksiga, sobides nii igap\u00e4evaseks s\u00f5iduks kui ka pikemateks reisideks. BCB70 tehnoloogia tagab rehvile suurep\u00e4rase vastupidavuse ning pikema eluea, samal ajal kui M+S m\u00e4rgistus viitab selle v\u00f5imele toime tulla nii [&hellip;]<\/p>\n","protected":false},"featured_media":124070,"template":"","meta":{"site-sidebar-layout":"default","site-content-layout":"","ast-site-content-layout":"","site-content-style":"default","site-sidebar-style":"default","ast-global-header-display":"","ast-banner-title-visibility":"","ast-main-header-display":"","ast-hfb-above-header-display":"","ast-hfb-below-header-display":"","ast-hfb-mobile-header-display":"","site-post-title":"","ast-breadcrumbs-content":"","ast-featured-img":"","footer-sml-layout":"","theme-transparent-header-meta":"","adv-header-id-meta":"","stick-header-meta":"","header-above-stick-meta":"","header-main-stick-meta":"","header-below-stick-meta":"","astra-migrate-meta-layouts":"default","ast-page-background-enabled":"default","ast-page-background-meta":{"desktop":{"background-color":"","background-image":"","background-repeat":"repeat","background-position":"center center","background-size":"auto","background-attachment":"scroll","background-type":"","background-media":"","overlay-type":"","overlay-color":"","overlay-opacity":"","overlay-gradient":""},"tablet":{"background-color":"","background-image":"","background-repeat":"repeat","background-position":"center center","background-size":"auto","background-attachment":"scroll","background-type":"","background-media":"","overlay-type":"","overlay-color":"","overlay-opacity":"","overlay-gradient":""},"mobile":{"background-color":"","background-image":"","background-repeat":"repeat","background-position":"center center","background-size":"auto","background-attachment":"scroll","background-type":"","background-media":"","overlay-type":"","overlay-color":"","overlay-opacity":"","overlay-gradient":""}},"ast-content-background-meta":{"desktop":{"background-color":"var(--ast-global-color-5)","background-image":"","background-repeat":"repeat","background-position":"center center","background-size":"auto","background-attachment":"scroll","background-type":"","background-media":"","overlay-type":"","overlay-color":"","overlay-opacity":"","overlay-gradient":""},"tablet":{"background-color":"var(--ast-global-color-5)","background-image":"","background-repeat":"repeat","background-position":"center center","background-size":"auto","background-attachment":"scroll","background-type":"","background-media":"","overlay-type":"","overlay-color":"","overlay-opacity":"","overlay-gradient":""},"mobile":{"background-color":"var(--ast-global-color-5)","background-image":"","background-repeat":"repeat","background-position":"center center","background-size":"auto","background-attachment":"scroll","background-type":"","background-media":"","overlay-type":"","overlay-color":"","overlay-opacity":"","overlay-gradient":""}}},"product_brand":[],"product_cat":[34225],"product_tag":[],"pa_brand_name":[16873],"class_list":{"0":"post-120320","1":"product","2":"type-product","3":"status-publish","4":"has-post-thumbnail","6":"product_cat-summer-tires-pv","7":"pa_brand_name-triangle","8":"desktop-align-left","9":"tablet-align-left","10":"mobile-align-left","12":"first","13":"outofstock","14":"taxable","15":"shipping-taxable","16":"purchasable","17":"product-type-simple"},"_links":{"self":[{"href":"https:\/\/shop.rettum.ee\/en\/wp-json\/wp\/v2\/product\/120320","targetHints":{"allow":["GET"]}}],"collection":[{"href":"https:\/\/shop.rettum.ee\/en\/wp-json\/wp\/v2\/product"}],"about":[{"href":"https:\/\/shop.rettum.ee\/en\/wp-json\/wp\/v2\/types\/product"}],"version-history":[{"count":1,"href":"https:\/\/shop.rettum.ee\/en\/wp-json\/wp\/v2\/product\/120320\/revisions"}],"predecessor-version":[{"id":126209,"href":"https:\/\/shop.rettum.ee\/en\/wp-json\/wp\/v2\/product\/120320\/revisions\/126209"}],"wp:featuredmedia":[{"embeddable":true,"href":"https:\/\/shop.rettum.ee\/en\/wp-json\/wp\/v2\/media\/124070"}],"wp:attachment":[{"href":"https:\/\/shop.rettum.ee\/en\/wp-json\/wp\/v2\/media?parent=120320"}],"wp:term":[{"taxonomy":"product_brand","embeddable":true,"href":"https:\/\/shop.rettum.ee\/en\/wp-json\/wp\/v2\/product_brand?post=120320"},{"taxonomy":"product_cat","embeddable":true,"href":"https:\/\/shop.rettum.ee\/en\/wp-json\/wp\/v2\/product_cat?post=120320"},{"taxonomy":"product_tag","embeddable":true,"href":"https:\/\/shop.rettum.ee\/en\/wp-json\/wp\/v2\/product_tag?post=120320"},{"taxonomy":"pa_brand_name","embeddable":true,"href":"https:\/\/shop.rettum.ee\/en\/wp-json\/wp\/v2\/pa_brand_name?post=120320"}],"curies":[{"name":"wp","href":"https:\/\/api.w.org\/{rel}","templated":true}]}}