{"id":120331,"date":"2025-03-31T03:01:00","date_gmt":"2025-03-31T00:01:00","guid":{"rendered":"https:\/\/shop.rettum.ee\/toode\/305-30r21-yokohama-advan-sport-v107b-104y-xl-rpb-caa71\/"},"modified":"2026-03-30T02:45:36","modified_gmt":"2026-03-29T23:45:36","slug":"305-30r21-yokohama-advan-sport-v107b-104y-xl-rpb-caa71","status":"publish","type":"product","link":"https:\/\/shop.rettum.ee\/en\/product\/305-30r21-yokohama-advan-sport-v107b-104y-xl-rpb-caa71\/","title":{"rendered":"305\/30R21 YOKOHAMA ADVAN SPORT V107B 104Y XL RPB CAA71"},"content":{"rendered":"<p>Tutvustame uhiuus YOKOHAMA ADVAN SPORT V107B rehvi, mis on loodud k\u00f5rgetest j\u00f5udlustest n\u00f5udvatele s\u00f5idukitele. Rehvi m\u00f5\u00f5tmed 305\/30R21 tagavad stabiilsuse ja sportliku juhtimise igal teel \u2013 305 mm laius, 30% k\u00fclgseina proportsioon ning 21-tolline l\u00e4bim\u00f5\u00f5t loovad t\u00e4iusliku tasakaalu ja vastupidavuse. <\/p>\n<p>Rehvi konstruktsioon on radiaalne ning see toetab maksimaalset koormust koorminduse indeksiga 104, v\u00f5imaldades s\u00f5ita k\u00f5rge kiirusega t\u00e4nu kiirusindeksile Y. K\u00fctuses\u00e4\u00e4stlikus katses saavutab see rehvit klassi C, mis soodustab madalamat k\u00fctusekulu pikematel s\u00f5itudel. <\/p>\n<p>Lisaks k\u00f5rgele k\u00fctuses\u00e4\u00e4stlikkusele on rehvi m\u00e4rgmaastikul haarduvus hinnatud A klassiga, pakkudes turvalist ja enesekindlat s\u00f5itu niisketel teedel. Madala m\u00fcratasemega, klass A (71 dB) roolidee pakub meeldivat ja vaikset s\u00f5idukogemust, v\u00e4hendades m\u00fcra autokabiinis. <\/p>\n<p>Disainitud spetsiaalselt 2024. Dot Year standardite j\u00e4rgi, \u00fchendab YOKOHAMA ADVAN SPORT V107B sportliku v\u00e4limuse, k\u00f5rge j\u00f5udluse ja ohutuse, mis muudab selle ideaalseks valikuks kogenud juhtidele, kes hindavad nii stiili kui ka praktilisust.<\/p>","protected":false},"excerpt":{"rendered":"<p>Tutvustame uhiuus YOKOHAMA ADVAN SPORT V107B rehvi, mis on loodud k\u00f5rgetest j\u00f5udlustest n\u00f5udvatele s\u00f5idukitele. Rehvi m\u00f5\u00f5tmed 305\/30R21 tagavad stabiilsuse ja sportliku juhtimise igal teel \u2013 305 mm laius, 30% k\u00fclgseina proportsioon ning 21-tolline l\u00e4bim\u00f5\u00f5t loovad t\u00e4iusliku tasakaalu ja vastupidavuse. Rehvi konstruktsioon on radiaalne ning see toetab maksimaalset koormust koorminduse indeksiga 104, v\u00f5imaldades s\u00f5ita k\u00f5rge kiirusega [&hellip;]<\/p>\n","protected":false},"featured_media":124066,"template":"","meta":{"site-sidebar-layout":"default","site-content-layout":"","ast-site-content-layout":"","site-content-style":"default","site-sidebar-style":"default","ast-global-header-display":"","ast-banner-title-visibility":"","ast-main-header-display":"","ast-hfb-above-header-display":"","ast-hfb-below-header-display":"","ast-hfb-mobile-header-display":"","site-post-title":"","ast-breadcrumbs-content":"","ast-featured-img":"","footer-sml-layout":"","theme-transparent-header-meta":"","adv-header-id-meta":"","stick-header-meta":"","header-above-stick-meta":"","header-main-stick-meta":"","header-below-stick-meta":"","astra-migrate-meta-layouts":"default","ast-page-background-enabled":"default","ast-page-background-meta":{"desktop":{"background-color":"","background-image":"","background-repeat":"repeat","background-position":"center center","background-size":"auto","background-attachment":"scroll","background-type":"","background-media":"","overlay-type":"","overlay-color":"","overlay-opacity":"","overlay-gradient":""},"tablet":{"background-color":"","background-image":"","background-repeat":"repeat","background-position":"center center","background-size":"auto","background-attachment":"scroll","background-type":"","background-media":"","overlay-type":"","overlay-color":"","overlay-opacity":"","overlay-gradient":""},"mobile":{"background-color":"","background-image":"","background-repeat":"repeat","background-position":"center center","background-size":"auto","background-attachment":"scroll","background-type":"","background-media":"","overlay-type":"","overlay-color":"","overlay-opacity":"","overlay-gradient":""}},"ast-content-background-meta":{"desktop":{"background-color":"var(--ast-global-color-5)","background-image":"","background-repeat":"repeat","background-position":"center center","background-size":"auto","background-attachment":"scroll","background-type":"","background-media":"","overlay-type":"","overlay-color":"","overlay-opacity":"","overlay-gradient":""},"tablet":{"background-color":"var(--ast-global-color-5)","background-image":"","background-repeat":"repeat","background-position":"center center","background-size":"auto","background-attachment":"scroll","background-type":"","background-media":"","overlay-type":"","overlay-color":"","overlay-opacity":"","overlay-gradient":""},"mobile":{"background-color":"var(--ast-global-color-5)","background-image":"","background-repeat":"repeat","background-position":"center center","background-size":"auto","background-attachment":"scroll","background-type":"","background-media":"","overlay-type":"","overlay-color":"","overlay-opacity":"","overlay-gradient":""}}},"product_brand":[],"product_cat":[34225],"product_tag":[],"pa_brand_name":[17766],"class_list":{"0":"post-120331","1":"product","2":"type-product","3":"status-publish","4":"has-post-thumbnail","6":"product_cat-summer-tires-pv","7":"pa_brand_name-yokohama","8":"desktop-align-left","9":"tablet-align-left","10":"mobile-align-left","12":"first","13":"instock","14":"taxable","15":"shipping-taxable","16":"purchasable","17":"product-type-simple"},"_links":{"self":[{"href":"https:\/\/shop.rettum.ee\/en\/wp-json\/wp\/v2\/product\/120331","targetHints":{"allow":["GET"]}}],"collection":[{"href":"https:\/\/shop.rettum.ee\/en\/wp-json\/wp\/v2\/product"}],"about":[{"href":"https:\/\/shop.rettum.ee\/en\/wp-json\/wp\/v2\/types\/product"}],"version-history":[{"count":1,"href":"https:\/\/shop.rettum.ee\/en\/wp-json\/wp\/v2\/product\/120331\/revisions"}],"predecessor-version":[{"id":126196,"href":"https:\/\/shop.rettum.ee\/en\/wp-json\/wp\/v2\/product\/120331\/revisions\/126196"}],"wp:featuredmedia":[{"embeddable":true,"href":"https:\/\/shop.rettum.ee\/en\/wp-json\/wp\/v2\/media\/124066"}],"wp:attachment":[{"href":"https:\/\/shop.rettum.ee\/en\/wp-json\/wp\/v2\/media?parent=120331"}],"wp:term":[{"taxonomy":"product_brand","embeddable":true,"href":"https:\/\/shop.rettum.ee\/en\/wp-json\/wp\/v2\/product_brand?post=120331"},{"taxonomy":"product_cat","embeddable":true,"href":"https:\/\/shop.rettum.ee\/en\/wp-json\/wp\/v2\/product_cat?post=120331"},{"taxonomy":"product_tag","embeddable":true,"href":"https:\/\/shop.rettum.ee\/en\/wp-json\/wp\/v2\/product_tag?post=120331"},{"taxonomy":"pa_brand_name","embeddable":true,"href":"https:\/\/shop.rettum.ee\/en\/wp-json\/wp\/v2\/pa_brand_name?post=120331"}],"curies":[{"name":"wp","href":"https:\/\/api.w.org\/{rel}","templated":true}]}}