{"id":120336,"date":"2025-03-31T03:01:03","date_gmt":"2025-03-31T00:01:03","guid":{"rendered":"https:\/\/shop.rettum.ee\/toode\/235-60r18-yokohama-bluearth-xt-ae61e-103h-runflat-bcb69\/"},"modified":"2026-03-22T03:04:24","modified_gmt":"2026-03-22T01:04:24","slug":"235-60r18-yokohama-bluearth-xt-ae61e-103h-runflat-bcb69","status":"publish","type":"product","link":"https:\/\/shop.rettum.ee\/en\/product\/235-60r18-yokohama-bluearth-xt-ae61e-103h-runflat-bcb69\/","title":{"rendered":"235\/60R18 YOKOHAMA BLUEARTH-XT AE61E 103H RunFlat BCB69"},"content":{"rendered":"<p>YOKOHAMA BLUEARTH-XT AE61E 103H RunFlat BCB69 on innovatiivne rehvimudel, mis pakub erakordset s\u00f5iduohutust ja t\u00f6\u00f6kindlust. Rehvi m\u00f5\u00f5t 235\/60R18 tagab stabiilse haarduvuse ja optimaalse j\u00f5udluse nii kuival kui ka m\u00e4rgel teel. T\u00e4nu tipptasemel RunFlat tehnoloogiale v\u00f5imaldab see rehv s\u00f5ita ka kummaski olukorras rehvi \u00f5nnetusliku kahjustumise korral, andes autojuhile v\u00f5imaluse ohutult turvaliseks s\u00f5iduks kuni remondi v\u00f5i rehvivahetuseni.<\/p>\n<p>Rehvi 103H klass on loodud vastama k\u00f5rgetele koormus- ja kiirusn\u00f5uetele, muutes selle ideaalseks nii igap\u00e4evaseks linnas\u00f5iduks kui ka pikemateks teekondadeks. YOKOHAMA br\u00e4nd on tuntud oma usaldusv\u00e4\u00e4rsete ja kvaliteetsete rehvide poolest, mis tagavad pideva ja \u00fchtlase s\u00f5idumugavuse.<\/p>\n<p>Investeeri YOKOHAMA BLUEARTH-XT AE61E 103H RunFlat BCB69 rehvidesse ja koge turvalisust, innovatsiooni ning vastupidavust, mida sinu s\u00f5iduk v\u00e4\u00e4rib.<\/p>","protected":false},"excerpt":{"rendered":"<p>YOKOHAMA BLUEARTH-XT AE61E 103H RunFlat BCB69 on innovatiivne rehvimudel, mis pakub erakordset s\u00f5iduohutust ja t\u00f6\u00f6kindlust. Rehvi m\u00f5\u00f5t 235\/60R18 tagab stabiilse haarduvuse ja optimaalse j\u00f5udluse nii kuival kui ka m\u00e4rgel teel. T\u00e4nu tipptasemel RunFlat tehnoloogiale v\u00f5imaldab see rehv s\u00f5ita ka kummaski olukorras rehvi \u00f5nnetusliku kahjustumise korral, andes autojuhile v\u00f5imaluse ohutult turvaliseks s\u00f5iduks kuni remondi v\u00f5i rehvivahetuseni. [&hellip;]<\/p>\n","protected":false},"featured_media":124064,"template":"","meta":{"site-sidebar-layout":"default","site-content-layout":"","ast-site-content-layout":"","site-content-style":"default","site-sidebar-style":"default","ast-global-header-display":"","ast-banner-title-visibility":"","ast-main-header-display":"","ast-hfb-above-header-display":"","ast-hfb-below-header-display":"","ast-hfb-mobile-header-display":"","site-post-title":"","ast-breadcrumbs-content":"","ast-featured-img":"","footer-sml-layout":"","theme-transparent-header-meta":"","adv-header-id-meta":"","stick-header-meta":"","header-above-stick-meta":"","header-main-stick-meta":"","header-below-stick-meta":"","astra-migrate-meta-layouts":"default","ast-page-background-enabled":"default","ast-page-background-meta":{"desktop":{"background-color":"","background-image":"","background-repeat":"repeat","background-position":"center center","background-size":"auto","background-attachment":"scroll","background-type":"","background-media":"","overlay-type":"","overlay-color":"","overlay-opacity":"","overlay-gradient":""},"tablet":{"background-color":"","background-image":"","background-repeat":"repeat","background-position":"center center","background-size":"auto","background-attachment":"scroll","background-type":"","background-media":"","overlay-type":"","overlay-color":"","overlay-opacity":"","overlay-gradient":""},"mobile":{"background-color":"","background-image":"","background-repeat":"repeat","background-position":"center center","background-size":"auto","background-attachment":"scroll","background-type":"","background-media":"","overlay-type":"","overlay-color":"","overlay-opacity":"","overlay-gradient":""}},"ast-content-background-meta":{"desktop":{"background-color":"var(--ast-global-color-5)","background-image":"","background-repeat":"repeat","background-position":"center center","background-size":"auto","background-attachment":"scroll","background-type":"","background-media":"","overlay-type":"","overlay-color":"","overlay-opacity":"","overlay-gradient":""},"tablet":{"background-color":"var(--ast-global-color-5)","background-image":"","background-repeat":"repeat","background-position":"center center","background-size":"auto","background-attachment":"scroll","background-type":"","background-media":"","overlay-type":"","overlay-color":"","overlay-opacity":"","overlay-gradient":""},"mobile":{"background-color":"var(--ast-global-color-5)","background-image":"","background-repeat":"repeat","background-position":"center center","background-size":"auto","background-attachment":"scroll","background-type":"","background-media":"","overlay-type":"","overlay-color":"","overlay-opacity":"","overlay-gradient":""}}},"product_brand":[],"product_cat":[34225],"product_tag":[],"pa_brand_name":[17766],"class_list":{"0":"post-120336","1":"product","2":"type-product","3":"status-publish","4":"has-post-thumbnail","6":"product_cat-summer-tires-pv","7":"pa_brand_name-yokohama","8":"desktop-align-left","9":"tablet-align-left","10":"mobile-align-left","12":"first","13":"outofstock","14":"taxable","15":"shipping-taxable","16":"purchasable","17":"product-type-simple"},"_links":{"self":[{"href":"https:\/\/shop.rettum.ee\/en\/wp-json\/wp\/v2\/product\/120336","targetHints":{"allow":["GET"]}}],"collection":[{"href":"https:\/\/shop.rettum.ee\/en\/wp-json\/wp\/v2\/product"}],"about":[{"href":"https:\/\/shop.rettum.ee\/en\/wp-json\/wp\/v2\/types\/product"}],"version-history":[{"count":1,"href":"https:\/\/shop.rettum.ee\/en\/wp-json\/wp\/v2\/product\/120336\/revisions"}],"predecessor-version":[{"id":126193,"href":"https:\/\/shop.rettum.ee\/en\/wp-json\/wp\/v2\/product\/120336\/revisions\/126193"}],"wp:featuredmedia":[{"embeddable":true,"href":"https:\/\/shop.rettum.ee\/en\/wp-json\/wp\/v2\/media\/124064"}],"wp:attachment":[{"href":"https:\/\/shop.rettum.ee\/en\/wp-json\/wp\/v2\/media?parent=120336"}],"wp:term":[{"taxonomy":"product_brand","embeddable":true,"href":"https:\/\/shop.rettum.ee\/en\/wp-json\/wp\/v2\/product_brand?post=120336"},{"taxonomy":"product_cat","embeddable":true,"href":"https:\/\/shop.rettum.ee\/en\/wp-json\/wp\/v2\/product_cat?post=120336"},{"taxonomy":"product_tag","embeddable":true,"href":"https:\/\/shop.rettum.ee\/en\/wp-json\/wp\/v2\/product_tag?post=120336"},{"taxonomy":"pa_brand_name","embeddable":true,"href":"https:\/\/shop.rettum.ee\/en\/wp-json\/wp\/v2\/pa_brand_name?post=120336"}],"curies":[{"name":"wp","href":"https:\/\/api.w.org\/{rel}","templated":true}]}}