{"id":120339,"date":"2025-03-31T03:01:06","date_gmt":"2025-03-31T00:01:06","guid":{"rendered":"https:\/\/shop.rettum.ee\/toode\/205-55r16-goodyear-ultra-grip-arctic-2-94t-xl-ncs-sct-dot22-studded-3pmsf-ms\/"},"modified":"2025-10-16T02:45:31","modified_gmt":"2025-10-15T23:45:31","slug":"205-55r16-goodyear-ultra-grip-arctic-2-94t-xl-ncs-sct-dot22-studded-3pmsf-ms","status":"publish","type":"product","link":"https:\/\/shop.rettum.ee\/en\/product\/205-55r16-goodyear-ultra-grip-arctic-2-94t-xl-ncs-sct-dot22-studded-3pmsf-ms\/","title":{"rendered":"205\/55R16 GOODYEAR ULTRA GRIP ARCTIC 2 94T XL NCS SCT DOT22 Studded 3PMSF M+S"},"content":{"rendered":"<p>Tutvustame rehvi GOODYEAR ULTRA GRIP ARCTIC 2, mis on loodud pakkuma maksimaalset ohutust ja j\u00f5udlust karmides talveoludes. Rehvi m\u00f5\u00f5tmed 205\/55R16 v\u00f5imaldavad sellel sobida paljudele s\u00f5idukitele, pakkudes suurep\u00e4rast stabiilsust ning kindlat k\u00e4itumist nii j\u00e4\u00e4l, lumel kui ka m\u00e4rgadel teedel. <\/p>\n<p>Rehv on varustatud studeediga, mis tagab t\u00e4iendava haardumise liustikul ja j\u00e4istel teedel, muutes s\u00f5idu turvaliseks ka k\u00f5ige n\u00f5udlikumates tingimustes. 3PMSF ja M+S m\u00e4rgistus kinnitab rehvi suurt suutlikkust lumistes ja s\u00fcnkjades oludes, samal ajal kui DOT22 standard tagab rahvusvahelised kvaliteedin\u00f5uded. XL variandi kasutamine ja 94T klassireiting tagavad suure koormustaluvuse ning suurep\u00e4rase kiirusv\u00f5ime, pakkudes auto juhtidele rahu ja kindlustunnet igal teekonnal.<\/p>\n<p>GOODYEAR ULTRA GRIP ARCTIC 2 rehvid on loodud neile, kes hindavad tipptasemel tehnoloogiat, ohutust ja vastupidavust ka k\u00f5ige n\u00f5udlikumates talvetingimustes. Valides selle rehvi, investeerid oma auto turvalisusesse ja usaldusv\u00e4\u00e4rsusse olenemata ilmastikuoludest.<\/p>","protected":false},"excerpt":{"rendered":"<p>Tutvustame rehvi GOODYEAR ULTRA GRIP ARCTIC 2, mis on loodud pakkuma maksimaalset ohutust ja j\u00f5udlust karmides talveoludes. Rehvi m\u00f5\u00f5tmed 205\/55R16 v\u00f5imaldavad sellel sobida paljudele s\u00f5idukitele, pakkudes suurep\u00e4rast stabiilsust ning kindlat k\u00e4itumist nii j\u00e4\u00e4l, lumel kui ka m\u00e4rgadel teedel. Rehv on varustatud studeediga, mis tagab t\u00e4iendava haardumise liustikul ja j\u00e4istel teedel, muutes s\u00f5idu turvaliseks ka k\u00f5ige [&hellip;]<\/p>\n","protected":false},"featured_media":123685,"template":"","meta":{"site-sidebar-layout":"default","site-content-layout":"","ast-site-content-layout":"","site-content-style":"default","site-sidebar-style":"default","ast-global-header-display":"","ast-banner-title-visibility":"","ast-main-header-display":"","ast-hfb-above-header-display":"","ast-hfb-below-header-display":"","ast-hfb-mobile-header-display":"","site-post-title":"","ast-breadcrumbs-content":"","ast-featured-img":"","footer-sml-layout":"","theme-transparent-header-meta":"","adv-header-id-meta":"","stick-header-meta":"","header-above-stick-meta":"","header-main-stick-meta":"","header-below-stick-meta":"","astra-migrate-meta-layouts":"default","ast-page-background-enabled":"default","ast-page-background-meta":{"desktop":{"background-color":"","background-image":"","background-repeat":"repeat","background-position":"center center","background-size":"auto","background-attachment":"scroll","background-type":"","background-media":"","overlay-type":"","overlay-color":"","overlay-opacity":"","overlay-gradient":""},"tablet":{"background-color":"","background-image":"","background-repeat":"repeat","background-position":"center center","background-size":"auto","background-attachment":"scroll","background-type":"","background-media":"","overlay-type":"","overlay-color":"","overlay-opacity":"","overlay-gradient":""},"mobile":{"background-color":"","background-image":"","background-repeat":"repeat","background-position":"center center","background-size":"auto","background-attachment":"scroll","background-type":"","background-media":"","overlay-type":"","overlay-color":"","overlay-opacity":"","overlay-gradient":""}},"ast-content-background-meta":{"desktop":{"background-color":"var(--ast-global-color-5)","background-image":"","background-repeat":"repeat","background-position":"center center","background-size":"auto","background-attachment":"scroll","background-type":"","background-media":"","overlay-type":"","overlay-color":"","overlay-opacity":"","overlay-gradient":""},"tablet":{"background-color":"var(--ast-global-color-5)","background-image":"","background-repeat":"repeat","background-position":"center center","background-size":"auto","background-attachment":"scroll","background-type":"","background-media":"","overlay-type":"","overlay-color":"","overlay-opacity":"","overlay-gradient":""},"mobile":{"background-color":"var(--ast-global-color-5)","background-image":"","background-repeat":"repeat","background-position":"center center","background-size":"auto","background-attachment":"scroll","background-type":"","background-media":"","overlay-type":"","overlay-color":"","overlay-opacity":"","overlay-gradient":""}}},"product_brand":[],"product_cat":[34229],"product_tag":[],"pa_brand_name":[17979],"class_list":{"0":"post-120339","1":"product","2":"type-product","3":"status-publish","4":"has-post-thumbnail","6":"product_cat-winter-tires-with-studs","7":"pa_brand_name-goodyear","8":"desktop-align-left","9":"tablet-align-left","10":"mobile-align-left","12":"first","13":"outofstock","14":"taxable","15":"shipping-taxable","16":"purchasable","17":"product-type-simple"},"_links":{"self":[{"href":"https:\/\/shop.rettum.ee\/en\/wp-json\/wp\/v2\/product\/120339","targetHints":{"allow":["GET"]}}],"collection":[{"href":"https:\/\/shop.rettum.ee\/en\/wp-json\/wp\/v2\/product"}],"about":[{"href":"https:\/\/shop.rettum.ee\/en\/wp-json\/wp\/v2\/types\/product"}],"version-history":[{"count":1,"href":"https:\/\/shop.rettum.ee\/en\/wp-json\/wp\/v2\/product\/120339\/revisions"}],"predecessor-version":[{"id":126189,"href":"https:\/\/shop.rettum.ee\/en\/wp-json\/wp\/v2\/product\/120339\/revisions\/126189"}],"wp:featuredmedia":[{"embeddable":true,"href":"https:\/\/shop.rettum.ee\/en\/wp-json\/wp\/v2\/media\/123685"}],"wp:attachment":[{"href":"https:\/\/shop.rettum.ee\/en\/wp-json\/wp\/v2\/media?parent=120339"}],"wp:term":[{"taxonomy":"product_brand","embeddable":true,"href":"https:\/\/shop.rettum.ee\/en\/wp-json\/wp\/v2\/product_brand?post=120339"},{"taxonomy":"product_cat","embeddable":true,"href":"https:\/\/shop.rettum.ee\/en\/wp-json\/wp\/v2\/product_cat?post=120339"},{"taxonomy":"product_tag","embeddable":true,"href":"https:\/\/shop.rettum.ee\/en\/wp-json\/wp\/v2\/product_tag?post=120339"},{"taxonomy":"pa_brand_name","embeddable":true,"href":"https:\/\/shop.rettum.ee\/en\/wp-json\/wp\/v2\/pa_brand_name?post=120339"}],"curies":[{"name":"wp","href":"https:\/\/api.w.org\/{rel}","templated":true}]}}