{"id":120340,"date":"2025-03-31T03:01:07","date_gmt":"2025-03-31T00:01:07","guid":{"rendered":"https:\/\/shop.rettum.ee\/toode\/225-55r19-goodyear-ultra-grip-arctic-2-suv-103t-xl-dot22-studded-3pmsf-ms\/"},"modified":"2026-03-22T03:04:25","modified_gmt":"2026-03-22T01:04:25","slug":"225-55r19-goodyear-ultra-grip-arctic-2-suv-103t-xl-dot22-studded-3pmsf-ms","status":"publish","type":"product","link":"https:\/\/shop.rettum.ee\/en\/product\/225-55r19-goodyear-ultra-grip-arctic-2-suv-103t-xl-dot22-studded-3pmsf-ms\/","title":{"rendered":"225\/55R19 GOODYEAR ULTRA GRIP ARCTIC 2 SUV 103T XL DOT22 Studded 3PMSF M+S"},"content":{"rendered":"<p>GOODYEAR ULTRA GRIP ARCTIC 2 SUV 103T XL DOT22 Studded 3PMSF M+S on tipptasemel talverehv, mis on loodud n\u00f5udlike ilmastikutingimuste jaoks. Rehvi inum\u00f5\u00f5t 225\/55R19 tagab ideaalse sobivuse t\u00e4nap\u00e4evastele SUV-dele, pakkudes suurep\u00e4rast stabiilsust ja juhitavust ka j\u00e4rskudel kurvidel. XL (extra load) konstruktsioon v\u00f5imaldab vastupidavust ka suuremate koormuste korral, muutes selle ideaalseks raskeks s\u00f5iduks ja pikkadeks teekondadeks.<\/p>\n<p>Rehvi 103T koormusindeks ja kiirusklass tagavad k\u00f5rge j\u00f5udluse ning ohutu s\u00f5idu isegi kiiretele teedele. DOT22 m\u00e4rgistus kinnitab rehvi kvaliteeti vastavalt industriaalsetele standarditele. Lisaks toetavad 3PMSF (Three Peak Mountain Snowflake) ja M+S (Mud and Snow) s\u00fcmbolid rehvi mitmek\u00fclgsust, r\u00f5hutades selle efektiivsust nii lumistel kui ka m\u00e4rgadel teedel.<\/p>\n<p>Innovatiivne studded disain lisab rehvile t\u00e4iendava haarduvuse j\u00e4isel pinnal, pakkudes s\u00f5idu ajal kindlust ja turvatunnet. Valides GOODYEAR ULTRA GRIP ARCTIC 2 SUV, saate usaldusv\u00e4\u00e4rse partneri, mis tagab maksimaalse turvalisuse ja s\u00f5idumugavuse ka k\u00f5ige karmimates talveoludes.<\/p>","protected":false},"excerpt":{"rendered":"<p>GOODYEAR ULTRA GRIP ARCTIC 2 SUV 103T XL DOT22 Studded 3PMSF M+S on tipptasemel talverehv, mis on loodud n\u00f5udlike ilmastikutingimuste jaoks. Rehvi inum\u00f5\u00f5t 225\/55R19 tagab ideaalse sobivuse t\u00e4nap\u00e4evastele SUV-dele, pakkudes suurep\u00e4rast stabiilsust ja juhitavust ka j\u00e4rskudel kurvidel. XL (extra load) konstruktsioon v\u00f5imaldab vastupidavust ka suuremate koormuste korral, muutes selle ideaalseks raskeks s\u00f5iduks ja pikkadeks teekondadeks. [&hellip;]<\/p>\n","protected":false},"featured_media":122088,"template":"","meta":{"site-sidebar-layout":"default","site-content-layout":"","ast-site-content-layout":"","site-content-style":"default","site-sidebar-style":"default","ast-global-header-display":"","ast-banner-title-visibility":"","ast-main-header-display":"","ast-hfb-above-header-display":"","ast-hfb-below-header-display":"","ast-hfb-mobile-header-display":"","site-post-title":"","ast-breadcrumbs-content":"","ast-featured-img":"","footer-sml-layout":"","theme-transparent-header-meta":"","adv-header-id-meta":"","stick-header-meta":"","header-above-stick-meta":"","header-main-stick-meta":"","header-below-stick-meta":"","astra-migrate-meta-layouts":"default","ast-page-background-enabled":"default","ast-page-background-meta":{"desktop":{"background-color":"","background-image":"","background-repeat":"repeat","background-position":"center center","background-size":"auto","background-attachment":"scroll","background-type":"","background-media":"","overlay-type":"","overlay-color":"","overlay-opacity":"","overlay-gradient":""},"tablet":{"background-color":"","background-image":"","background-repeat":"repeat","background-position":"center center","background-size":"auto","background-attachment":"scroll","background-type":"","background-media":"","overlay-type":"","overlay-color":"","overlay-opacity":"","overlay-gradient":""},"mobile":{"background-color":"","background-image":"","background-repeat":"repeat","background-position":"center center","background-size":"auto","background-attachment":"scroll","background-type":"","background-media":"","overlay-type":"","overlay-color":"","overlay-opacity":"","overlay-gradient":""}},"ast-content-background-meta":{"desktop":{"background-color":"var(--ast-global-color-5)","background-image":"","background-repeat":"repeat","background-position":"center center","background-size":"auto","background-attachment":"scroll","background-type":"","background-media":"","overlay-type":"","overlay-color":"","overlay-opacity":"","overlay-gradient":""},"tablet":{"background-color":"var(--ast-global-color-5)","background-image":"","background-repeat":"repeat","background-position":"center center","background-size":"auto","background-attachment":"scroll","background-type":"","background-media":"","overlay-type":"","overlay-color":"","overlay-opacity":"","overlay-gradient":""},"mobile":{"background-color":"var(--ast-global-color-5)","background-image":"","background-repeat":"repeat","background-position":"center center","background-size":"auto","background-attachment":"scroll","background-type":"","background-media":"","overlay-type":"","overlay-color":"","overlay-opacity":"","overlay-gradient":""}}},"product_brand":[],"product_cat":[34229],"product_tag":[],"pa_brand_name":[17979],"class_list":{"0":"post-120340","1":"product","2":"type-product","3":"status-publish","4":"has-post-thumbnail","6":"product_cat-winter-tires-with-studs","7":"pa_brand_name-goodyear","8":"desktop-align-left","9":"tablet-align-left","10":"mobile-align-left","12":"first","13":"outofstock","14":"taxable","15":"shipping-taxable","16":"purchasable","17":"product-type-simple"},"_links":{"self":[{"href":"https:\/\/shop.rettum.ee\/en\/wp-json\/wp\/v2\/product\/120340","targetHints":{"allow":["GET"]}}],"collection":[{"href":"https:\/\/shop.rettum.ee\/en\/wp-json\/wp\/v2\/product"}],"about":[{"href":"https:\/\/shop.rettum.ee\/en\/wp-json\/wp\/v2\/types\/product"}],"version-history":[{"count":1,"href":"https:\/\/shop.rettum.ee\/en\/wp-json\/wp\/v2\/product\/120340\/revisions"}],"predecessor-version":[{"id":126188,"href":"https:\/\/shop.rettum.ee\/en\/wp-json\/wp\/v2\/product\/120340\/revisions\/126188"}],"wp:featuredmedia":[{"embeddable":true,"href":"https:\/\/shop.rettum.ee\/en\/wp-json\/wp\/v2\/media\/122088"}],"wp:attachment":[{"href":"https:\/\/shop.rettum.ee\/en\/wp-json\/wp\/v2\/media?parent=120340"}],"wp:term":[{"taxonomy":"product_brand","embeddable":true,"href":"https:\/\/shop.rettum.ee\/en\/wp-json\/wp\/v2\/product_brand?post=120340"},{"taxonomy":"product_cat","embeddable":true,"href":"https:\/\/shop.rettum.ee\/en\/wp-json\/wp\/v2\/product_cat?post=120340"},{"taxonomy":"product_tag","embeddable":true,"href":"https:\/\/shop.rettum.ee\/en\/wp-json\/wp\/v2\/product_tag?post=120340"},{"taxonomy":"pa_brand_name","embeddable":true,"href":"https:\/\/shop.rettum.ee\/en\/wp-json\/wp\/v2\/pa_brand_name?post=120340"}],"curies":[{"name":"wp","href":"https:\/\/api.w.org\/{rel}","templated":true}]}}