{"id":120344,"date":"2025-03-31T03:01:10","date_gmt":"2025-03-31T00:01:10","guid":{"rendered":"https:\/\/shop.rettum.ee\/toode\/245-40r19-goodyear-ultra-grip-ice-2-98t-xl-fp-dot22-friction-cdb70-3pmsf-ms\/"},"modified":"2025-11-18T02:45:29","modified_gmt":"2025-11-18T00:45:29","slug":"245-40r19-goodyear-ultra-grip-ice-2-98t-xl-fp-dot22-friction-cdb70-3pmsf-ms","status":"publish","type":"product","link":"https:\/\/shop.rettum.ee\/en\/product\/245-40r19-goodyear-ultra-grip-ice-2-98t-xl-fp-dot22-friction-cdb70-3pmsf-ms\/","title":{"rendered":"245\/40R19 GOODYEAR ULTRA GRIP ICE 2 98T XL FP DOT22 Friction CDB70 3PMSF M+S"},"content":{"rendered":"<p>Goodyear Ultra Grip ICE 2 on tipptasemel talverehv, mis on loodud tagama maksimaalse haarduvuse ja turvalisuse ka k\u00f5ige karmimates ilmastikutingimustes. Rehvi m\u00f5\u00f5tmed 245\/40R19 sobivad ideaalselt sportlikule ja j\u00f5udlusele suunatud s\u00f5idukile, pakkudes suurep\u00e4rast stabiilsust ning juhitavust nii lumel kui ka j\u00e4\u00e4l. <\/p>\n<p>Rehvi tehnilised andmed, nagu 98T ja XL, viitavad selle suurep\u00e4rasele j\u00f5udlusele kiirete s\u00f5itude ja suure koormuse juures. DOT22 m\u00e4rgistus kinnitab kvaliteetset tootmist, samas kui Friction CDB70 tehnoloogia parandab reaktiivsust ning v\u00e4hendab pidurdusteekonda libedal pinnal. Rehvi sertifitseeringud 3PMSF ja M+S tagavad usaldusv\u00e4\u00e4rse t\u00f6\u00f6, pakkudes kindlat haarduvust nii lumel kui ka mudases tingimustes.<\/p>\n<p>Goodyear Ultra Grip ICE 2 on ideaalne valik neile, kes hindavad turvalisust ja s\u00f5idumugavust ka k\u00f5ige n\u00f5udlikumates talveoludes. See on uhke kombinatsioon uuenduslikust tehnoloogiast ja t\u00f5estatud kvaliteedist, tagades kindla s\u00f5idukogemuse igas olukorras.<\/p>","protected":false},"excerpt":{"rendered":"<p>Goodyear Ultra Grip ICE 2 on tipptasemel talverehv, mis on loodud tagama maksimaalse haarduvuse ja turvalisuse ka k\u00f5ige karmimates ilmastikutingimustes. Rehvi m\u00f5\u00f5tmed 245\/40R19 sobivad ideaalselt sportlikule ja j\u00f5udlusele suunatud s\u00f5idukile, pakkudes suurep\u00e4rast stabiilsust ning juhitavust nii lumel kui ka j\u00e4\u00e4l. Rehvi tehnilised andmed, nagu 98T ja XL, viitavad selle suurep\u00e4rasele j\u00f5udlusele kiirete s\u00f5itude ja suure [&hellip;]<\/p>\n","protected":false},"featured_media":123675,"template":"","meta":{"site-sidebar-layout":"default","site-content-layout":"","ast-site-content-layout":"","site-content-style":"default","site-sidebar-style":"default","ast-global-header-display":"","ast-banner-title-visibility":"","ast-main-header-display":"","ast-hfb-above-header-display":"","ast-hfb-below-header-display":"","ast-hfb-mobile-header-display":"","site-post-title":"","ast-breadcrumbs-content":"","ast-featured-img":"","footer-sml-layout":"","theme-transparent-header-meta":"","adv-header-id-meta":"","stick-header-meta":"","header-above-stick-meta":"","header-main-stick-meta":"","header-below-stick-meta":"","astra-migrate-meta-layouts":"default","ast-page-background-enabled":"default","ast-page-background-meta":{"desktop":{"background-color":"","background-image":"","background-repeat":"repeat","background-position":"center center","background-size":"auto","background-attachment":"scroll","background-type":"","background-media":"","overlay-type":"","overlay-color":"","overlay-opacity":"","overlay-gradient":""},"tablet":{"background-color":"","background-image":"","background-repeat":"repeat","background-position":"center center","background-size":"auto","background-attachment":"scroll","background-type":"","background-media":"","overlay-type":"","overlay-color":"","overlay-opacity":"","overlay-gradient":""},"mobile":{"background-color":"","background-image":"","background-repeat":"repeat","background-position":"center center","background-size":"auto","background-attachment":"scroll","background-type":"","background-media":"","overlay-type":"","overlay-color":"","overlay-opacity":"","overlay-gradient":""}},"ast-content-background-meta":{"desktop":{"background-color":"var(--ast-global-color-5)","background-image":"","background-repeat":"repeat","background-position":"center center","background-size":"auto","background-attachment":"scroll","background-type":"","background-media":"","overlay-type":"","overlay-color":"","overlay-opacity":"","overlay-gradient":""},"tablet":{"background-color":"var(--ast-global-color-5)","background-image":"","background-repeat":"repeat","background-position":"center center","background-size":"auto","background-attachment":"scroll","background-type":"","background-media":"","overlay-type":"","overlay-color":"","overlay-opacity":"","overlay-gradient":""},"mobile":{"background-color":"var(--ast-global-color-5)","background-image":"","background-repeat":"repeat","background-position":"center center","background-size":"auto","background-attachment":"scroll","background-type":"","background-media":"","overlay-type":"","overlay-color":"","overlay-opacity":"","overlay-gradient":""}}},"product_brand":[],"product_cat":[34228],"product_tag":[],"pa_brand_name":[17979],"class_list":{"0":"post-120344","1":"product","2":"type-product","3":"status-publish","4":"has-post-thumbnail","6":"product_cat-winter-tires-friction","7":"pa_brand_name-goodyear","8":"desktop-align-left","9":"tablet-align-left","10":"mobile-align-left","12":"first","13":"outofstock","14":"taxable","15":"shipping-taxable","16":"purchasable","17":"product-type-simple"},"_links":{"self":[{"href":"https:\/\/shop.rettum.ee\/en\/wp-json\/wp\/v2\/product\/120344","targetHints":{"allow":["GET"]}}],"collection":[{"href":"https:\/\/shop.rettum.ee\/en\/wp-json\/wp\/v2\/product"}],"about":[{"href":"https:\/\/shop.rettum.ee\/en\/wp-json\/wp\/v2\/types\/product"}],"version-history":[{"count":1,"href":"https:\/\/shop.rettum.ee\/en\/wp-json\/wp\/v2\/product\/120344\/revisions"}],"predecessor-version":[{"id":126185,"href":"https:\/\/shop.rettum.ee\/en\/wp-json\/wp\/v2\/product\/120344\/revisions\/126185"}],"wp:featuredmedia":[{"embeddable":true,"href":"https:\/\/shop.rettum.ee\/en\/wp-json\/wp\/v2\/media\/123675"}],"wp:attachment":[{"href":"https:\/\/shop.rettum.ee\/en\/wp-json\/wp\/v2\/media?parent=120344"}],"wp:term":[{"taxonomy":"product_brand","embeddable":true,"href":"https:\/\/shop.rettum.ee\/en\/wp-json\/wp\/v2\/product_brand?post=120344"},{"taxonomy":"product_cat","embeddable":true,"href":"https:\/\/shop.rettum.ee\/en\/wp-json\/wp\/v2\/product_cat?post=120344"},{"taxonomy":"product_tag","embeddable":true,"href":"https:\/\/shop.rettum.ee\/en\/wp-json\/wp\/v2\/product_tag?post=120344"},{"taxonomy":"pa_brand_name","embeddable":true,"href":"https:\/\/shop.rettum.ee\/en\/wp-json\/wp\/v2\/pa_brand_name?post=120344"}],"curies":[{"name":"wp","href":"https:\/\/api.w.org\/{rel}","templated":true}]}}