{"id":120346,"date":"2025-03-31T03:01:12","date_gmt":"2025-03-31T00:01:12","guid":{"rendered":"https:\/\/shop.rettum.ee\/toode\/245-50r20-goodyear-ultra-grip-ice-suv-g1-105t-xl-fp-dot22-friction-cdb72-3pmsf-ms\/"},"modified":"2026-03-22T03:04:25","modified_gmt":"2026-03-22T01:04:25","slug":"245-50r20-goodyear-ultra-grip-ice-suv-g1-105t-xl-fp-dot22-friction-cdb72-3pmsf-ms","status":"publish","type":"product","link":"https:\/\/shop.rettum.ee\/en\/product\/245-50r20-goodyear-ultra-grip-ice-suv-g1-105t-xl-fp-dot22-friction-cdb72-3pmsf-ms\/","title":{"rendered":"245\/50R20 GOODYEAR ULTRA GRIP ICE SUV G1 105T XL FP DOT22 Friction CDB72 3PMSF M+S"},"content":{"rendered":"<p>Goodyear Ultra Grip Ice SUV G1 rehvimudel 245\/50R20 on loodud n\u00f5udlikele talveoludele ning sportlikele nelikveduritele ja SUV-idele. XL-kategooria rehvid, mille kiirusindeks ja koormusn\u00e4itaja on 105T, pakuvad usaldusv\u00e4\u00e4rset j\u00f5udlust ning kindlat haarduvust isegi karmi j\u00e4\u00e4l ja lumel.  <\/p>\n<p>Rehvi eriline disain ja tehnoloogiad, sealhulgas Friction CDB72 s\u00fcsteem, tagavad optimaalse pidamise ning minimaalne libisemise risk, mis on \u00e4\u00e4rmiselt t\u00e4htis keerulistel teekondadel. 3PMSF m\u00e4rgis kinnitab rehvi suurep\u00e4raseid lumepidamisv\u00f5imeid, samas kui M+S s\u00fcmbol lisab lisaturvalisust mudal ja libedal pinnal.<\/p>\n<p>DOT22 kvaliteedim\u00e4rgistus n\u00e4itab rehvi vastavust rangetele ohutus- ja kvaliteedistandarditele. Goodyear Ultra Grip Ice SUV G1 on ideaalne valik neile, kes hindavad turvalist s\u00f5iduomadust ka k\u00f5ige n\u00f5udlikumates ilmastikutingimustes, pakkudes maksimaalset kindlustunnet ja stabiilsust ka k\u00f5ige raskematel teedel.<\/p>","protected":false},"excerpt":{"rendered":"<p>Goodyear Ultra Grip Ice SUV G1 rehvimudel 245\/50R20 on loodud n\u00f5udlikele talveoludele ning sportlikele nelikveduritele ja SUV-idele. XL-kategooria rehvid, mille kiirusindeks ja koormusn\u00e4itaja on 105T, pakuvad usaldusv\u00e4\u00e4rset j\u00f5udlust ning kindlat haarduvust isegi karmi j\u00e4\u00e4l ja lumel. Rehvi eriline disain ja tehnoloogiad, sealhulgas Friction CDB72 s\u00fcsteem, tagavad optimaalse pidamise ning minimaalne libisemise risk, mis on \u00e4\u00e4rmiselt [&hellip;]<\/p>\n","protected":false},"featured_media":124060,"template":"","meta":{"site-sidebar-layout":"default","site-content-layout":"","ast-site-content-layout":"","site-content-style":"default","site-sidebar-style":"default","ast-global-header-display":"","ast-banner-title-visibility":"","ast-main-header-display":"","ast-hfb-above-header-display":"","ast-hfb-below-header-display":"","ast-hfb-mobile-header-display":"","site-post-title":"","ast-breadcrumbs-content":"","ast-featured-img":"","footer-sml-layout":"","theme-transparent-header-meta":"","adv-header-id-meta":"","stick-header-meta":"","header-above-stick-meta":"","header-main-stick-meta":"","header-below-stick-meta":"","astra-migrate-meta-layouts":"default","ast-page-background-enabled":"default","ast-page-background-meta":{"desktop":{"background-color":"","background-image":"","background-repeat":"repeat","background-position":"center center","background-size":"auto","background-attachment":"scroll","background-type":"","background-media":"","overlay-type":"","overlay-color":"","overlay-opacity":"","overlay-gradient":""},"tablet":{"background-color":"","background-image":"","background-repeat":"repeat","background-position":"center center","background-size":"auto","background-attachment":"scroll","background-type":"","background-media":"","overlay-type":"","overlay-color":"","overlay-opacity":"","overlay-gradient":""},"mobile":{"background-color":"","background-image":"","background-repeat":"repeat","background-position":"center center","background-size":"auto","background-attachment":"scroll","background-type":"","background-media":"","overlay-type":"","overlay-color":"","overlay-opacity":"","overlay-gradient":""}},"ast-content-background-meta":{"desktop":{"background-color":"var(--ast-global-color-5)","background-image":"","background-repeat":"repeat","background-position":"center center","background-size":"auto","background-attachment":"scroll","background-type":"","background-media":"","overlay-type":"","overlay-color":"","overlay-opacity":"","overlay-gradient":""},"tablet":{"background-color":"var(--ast-global-color-5)","background-image":"","background-repeat":"repeat","background-position":"center center","background-size":"auto","background-attachment":"scroll","background-type":"","background-media":"","overlay-type":"","overlay-color":"","overlay-opacity":"","overlay-gradient":""},"mobile":{"background-color":"var(--ast-global-color-5)","background-image":"","background-repeat":"repeat","background-position":"center center","background-size":"auto","background-attachment":"scroll","background-type":"","background-media":"","overlay-type":"","overlay-color":"","overlay-opacity":"","overlay-gradient":""}}},"product_brand":[],"product_cat":[34228],"product_tag":[],"pa_brand_name":[17979],"class_list":{"0":"post-120346","1":"product","2":"type-product","3":"status-publish","4":"has-post-thumbnail","6":"product_cat-winter-tires-friction","7":"pa_brand_name-goodyear","8":"desktop-align-left","9":"tablet-align-left","10":"mobile-align-left","12":"first","13":"outofstock","14":"taxable","15":"shipping-taxable","16":"purchasable","17":"product-type-simple"},"_links":{"self":[{"href":"https:\/\/shop.rettum.ee\/en\/wp-json\/wp\/v2\/product\/120346","targetHints":{"allow":["GET"]}}],"collection":[{"href":"https:\/\/shop.rettum.ee\/en\/wp-json\/wp\/v2\/product"}],"about":[{"href":"https:\/\/shop.rettum.ee\/en\/wp-json\/wp\/v2\/types\/product"}],"version-history":[{"count":1,"href":"https:\/\/shop.rettum.ee\/en\/wp-json\/wp\/v2\/product\/120346\/revisions"}],"predecessor-version":[{"id":126182,"href":"https:\/\/shop.rettum.ee\/en\/wp-json\/wp\/v2\/product\/120346\/revisions\/126182"}],"wp:featuredmedia":[{"embeddable":true,"href":"https:\/\/shop.rettum.ee\/en\/wp-json\/wp\/v2\/media\/124060"}],"wp:attachment":[{"href":"https:\/\/shop.rettum.ee\/en\/wp-json\/wp\/v2\/media?parent=120346"}],"wp:term":[{"taxonomy":"product_brand","embeddable":true,"href":"https:\/\/shop.rettum.ee\/en\/wp-json\/wp\/v2\/product_brand?post=120346"},{"taxonomy":"product_cat","embeddable":true,"href":"https:\/\/shop.rettum.ee\/en\/wp-json\/wp\/v2\/product_cat?post=120346"},{"taxonomy":"product_tag","embeddable":true,"href":"https:\/\/shop.rettum.ee\/en\/wp-json\/wp\/v2\/product_tag?post=120346"},{"taxonomy":"pa_brand_name","embeddable":true,"href":"https:\/\/shop.rettum.ee\/en\/wp-json\/wp\/v2\/pa_brand_name?post=120346"}],"curies":[{"name":"wp","href":"https:\/\/api.w.org\/{rel}","templated":true}]}}