{"id":120347,"date":"2025-03-31T03:01:13","date_gmt":"2025-03-31T00:01:13","guid":{"rendered":"https:\/\/shop.rettum.ee\/toode\/245-55r19-goodyear-ultra-grip-arctic-2-suv-107t-xl-dot22-studded-3pmsf-ms\/"},"modified":"2026-03-22T03:04:25","modified_gmt":"2026-03-22T01:04:25","slug":"245-55r19-goodyear-ultra-grip-arctic-2-suv-107t-xl-dot22-studded-3pmsf-ms","status":"publish","type":"product","link":"https:\/\/shop.rettum.ee\/en\/product\/245-55r19-goodyear-ultra-grip-arctic-2-suv-107t-xl-dot22-studded-3pmsf-ms\/","title":{"rendered":"245\/55R19 GOODYEAR ULTRA GRIP ARCTIC 2 SUV 107T XL DOT22 Studded 3PMSF M+S"},"content":{"rendered":"<p>Goodyear Ultra Grip Arctic 2 SUV on tipptasemel talver\u00f5u, mis on loodud tagama maksimaalne turvalisus ning kindel haardumine ka k\u00f5ige karmimates talvisetes tingimustes. Selle 245\/55R19 suurus sobib ideaalselt SUV-dele, pakkudes suurep\u00e4rast stabiilsust ja man\u00f6\u00f6verdusv\u00f5imet nii libedal, lumisel kui ka j\u00e4\u00e4kattel teedel.<\/p>\n<p>XL versioon tagab t\u00e4iendava vastupidavuse ja v\u00f5imsuse pikemas perspektiivis, v\u00f5imaldades s\u00f5idukil s\u00e4ilitada parima j\u00f5udluse ka intensiivse koormuse korral. Innovatiivne kavand koos studded tehnoloogiaga ja spetsiaalse mustriga suurendab oluliselt veoj\u00f5udu ning v\u00e4hendab libisemist, pakkudes kindlustunnet isegi k\u00f5ige keerulisemates tingimustes.<\/p>\n<p>Tunnustatud DOT22 standardite ning 3PMSF ja M+S sertifikaatide kinnitus n\u00e4itab selle \u00f5ueastme kvaliteeti ja usaldusv\u00e4\u00e4rsust lumistel ja m\u00e4gistel radadel. Valides Goodyear Ultra Grip Arctic 2 SUV, investeerite s\u00f5iduki ohutusse ja j\u00f5udlusse, mis on valmistatud vastama n\u00f5udlikele talvistele s\u00f5idutingimustele.<\/p>","protected":false},"excerpt":{"rendered":"<p>Goodyear Ultra Grip Arctic 2 SUV on tipptasemel talver\u00f5u, mis on loodud tagama maksimaalne turvalisus ning kindel haardumine ka k\u00f5ige karmimates talvisetes tingimustes. Selle 245\/55R19 suurus sobib ideaalselt SUV-dele, pakkudes suurep\u00e4rast stabiilsust ja man\u00f6\u00f6verdusv\u00f5imet nii libedal, lumisel kui ka j\u00e4\u00e4kattel teedel. XL versioon tagab t\u00e4iendava vastupidavuse ja v\u00f5imsuse pikemas perspektiivis, v\u00f5imaldades s\u00f5idukil s\u00e4ilitada parima j\u00f5udluse [&hellip;]<\/p>\n","protected":false},"featured_media":122088,"template":"","meta":{"site-sidebar-layout":"default","site-content-layout":"","ast-site-content-layout":"","site-content-style":"default","site-sidebar-style":"default","ast-global-header-display":"","ast-banner-title-visibility":"","ast-main-header-display":"","ast-hfb-above-header-display":"","ast-hfb-below-header-display":"","ast-hfb-mobile-header-display":"","site-post-title":"","ast-breadcrumbs-content":"","ast-featured-img":"","footer-sml-layout":"","theme-transparent-header-meta":"","adv-header-id-meta":"","stick-header-meta":"","header-above-stick-meta":"","header-main-stick-meta":"","header-below-stick-meta":"","astra-migrate-meta-layouts":"default","ast-page-background-enabled":"default","ast-page-background-meta":{"desktop":{"background-color":"","background-image":"","background-repeat":"repeat","background-position":"center center","background-size":"auto","background-attachment":"scroll","background-type":"","background-media":"","overlay-type":"","overlay-color":"","overlay-opacity":"","overlay-gradient":""},"tablet":{"background-color":"","background-image":"","background-repeat":"repeat","background-position":"center center","background-size":"auto","background-attachment":"scroll","background-type":"","background-media":"","overlay-type":"","overlay-color":"","overlay-opacity":"","overlay-gradient":""},"mobile":{"background-color":"","background-image":"","background-repeat":"repeat","background-position":"center center","background-size":"auto","background-attachment":"scroll","background-type":"","background-media":"","overlay-type":"","overlay-color":"","overlay-opacity":"","overlay-gradient":""}},"ast-content-background-meta":{"desktop":{"background-color":"var(--ast-global-color-5)","background-image":"","background-repeat":"repeat","background-position":"center center","background-size":"auto","background-attachment":"scroll","background-type":"","background-media":"","overlay-type":"","overlay-color":"","overlay-opacity":"","overlay-gradient":""},"tablet":{"background-color":"var(--ast-global-color-5)","background-image":"","background-repeat":"repeat","background-position":"center center","background-size":"auto","background-attachment":"scroll","background-type":"","background-media":"","overlay-type":"","overlay-color":"","overlay-opacity":"","overlay-gradient":""},"mobile":{"background-color":"var(--ast-global-color-5)","background-image":"","background-repeat":"repeat","background-position":"center center","background-size":"auto","background-attachment":"scroll","background-type":"","background-media":"","overlay-type":"","overlay-color":"","overlay-opacity":"","overlay-gradient":""}}},"product_brand":[],"product_cat":[34229],"product_tag":[],"pa_brand_name":[17979],"class_list":{"0":"post-120347","1":"product","2":"type-product","3":"status-publish","4":"has-post-thumbnail","6":"product_cat-winter-tires-with-studs","7":"pa_brand_name-goodyear","8":"desktop-align-left","9":"tablet-align-left","10":"mobile-align-left","12":"first","13":"outofstock","14":"taxable","15":"shipping-taxable","16":"purchasable","17":"product-type-simple"},"_links":{"self":[{"href":"https:\/\/shop.rettum.ee\/en\/wp-json\/wp\/v2\/product\/120347","targetHints":{"allow":["GET"]}}],"collection":[{"href":"https:\/\/shop.rettum.ee\/en\/wp-json\/wp\/v2\/product"}],"about":[{"href":"https:\/\/shop.rettum.ee\/en\/wp-json\/wp\/v2\/types\/product"}],"version-history":[{"count":1,"href":"https:\/\/shop.rettum.ee\/en\/wp-json\/wp\/v2\/product\/120347\/revisions"}],"predecessor-version":[{"id":126180,"href":"https:\/\/shop.rettum.ee\/en\/wp-json\/wp\/v2\/product\/120347\/revisions\/126180"}],"wp:featuredmedia":[{"embeddable":true,"href":"https:\/\/shop.rettum.ee\/en\/wp-json\/wp\/v2\/media\/122088"}],"wp:attachment":[{"href":"https:\/\/shop.rettum.ee\/en\/wp-json\/wp\/v2\/media?parent=120347"}],"wp:term":[{"taxonomy":"product_brand","embeddable":true,"href":"https:\/\/shop.rettum.ee\/en\/wp-json\/wp\/v2\/product_brand?post=120347"},{"taxonomy":"product_cat","embeddable":true,"href":"https:\/\/shop.rettum.ee\/en\/wp-json\/wp\/v2\/product_cat?post=120347"},{"taxonomy":"product_tag","embeddable":true,"href":"https:\/\/shop.rettum.ee\/en\/wp-json\/wp\/v2\/product_tag?post=120347"},{"taxonomy":"pa_brand_name","embeddable":true,"href":"https:\/\/shop.rettum.ee\/en\/wp-json\/wp\/v2\/pa_brand_name?post=120347"}],"curies":[{"name":"wp","href":"https:\/\/api.w.org\/{rel}","templated":true}]}}