{"id":120348,"date":"2025-03-31T03:01:13","date_gmt":"2025-03-31T00:01:13","guid":{"rendered":"https:\/\/shop.rettum.ee\/toode\/245-60r18-goodyear-ultra-grip-arctic-2-suv-109t-xl-dot22-studded-3pmsf-ms\/"},"modified":"2026-03-22T03:04:25","modified_gmt":"2026-03-22T01:04:25","slug":"245-60r18-goodyear-ultra-grip-arctic-2-suv-109t-xl-dot22-studded-3pmsf-ms","status":"publish","type":"product","link":"https:\/\/shop.rettum.ee\/en\/product\/245-60r18-goodyear-ultra-grip-arctic-2-suv-109t-xl-dot22-studded-3pmsf-ms\/","title":{"rendered":"245\/60R18 GOODYEAR ULTRA GRIP ARCTIC 2 SUV 109T XL DOT22 Studded 3PMSF M+S"},"content":{"rendered":"<p>Tutvustame GOODYEAR ULTRA GRIP ARCTIC 2 SUV rehvi, mis on ideaalne valik talviseks s\u00f5iduks ja pakub usaldusv\u00e4\u00e4rset haardumist karmides ilmastikutingimustes. Rehvi m\u00f5\u00f5tmed 245\/60R18 annavad suurep\u00e4rase stabiilsuse ja ohutuse nii kuival kui ka libedal teel. Extra Load XL versioon tagab suurema koormustaluvuse ning load index 109 ja speed index T vastavad k\u00f5rgetele j\u00f5udlusstandarditele.<\/p>\n<p>See kvaliteetne rehvit\u00fc\u00fcp on varustatud puutumatute kiivritega (studded), mis suurendavad pidamist ja turvalisust lumistel ja j\u00e4\u00e4katetel teedel. M\u00e4rgistused 3PMSF ja M+S kinnitavad rehvi v\u00f5imekust ka k\u00f5ige n\u00f5udlikumates talveoludes, v\u00f5imaldades s\u00f5ita kindlalt igas olukorras. DOT22 kood annab lisat\u00f5endusena rehvi vastavusest t\u00e4nasele tootmistehnoloogiale ja ohutusstandarditele.<\/p>\n<p>GOODYEAR ULTRA GRIP ARCTIC 2 SUV on usaldusv\u00e4\u00e4rne partner talviseks s\u00f5iduks, pakkudes suurep\u00e4rast j\u00f5udlust, turvalisust ja vastupidavust k\u00f5igil teedel. Valige kvaliteet ja mugavus \u2013 s\u00f5itke turvaliselt talveoludes!<\/p>","protected":false},"excerpt":{"rendered":"<p>Tutvustame GOODYEAR ULTRA GRIP ARCTIC 2 SUV rehvi, mis on ideaalne valik talviseks s\u00f5iduks ja pakub usaldusv\u00e4\u00e4rset haardumist karmides ilmastikutingimustes. Rehvi m\u00f5\u00f5tmed 245\/60R18 annavad suurep\u00e4rase stabiilsuse ja ohutuse nii kuival kui ka libedal teel. Extra Load XL versioon tagab suurema koormustaluvuse ning load index 109 ja speed index T vastavad k\u00f5rgetele j\u00f5udlusstandarditele. See kvaliteetne rehvit\u00fc\u00fcp [&hellip;]<\/p>\n","protected":false},"featured_media":122088,"template":"","meta":{"site-sidebar-layout":"default","site-content-layout":"","ast-site-content-layout":"","site-content-style":"default","site-sidebar-style":"default","ast-global-header-display":"","ast-banner-title-visibility":"","ast-main-header-display":"","ast-hfb-above-header-display":"","ast-hfb-below-header-display":"","ast-hfb-mobile-header-display":"","site-post-title":"","ast-breadcrumbs-content":"","ast-featured-img":"","footer-sml-layout":"","theme-transparent-header-meta":"","adv-header-id-meta":"","stick-header-meta":"","header-above-stick-meta":"","header-main-stick-meta":"","header-below-stick-meta":"","astra-migrate-meta-layouts":"default","ast-page-background-enabled":"default","ast-page-background-meta":{"desktop":{"background-color":"","background-image":"","background-repeat":"repeat","background-position":"center center","background-size":"auto","background-attachment":"scroll","background-type":"","background-media":"","overlay-type":"","overlay-color":"","overlay-opacity":"","overlay-gradient":""},"tablet":{"background-color":"","background-image":"","background-repeat":"repeat","background-position":"center center","background-size":"auto","background-attachment":"scroll","background-type":"","background-media":"","overlay-type":"","overlay-color":"","overlay-opacity":"","overlay-gradient":""},"mobile":{"background-color":"","background-image":"","background-repeat":"repeat","background-position":"center center","background-size":"auto","background-attachment":"scroll","background-type":"","background-media":"","overlay-type":"","overlay-color":"","overlay-opacity":"","overlay-gradient":""}},"ast-content-background-meta":{"desktop":{"background-color":"var(--ast-global-color-5)","background-image":"","background-repeat":"repeat","background-position":"center center","background-size":"auto","background-attachment":"scroll","background-type":"","background-media":"","overlay-type":"","overlay-color":"","overlay-opacity":"","overlay-gradient":""},"tablet":{"background-color":"var(--ast-global-color-5)","background-image":"","background-repeat":"repeat","background-position":"center center","background-size":"auto","background-attachment":"scroll","background-type":"","background-media":"","overlay-type":"","overlay-color":"","overlay-opacity":"","overlay-gradient":""},"mobile":{"background-color":"var(--ast-global-color-5)","background-image":"","background-repeat":"repeat","background-position":"center center","background-size":"auto","background-attachment":"scroll","background-type":"","background-media":"","overlay-type":"","overlay-color":"","overlay-opacity":"","overlay-gradient":""}}},"product_brand":[],"product_cat":[34229],"product_tag":[],"pa_brand_name":[17979],"class_list":{"0":"post-120348","1":"product","2":"type-product","3":"status-publish","4":"has-post-thumbnail","6":"product_cat-winter-tires-with-studs","7":"pa_brand_name-goodyear","8":"desktop-align-left","9":"tablet-align-left","10":"mobile-align-left","12":"first","13":"outofstock","14":"taxable","15":"shipping-taxable","16":"purchasable","17":"product-type-simple"},"_links":{"self":[{"href":"https:\/\/shop.rettum.ee\/en\/wp-json\/wp\/v2\/product\/120348","targetHints":{"allow":["GET"]}}],"collection":[{"href":"https:\/\/shop.rettum.ee\/en\/wp-json\/wp\/v2\/product"}],"about":[{"href":"https:\/\/shop.rettum.ee\/en\/wp-json\/wp\/v2\/types\/product"}],"version-history":[{"count":1,"href":"https:\/\/shop.rettum.ee\/en\/wp-json\/wp\/v2\/product\/120348\/revisions"}],"predecessor-version":[{"id":126181,"href":"https:\/\/shop.rettum.ee\/en\/wp-json\/wp\/v2\/product\/120348\/revisions\/126181"}],"wp:featuredmedia":[{"embeddable":true,"href":"https:\/\/shop.rettum.ee\/en\/wp-json\/wp\/v2\/media\/122088"}],"wp:attachment":[{"href":"https:\/\/shop.rettum.ee\/en\/wp-json\/wp\/v2\/media?parent=120348"}],"wp:term":[{"taxonomy":"product_brand","embeddable":true,"href":"https:\/\/shop.rettum.ee\/en\/wp-json\/wp\/v2\/product_brand?post=120348"},{"taxonomy":"product_cat","embeddable":true,"href":"https:\/\/shop.rettum.ee\/en\/wp-json\/wp\/v2\/product_cat?post=120348"},{"taxonomy":"product_tag","embeddable":true,"href":"https:\/\/shop.rettum.ee\/en\/wp-json\/wp\/v2\/product_tag?post=120348"},{"taxonomy":"pa_brand_name","embeddable":true,"href":"https:\/\/shop.rettum.ee\/en\/wp-json\/wp\/v2\/pa_brand_name?post=120348"}],"curies":[{"name":"wp","href":"https:\/\/api.w.org\/{rel}","templated":true}]}}