{"id":120351,"date":"2025-03-31T03:01:17","date_gmt":"2025-03-31T00:01:17","guid":{"rendered":"https:\/\/shop.rettum.ee\/toode\/265-55r19-goodyear-ultra-grip-arctic-2-suv-113t-xl-ncs-fp-dot22-studded-3pmsf-ms\/"},"modified":"2026-03-22T03:04:25","modified_gmt":"2026-03-22T01:04:25","slug":"265-55r19-goodyear-ultra-grip-arctic-2-suv-113t-xl-ncs-fp-dot22-studded-3pmsf-ms","status":"publish","type":"product","link":"https:\/\/shop.rettum.ee\/en\/product\/265-55r19-goodyear-ultra-grip-arctic-2-suv-113t-xl-ncs-fp-dot22-studded-3pmsf-ms\/","title":{"rendered":"265\/55R19 GOODYEAR ULTRA GRIP ARCTIC 2 SUV 113T XL NCS FP DOT22 Studded 3PMSF M+S"},"content":{"rendered":"<p>Goodyear Ultra Grip Arctic 2 SUV (265\/55R19) on spetsiaalselt kavandatud pakkuma maksimaalset haarduvust ja ohutust karmides talveoludes. See rehvi mudel toetub tipptasemel tehnoloogiale, mis tagab suurep\u00e4rase j\u00f5udluse nii j\u00e4isel, lumisel kui ka m\u00e4rjal pinnal. XL koormusindeks ja 113T m\u00e4rgistus annavad kindlustunde, et rehvid sobivad ka n\u00f5udlikumaks igap\u00e4evaseks s\u00f5iduks ning vastavad ekstra koormuse n\u00f5udmistele.<\/p>\n<p>Rehvil on kaasaegne NCS FP disain, mis optimeerib juhitavust ja stabiilsust, samal ajal kui DOT22 kood, studded viimistlus ning 3PMSF ja M+S klassifikatsioonid t\u00f5estavad selle erakordset sobivust talviseks s\u00f5iduks. Rehvi suurus 265\/55R19 tagab ideaalse tasakaalu ning pakub usaldusv\u00e4\u00e4rset kinnitust erinevatel maastikel, muutes selle sobivaks nii SUV-ide kui ka teiste s\u00f5idukite jaoks.<\/p>\n<p>Valides Goodyear Ultra Grip Arctic 2 SUV rehvi, valite turvalise ja usaldusv\u00e4\u00e4rse lahenduse, mis t\u00f5stab teie s\u00f5idukogemuse uuele tasemele isegi k\u00f5ige n\u00f5udlikumates talveoludes.<\/p>","protected":false},"excerpt":{"rendered":"<p>Goodyear Ultra Grip Arctic 2 SUV (265\/55R19) on spetsiaalselt kavandatud pakkuma maksimaalset haarduvust ja ohutust karmides talveoludes. See rehvi mudel toetub tipptasemel tehnoloogiale, mis tagab suurep\u00e4rase j\u00f5udluse nii j\u00e4isel, lumisel kui ka m\u00e4rjal pinnal. XL koormusindeks ja 113T m\u00e4rgistus annavad kindlustunde, et rehvid sobivad ka n\u00f5udlikumaks igap\u00e4evaseks s\u00f5iduks ning vastavad ekstra koormuse n\u00f5udmistele. Rehvil on [&hellip;]<\/p>\n","protected":false},"featured_media":122088,"template":"","meta":{"site-sidebar-layout":"default","site-content-layout":"","ast-site-content-layout":"","site-content-style":"default","site-sidebar-style":"default","ast-global-header-display":"","ast-banner-title-visibility":"","ast-main-header-display":"","ast-hfb-above-header-display":"","ast-hfb-below-header-display":"","ast-hfb-mobile-header-display":"","site-post-title":"","ast-breadcrumbs-content":"","ast-featured-img":"","footer-sml-layout":"","theme-transparent-header-meta":"","adv-header-id-meta":"","stick-header-meta":"","header-above-stick-meta":"","header-main-stick-meta":"","header-below-stick-meta":"","astra-migrate-meta-layouts":"default","ast-page-background-enabled":"default","ast-page-background-meta":{"desktop":{"background-color":"","background-image":"","background-repeat":"repeat","background-position":"center center","background-size":"auto","background-attachment":"scroll","background-type":"","background-media":"","overlay-type":"","overlay-color":"","overlay-opacity":"","overlay-gradient":""},"tablet":{"background-color":"","background-image":"","background-repeat":"repeat","background-position":"center center","background-size":"auto","background-attachment":"scroll","background-type":"","background-media":"","overlay-type":"","overlay-color":"","overlay-opacity":"","overlay-gradient":""},"mobile":{"background-color":"","background-image":"","background-repeat":"repeat","background-position":"center center","background-size":"auto","background-attachment":"scroll","background-type":"","background-media":"","overlay-type":"","overlay-color":"","overlay-opacity":"","overlay-gradient":""}},"ast-content-background-meta":{"desktop":{"background-color":"var(--ast-global-color-5)","background-image":"","background-repeat":"repeat","background-position":"center center","background-size":"auto","background-attachment":"scroll","background-type":"","background-media":"","overlay-type":"","overlay-color":"","overlay-opacity":"","overlay-gradient":""},"tablet":{"background-color":"var(--ast-global-color-5)","background-image":"","background-repeat":"repeat","background-position":"center center","background-size":"auto","background-attachment":"scroll","background-type":"","background-media":"","overlay-type":"","overlay-color":"","overlay-opacity":"","overlay-gradient":""},"mobile":{"background-color":"var(--ast-global-color-5)","background-image":"","background-repeat":"repeat","background-position":"center center","background-size":"auto","background-attachment":"scroll","background-type":"","background-media":"","overlay-type":"","overlay-color":"","overlay-opacity":"","overlay-gradient":""}}},"product_brand":[],"product_cat":[34229],"product_tag":[],"pa_brand_name":[17979],"class_list":{"0":"post-120351","1":"product","2":"type-product","3":"status-publish","4":"has-post-thumbnail","6":"product_cat-winter-tires-with-studs","7":"pa_brand_name-goodyear","8":"desktop-align-left","9":"tablet-align-left","10":"mobile-align-left","12":"first","13":"outofstock","14":"taxable","15":"shipping-taxable","16":"purchasable","17":"product-type-simple"},"_links":{"self":[{"href":"https:\/\/shop.rettum.ee\/en\/wp-json\/wp\/v2\/product\/120351","targetHints":{"allow":["GET"]}}],"collection":[{"href":"https:\/\/shop.rettum.ee\/en\/wp-json\/wp\/v2\/product"}],"about":[{"href":"https:\/\/shop.rettum.ee\/en\/wp-json\/wp\/v2\/types\/product"}],"version-history":[{"count":1,"href":"https:\/\/shop.rettum.ee\/en\/wp-json\/wp\/v2\/product\/120351\/revisions"}],"predecessor-version":[{"id":126177,"href":"https:\/\/shop.rettum.ee\/en\/wp-json\/wp\/v2\/product\/120351\/revisions\/126177"}],"wp:featuredmedia":[{"embeddable":true,"href":"https:\/\/shop.rettum.ee\/en\/wp-json\/wp\/v2\/media\/122088"}],"wp:attachment":[{"href":"https:\/\/shop.rettum.ee\/en\/wp-json\/wp\/v2\/media?parent=120351"}],"wp:term":[{"taxonomy":"product_brand","embeddable":true,"href":"https:\/\/shop.rettum.ee\/en\/wp-json\/wp\/v2\/product_brand?post=120351"},{"taxonomy":"product_cat","embeddable":true,"href":"https:\/\/shop.rettum.ee\/en\/wp-json\/wp\/v2\/product_cat?post=120351"},{"taxonomy":"product_tag","embeddable":true,"href":"https:\/\/shop.rettum.ee\/en\/wp-json\/wp\/v2\/product_tag?post=120351"},{"taxonomy":"pa_brand_name","embeddable":true,"href":"https:\/\/shop.rettum.ee\/en\/wp-json\/wp\/v2\/pa_brand_name?post=120351"}],"curies":[{"name":"wp","href":"https:\/\/api.w.org\/{rel}","templated":true}]}}