{"id":120352,"date":"2025-03-31T03:01:18","date_gmt":"2025-03-31T00:01:18","guid":{"rendered":"https:\/\/shop.rettum.ee\/toode\/275-40r20-goodyear-ultra-grip-arctic-2-suv-106t-xl-fp-dot22-studded-3pmsf-ms\/"},"modified":"2026-03-22T03:04:26","modified_gmt":"2026-03-22T01:04:26","slug":"275-40r20-goodyear-ultra-grip-arctic-2-suv-106t-xl-fp-dot22-studded-3pmsf-ms","status":"publish","type":"product","link":"https:\/\/shop.rettum.ee\/en\/product\/275-40r20-goodyear-ultra-grip-arctic-2-suv-106t-xl-fp-dot22-studded-3pmsf-ms\/","title":{"rendered":"275\/40R20 GOODYEAR ULTRA GRIP ARCTIC 2 SUV 106T XL FP DOT22 Studded 3PMSF M+S"},"content":{"rendered":"<p>Tutvustame uut GOODYEAR ULTRA GRIP ARCTIC 2 SUV rehvi, mis on loodud tagamaks maksimaalse turvalisuse ja suurep\u00e4rase s\u00f5idukogemuse ka k\u00f5ige n\u00f5udlikumates talvetingimustes. Rehvi suurus 275\/40R20 tagab suurep\u00e4rase haarduvuse ning t\u00e4pse man\u00f6\u00f6verdamise, muutes selle ideaalseks valikuks SUV s\u00f5idukitele. M\u00e4rgised 3PMSF ja M+S kinnitavad rehvi talviseks soorituseks, pakkudes usaldusv\u00e4\u00e4rset pidamist lumel, j\u00e4\u00e4l ja mudas.<\/p>\n<p>Rehvil on lisaks karastatud kinnitused (Studded), mis suurendavad oluliselt pidamist libedatel teedel, v\u00f5imaldades s\u00f5ita kindlalt ja turvaliselt ka k\u00f5ige k\u00fclmemates tingimustes. XL klassi rehv koos 106T koormusindeksiga tagab suurema vastupidavuse ja stabiilsuse, mida n\u00f5uavad nii igap\u00e4evased s\u00f5idud kui ka pikemad teekonnad k\u00fclmades oludes. DOT22 kood annab kindlust, et rehvid vastavad rangetele tootmisstandarditele.<\/p>\n<p>Valides GOODYEAR ULTRA GRIP ARCTIC 2 SUV rehv, investeerid kvaliteeti, innovatsiooni ja turvalisusse, mis tagab sujuva s\u00f5idu s\u00f5ltumata teekatte ja ilmastikutingimustest.<\/p>","protected":false},"excerpt":{"rendered":"<p>Tutvustame uut GOODYEAR ULTRA GRIP ARCTIC 2 SUV rehvi, mis on loodud tagamaks maksimaalse turvalisuse ja suurep\u00e4rase s\u00f5idukogemuse ka k\u00f5ige n\u00f5udlikumates talvetingimustes. Rehvi suurus 275\/40R20 tagab suurep\u00e4rase haarduvuse ning t\u00e4pse man\u00f6\u00f6verdamise, muutes selle ideaalseks valikuks SUV s\u00f5idukitele. M\u00e4rgised 3PMSF ja M+S kinnitavad rehvi talviseks soorituseks, pakkudes usaldusv\u00e4\u00e4rset pidamist lumel, j\u00e4\u00e4l ja mudas. Rehvil on lisaks [&hellip;]<\/p>\n","protected":false},"featured_media":122088,"template":"","meta":{"site-sidebar-layout":"default","site-content-layout":"","ast-site-content-layout":"","site-content-style":"default","site-sidebar-style":"default","ast-global-header-display":"","ast-banner-title-visibility":"","ast-main-header-display":"","ast-hfb-above-header-display":"","ast-hfb-below-header-display":"","ast-hfb-mobile-header-display":"","site-post-title":"","ast-breadcrumbs-content":"","ast-featured-img":"","footer-sml-layout":"","theme-transparent-header-meta":"","adv-header-id-meta":"","stick-header-meta":"","header-above-stick-meta":"","header-main-stick-meta":"","header-below-stick-meta":"","astra-migrate-meta-layouts":"default","ast-page-background-enabled":"default","ast-page-background-meta":{"desktop":{"background-color":"","background-image":"","background-repeat":"repeat","background-position":"center center","background-size":"auto","background-attachment":"scroll","background-type":"","background-media":"","overlay-type":"","overlay-color":"","overlay-opacity":"","overlay-gradient":""},"tablet":{"background-color":"","background-image":"","background-repeat":"repeat","background-position":"center center","background-size":"auto","background-attachment":"scroll","background-type":"","background-media":"","overlay-type":"","overlay-color":"","overlay-opacity":"","overlay-gradient":""},"mobile":{"background-color":"","background-image":"","background-repeat":"repeat","background-position":"center center","background-size":"auto","background-attachment":"scroll","background-type":"","background-media":"","overlay-type":"","overlay-color":"","overlay-opacity":"","overlay-gradient":""}},"ast-content-background-meta":{"desktop":{"background-color":"var(--ast-global-color-5)","background-image":"","background-repeat":"repeat","background-position":"center center","background-size":"auto","background-attachment":"scroll","background-type":"","background-media":"","overlay-type":"","overlay-color":"","overlay-opacity":"","overlay-gradient":""},"tablet":{"background-color":"var(--ast-global-color-5)","background-image":"","background-repeat":"repeat","background-position":"center center","background-size":"auto","background-attachment":"scroll","background-type":"","background-media":"","overlay-type":"","overlay-color":"","overlay-opacity":"","overlay-gradient":""},"mobile":{"background-color":"var(--ast-global-color-5)","background-image":"","background-repeat":"repeat","background-position":"center center","background-size":"auto","background-attachment":"scroll","background-type":"","background-media":"","overlay-type":"","overlay-color":"","overlay-opacity":"","overlay-gradient":""}}},"product_brand":[],"product_cat":[34229],"product_tag":[],"pa_brand_name":[17979],"class_list":{"0":"post-120352","1":"product","2":"type-product","3":"status-publish","4":"has-post-thumbnail","6":"product_cat-winter-tires-with-studs","7":"pa_brand_name-goodyear","8":"desktop-align-left","9":"tablet-align-left","10":"mobile-align-left","12":"first","13":"outofstock","14":"taxable","15":"shipping-taxable","16":"purchasable","17":"product-type-simple"},"_links":{"self":[{"href":"https:\/\/shop.rettum.ee\/en\/wp-json\/wp\/v2\/product\/120352","targetHints":{"allow":["GET"]}}],"collection":[{"href":"https:\/\/shop.rettum.ee\/en\/wp-json\/wp\/v2\/product"}],"about":[{"href":"https:\/\/shop.rettum.ee\/en\/wp-json\/wp\/v2\/types\/product"}],"version-history":[{"count":1,"href":"https:\/\/shop.rettum.ee\/en\/wp-json\/wp\/v2\/product\/120352\/revisions"}],"predecessor-version":[{"id":126175,"href":"https:\/\/shop.rettum.ee\/en\/wp-json\/wp\/v2\/product\/120352\/revisions\/126175"}],"wp:featuredmedia":[{"embeddable":true,"href":"https:\/\/shop.rettum.ee\/en\/wp-json\/wp\/v2\/media\/122088"}],"wp:attachment":[{"href":"https:\/\/shop.rettum.ee\/en\/wp-json\/wp\/v2\/media?parent=120352"}],"wp:term":[{"taxonomy":"product_brand","embeddable":true,"href":"https:\/\/shop.rettum.ee\/en\/wp-json\/wp\/v2\/product_brand?post=120352"},{"taxonomy":"product_cat","embeddable":true,"href":"https:\/\/shop.rettum.ee\/en\/wp-json\/wp\/v2\/product_cat?post=120352"},{"taxonomy":"product_tag","embeddable":true,"href":"https:\/\/shop.rettum.ee\/en\/wp-json\/wp\/v2\/product_tag?post=120352"},{"taxonomy":"pa_brand_name","embeddable":true,"href":"https:\/\/shop.rettum.ee\/en\/wp-json\/wp\/v2\/pa_brand_name?post=120352"}],"curies":[{"name":"wp","href":"https:\/\/api.w.org\/{rel}","templated":true}]}}