{"id":120357,"date":"2025-03-31T03:01:22","date_gmt":"2025-03-31T00:01:22","guid":{"rendered":"https:\/\/shop.rettum.ee\/toode\/190-50r17-pirelli-angel-gt-73w-tl-touring-sport-tourin-rear-dot20\/"},"modified":"2026-03-22T03:04:26","modified_gmt":"2026-03-22T01:04:26","slug":"190-50r17-pirelli-angel-gt-73w-tl-touring-sport-tourin-rear-dot20","status":"publish","type":"product","link":"https:\/\/shop.rettum.ee\/en\/product\/190-50r17-pirelli-angel-gt-73w-tl-touring-sport-tourin-rear-dot20\/","title":{"rendered":"190\/50R17 Pirelli ANGEL GT 73W TL TOURING SPORT TOURIN Rear DOT20"},"content":{"rendered":"<p>Tutvu Pirelli ANGEL GT 73W TL TOURING SPORT TOURIN tagarrehviga, mis on loodud pakkuma maksimaalset sooritust ja usaldusv\u00e4\u00e4rsust igas s\u00f5idutingimuses. Selle 190\/50R17 m\u00f5\u00f5tmed ja tipptasemel tehnoloogiad tagavad suurep\u00e4rase haarduvuse nii kuivadel kui ka m\u00e4rgadel teedel, muutes selle ideaalseks valikuks nii pikamaa- kui ka sportlikumaks s\u00f5iduks. Rehv on varustatud kaasaegse tubeless (TL) tehnoloogiaga, mis lihtsustab paigaldamist ja aitab v\u00e4hendada vedeliku kadu v\u00f5imalike vigade korral. DOT20 m\u00e4rgistus kinnitab rehvi vastavust rangetele rahvusvahelistele ohutus- ja kvaliteedandarditele. Pirelli ANGEL GT seeria elemendina on see tagarrehv loodud tagama stabiilsust ja kindlat kontrolli ka keerulistes s\u00f5idutingimustes, pakkudes nii juhile turvalist ja enesekindlat s\u00f5idukogemust. Valides selle rehviga Pirelli, saad kindlustunde ja kvaliteedi, millele toetudes v\u00f5ib igal teek\u00e4igul loota suurep\u00e4rasele sooritusele.<\/p>","protected":false},"excerpt":{"rendered":"<p>Tutvu Pirelli ANGEL GT 73W TL TOURING SPORT TOURIN tagarrehviga, mis on loodud pakkuma maksimaalset sooritust ja usaldusv\u00e4\u00e4rsust igas s\u00f5idutingimuses. Selle 190\/50R17 m\u00f5\u00f5tmed ja tipptasemel tehnoloogiad tagavad suurep\u00e4rase haarduvuse nii kuivadel kui ka m\u00e4rgadel teedel, muutes selle ideaalseks valikuks nii pikamaa- kui ka sportlikumaks s\u00f5iduks. Rehv on varustatud kaasaegse tubeless (TL) tehnoloogiaga, mis lihtsustab paigaldamist [&hellip;]<\/p>\n","protected":false},"featured_media":124058,"template":"","meta":{"site-sidebar-layout":"default","site-content-layout":"","ast-site-content-layout":"","site-content-style":"default","site-sidebar-style":"default","ast-global-header-display":"","ast-banner-title-visibility":"","ast-main-header-display":"","ast-hfb-above-header-display":"","ast-hfb-below-header-display":"","ast-hfb-mobile-header-display":"","site-post-title":"","ast-breadcrumbs-content":"","ast-featured-img":"","footer-sml-layout":"","theme-transparent-header-meta":"","adv-header-id-meta":"","stick-header-meta":"","header-above-stick-meta":"","header-main-stick-meta":"","header-below-stick-meta":"","astra-migrate-meta-layouts":"default","ast-page-background-enabled":"default","ast-page-background-meta":{"desktop":{"background-color":"","background-image":"","background-repeat":"repeat","background-position":"center center","background-size":"auto","background-attachment":"scroll","background-type":"","background-media":"","overlay-type":"","overlay-color":"","overlay-opacity":"","overlay-gradient":""},"tablet":{"background-color":"","background-image":"","background-repeat":"repeat","background-position":"center center","background-size":"auto","background-attachment":"scroll","background-type":"","background-media":"","overlay-type":"","overlay-color":"","overlay-opacity":"","overlay-gradient":""},"mobile":{"background-color":"","background-image":"","background-repeat":"repeat","background-position":"center center","background-size":"auto","background-attachment":"scroll","background-type":"","background-media":"","overlay-type":"","overlay-color":"","overlay-opacity":"","overlay-gradient":""}},"ast-content-background-meta":{"desktop":{"background-color":"var(--ast-global-color-5)","background-image":"","background-repeat":"repeat","background-position":"center center","background-size":"auto","background-attachment":"scroll","background-type":"","background-media":"","overlay-type":"","overlay-color":"","overlay-opacity":"","overlay-gradient":""},"tablet":{"background-color":"var(--ast-global-color-5)","background-image":"","background-repeat":"repeat","background-position":"center center","background-size":"auto","background-attachment":"scroll","background-type":"","background-media":"","overlay-type":"","overlay-color":"","overlay-opacity":"","overlay-gradient":""},"mobile":{"background-color":"var(--ast-global-color-5)","background-image":"","background-repeat":"repeat","background-position":"center center","background-size":"auto","background-attachment":"scroll","background-type":"","background-media":"","overlay-type":"","overlay-color":"","overlay-opacity":"","overlay-gradient":""}}},"product_brand":[],"product_cat":[34223],"product_tag":[],"pa_brand_name":[17329],"class_list":{"0":"post-120357","1":"product","2":"type-product","3":"status-publish","4":"has-post-thumbnail","6":"product_cat-mc-tires","7":"pa_brand_name-pirelli","8":"desktop-align-left","9":"tablet-align-left","10":"mobile-align-left","12":"first","13":"outofstock","14":"taxable","15":"shipping-taxable","16":"purchasable","17":"product-type-simple"},"_links":{"self":[{"href":"https:\/\/shop.rettum.ee\/en\/wp-json\/wp\/v2\/product\/120357","targetHints":{"allow":["GET"]}}],"collection":[{"href":"https:\/\/shop.rettum.ee\/en\/wp-json\/wp\/v2\/product"}],"about":[{"href":"https:\/\/shop.rettum.ee\/en\/wp-json\/wp\/v2\/types\/product"}],"version-history":[{"count":1,"href":"https:\/\/shop.rettum.ee\/en\/wp-json\/wp\/v2\/product\/120357\/revisions"}],"predecessor-version":[{"id":126171,"href":"https:\/\/shop.rettum.ee\/en\/wp-json\/wp\/v2\/product\/120357\/revisions\/126171"}],"wp:featuredmedia":[{"embeddable":true,"href":"https:\/\/shop.rettum.ee\/en\/wp-json\/wp\/v2\/media\/124058"}],"wp:attachment":[{"href":"https:\/\/shop.rettum.ee\/en\/wp-json\/wp\/v2\/media?parent=120357"}],"wp:term":[{"taxonomy":"product_brand","embeddable":true,"href":"https:\/\/shop.rettum.ee\/en\/wp-json\/wp\/v2\/product_brand?post=120357"},{"taxonomy":"product_cat","embeddable":true,"href":"https:\/\/shop.rettum.ee\/en\/wp-json\/wp\/v2\/product_cat?post=120357"},{"taxonomy":"product_tag","embeddable":true,"href":"https:\/\/shop.rettum.ee\/en\/wp-json\/wp\/v2\/product_tag?post=120357"},{"taxonomy":"pa_brand_name","embeddable":true,"href":"https:\/\/shop.rettum.ee\/en\/wp-json\/wp\/v2\/pa_brand_name?post=120357"}],"curies":[{"name":"wp","href":"https:\/\/api.w.org\/{rel}","templated":true}]}}