{"id":120369,"date":"2025-03-31T03:01:31","date_gmt":"2025-03-31T00:01:31","guid":{"rendered":"https:\/\/shop.rettum.ee\/toode\/185-70r14-kumho-es31-88t-bbb70\/"},"modified":"2025-07-30T02:51:40","modified_gmt":"2025-07-29T23:51:40","slug":"185-70r14-kumho-es31-88t-bbb70","status":"publish","type":"product","link":"https:\/\/shop.rettum.ee\/en\/product\/185-70r14-kumho-es31-88t-bbb70\/","title":{"rendered":"185\/70R14 KUMHO ES31 88T BBB70"},"content":{"rendered":"<p>Tutvustame KUMHO ES31 rehvi, mis on loodud pakkuma usaldusv\u00e4\u00e4rset ja turvalist s\u00f5idukogemust igal teeolul. M\u00f5\u00f5tmetega 185\/70R14 sobib see rehv ideaalselt v\u00e4iksematele ja keskmise suurusega s\u00f5iduautodele, tagades stabiilsuse ja t\u00e4pse juhitavuse. Rehvi 88T koormusindeks ja kiirusklass annab kindlustunde, et see suudab edukalt toime tulla igap\u00e4evasteks s\u00f5itudeks nii linnat\u00e4navatel kui ka maanteedel. <\/p>\n<p>KUMHO ES31 disain on loodud pakkuma optimaalset haarduvust nii kuivadel kui ka m\u00e4rgadel teedel, v\u00e4hendades veoj\u00f5u kadu ja tagades ohutu pidamise isegi n\u00f5udlikes olukordades. Innovatiivne rehviprofiil aitab v\u00e4hendada veekihi tekke ning parandada stabiilsust ning s\u00f5idu mugavust. Lisaks tagab madalam rullimisvastupanu k\u00fctuses\u00e4\u00e4stu ja pikema rehvi eluea. <\/p>\n<p>Vali KUMHO ES31, kui soovid usaldusv\u00e4\u00e4rsust, efektiivsust ja turvalisust igal s\u00f5idul ning naudi enesekindlat s\u00f5idukogemust igas olukorras.<\/p>","protected":false},"excerpt":{"rendered":"<p>Tutvustame KUMHO ES31 rehvi, mis on loodud pakkuma usaldusv\u00e4\u00e4rset ja turvalist s\u00f5idukogemust igal teeolul. M\u00f5\u00f5tmetega 185\/70R14 sobib see rehv ideaalselt v\u00e4iksematele ja keskmise suurusega s\u00f5iduautodele, tagades stabiilsuse ja t\u00e4pse juhitavuse. Rehvi 88T koormusindeks ja kiirusklass annab kindlustunde, et see suudab edukalt toime tulla igap\u00e4evasteks s\u00f5itudeks nii linnat\u00e4navatel kui ka maanteedel. KUMHO ES31 disain on loodud [&hellip;]<\/p>\n","protected":false},"featured_media":122064,"template":"","meta":{"site-sidebar-layout":"default","site-content-layout":"","ast-site-content-layout":"","site-content-style":"default","site-sidebar-style":"default","ast-global-header-display":"","ast-banner-title-visibility":"","ast-main-header-display":"","ast-hfb-above-header-display":"","ast-hfb-below-header-display":"","ast-hfb-mobile-header-display":"","site-post-title":"","ast-breadcrumbs-content":"","ast-featured-img":"","footer-sml-layout":"","theme-transparent-header-meta":"","adv-header-id-meta":"","stick-header-meta":"","header-above-stick-meta":"","header-main-stick-meta":"","header-below-stick-meta":"","astra-migrate-meta-layouts":"default","ast-page-background-enabled":"default","ast-page-background-meta":{"desktop":{"background-color":"","background-image":"","background-repeat":"repeat","background-position":"center center","background-size":"auto","background-attachment":"scroll","background-type":"","background-media":"","overlay-type":"","overlay-color":"","overlay-opacity":"","overlay-gradient":""},"tablet":{"background-color":"","background-image":"","background-repeat":"repeat","background-position":"center center","background-size":"auto","background-attachment":"scroll","background-type":"","background-media":"","overlay-type":"","overlay-color":"","overlay-opacity":"","overlay-gradient":""},"mobile":{"background-color":"","background-image":"","background-repeat":"repeat","background-position":"center center","background-size":"auto","background-attachment":"scroll","background-type":"","background-media":"","overlay-type":"","overlay-color":"","overlay-opacity":"","overlay-gradient":""}},"ast-content-background-meta":{"desktop":{"background-color":"var(--ast-global-color-5)","background-image":"","background-repeat":"repeat","background-position":"center center","background-size":"auto","background-attachment":"scroll","background-type":"","background-media":"","overlay-type":"","overlay-color":"","overlay-opacity":"","overlay-gradient":""},"tablet":{"background-color":"var(--ast-global-color-5)","background-image":"","background-repeat":"repeat","background-position":"center center","background-size":"auto","background-attachment":"scroll","background-type":"","background-media":"","overlay-type":"","overlay-color":"","overlay-opacity":"","overlay-gradient":""},"mobile":{"background-color":"var(--ast-global-color-5)","background-image":"","background-repeat":"repeat","background-position":"center center","background-size":"auto","background-attachment":"scroll","background-type":"","background-media":"","overlay-type":"","overlay-color":"","overlay-opacity":"","overlay-gradient":""}}},"product_brand":[],"product_cat":[34225],"product_tag":[],"pa_brand_name":[21898],"class_list":{"0":"post-120369","1":"product","2":"type-product","3":"status-publish","4":"has-post-thumbnail","6":"product_cat-summer-tires-pv","7":"pa_brand_name-kumho","8":"desktop-align-left","9":"tablet-align-left","10":"mobile-align-left","12":"first","13":"outofstock","14":"taxable","15":"shipping-taxable","16":"purchasable","17":"product-type-simple"},"_links":{"self":[{"href":"https:\/\/shop.rettum.ee\/en\/wp-json\/wp\/v2\/product\/120369","targetHints":{"allow":["GET"]}}],"collection":[{"href":"https:\/\/shop.rettum.ee\/en\/wp-json\/wp\/v2\/product"}],"about":[{"href":"https:\/\/shop.rettum.ee\/en\/wp-json\/wp\/v2\/types\/product"}],"version-history":[{"count":1,"href":"https:\/\/shop.rettum.ee\/en\/wp-json\/wp\/v2\/product\/120369\/revisions"}],"predecessor-version":[{"id":126160,"href":"https:\/\/shop.rettum.ee\/en\/wp-json\/wp\/v2\/product\/120369\/revisions\/126160"}],"wp:featuredmedia":[{"embeddable":true,"href":"https:\/\/shop.rettum.ee\/en\/wp-json\/wp\/v2\/media\/122064"}],"wp:attachment":[{"href":"https:\/\/shop.rettum.ee\/en\/wp-json\/wp\/v2\/media?parent=120369"}],"wp:term":[{"taxonomy":"product_brand","embeddable":true,"href":"https:\/\/shop.rettum.ee\/en\/wp-json\/wp\/v2\/product_brand?post=120369"},{"taxonomy":"product_cat","embeddable":true,"href":"https:\/\/shop.rettum.ee\/en\/wp-json\/wp\/v2\/product_cat?post=120369"},{"taxonomy":"product_tag","embeddable":true,"href":"https:\/\/shop.rettum.ee\/en\/wp-json\/wp\/v2\/product_tag?post=120369"},{"taxonomy":"pa_brand_name","embeddable":true,"href":"https:\/\/shop.rettum.ee\/en\/wp-json\/wp\/v2\/pa_brand_name?post=120369"}],"curies":[{"name":"wp","href":"https:\/\/api.w.org\/{rel}","templated":true}]}}