{"id":120370,"date":"2025-03-31T03:01:32","date_gmt":"2025-03-31T00:01:32","guid":{"rendered":"https:\/\/shop.rettum.ee\/toode\/195-65r15-kumho-es31-91h-bbb70\/"},"modified":"2025-07-30T02:51:40","modified_gmt":"2025-07-29T23:51:40","slug":"195-65r15-kumho-es31-91h-bbb70","status":"publish","type":"product","link":"https:\/\/shop.rettum.ee\/en\/product\/195-65r15-kumho-es31-91h-bbb70\/","title":{"rendered":"195\/65R15 KUMHO ES31 91H BBB70"},"content":{"rendered":"<p>KUMHO ES31 195\/65R15 on tipptasemel rehv, mis \u00fchendab innovatsiooni ja turvalisuse. Selle rehvi m\u00f5\u00f5tmed sobivad ideaalselt v\u00e4ikeste ja keskmise suurusega s\u00f5idukitele, tagades optimaalse haarduvuse ja stabiilsuse erinevatel teedel. 91H m\u00e4rkiding n\u00e4itab k\u00f5rget kiiruspiiri ja koormustaluvust, pakkudes s\u00f5itjale kindlustunnet k\u00f5rge j\u00f5udluse osas ka intensiivsetel maanteedel.<\/p>\n<p>Rehvis kasutatud tipptasemel tehnoloogiad parandavad veega kokku puutuvust ja tagavad suurep\u00e4rase pidamise, olenemata ilmastikuoludest. BBB70 standardile vastavus lisab t\u00e4iendava kvaliteedi ja t\u00f6\u00f6kindluse garantii, muutes selle rehvi sobivaks nii igap\u00e4evaseks s\u00f5iduks kui ka n\u00f5udlikumaks liikluseks.<\/p>\n<p>Valides KUMHO ES31, eelistad ohutut ja sujuvat s\u00f5idukogemust, mis on hoolikalt disainitud vastama t\u00e4nap\u00e4eva s\u00f5idutingimustele. Naudi maksimaalset stabiilsust, mugavust ja efektiivsust igal teekonnal!<\/p>","protected":false},"excerpt":{"rendered":"<p>KUMHO ES31 195\/65R15 on tipptasemel rehv, mis \u00fchendab innovatsiooni ja turvalisuse. Selle rehvi m\u00f5\u00f5tmed sobivad ideaalselt v\u00e4ikeste ja keskmise suurusega s\u00f5idukitele, tagades optimaalse haarduvuse ja stabiilsuse erinevatel teedel. 91H m\u00e4rkiding n\u00e4itab k\u00f5rget kiiruspiiri ja koormustaluvust, pakkudes s\u00f5itjale kindlustunnet k\u00f5rge j\u00f5udluse osas ka intensiivsetel maanteedel. Rehvis kasutatud tipptasemel tehnoloogiad parandavad veega kokku puutuvust ja tagavad suurep\u00e4rase [&hellip;]<\/p>\n","protected":false},"featured_media":122064,"template":"","meta":{"site-sidebar-layout":"default","site-content-layout":"","ast-site-content-layout":"","site-content-style":"default","site-sidebar-style":"default","ast-global-header-display":"","ast-banner-title-visibility":"","ast-main-header-display":"","ast-hfb-above-header-display":"","ast-hfb-below-header-display":"","ast-hfb-mobile-header-display":"","site-post-title":"","ast-breadcrumbs-content":"","ast-featured-img":"","footer-sml-layout":"","theme-transparent-header-meta":"","adv-header-id-meta":"","stick-header-meta":"","header-above-stick-meta":"","header-main-stick-meta":"","header-below-stick-meta":"","astra-migrate-meta-layouts":"default","ast-page-background-enabled":"default","ast-page-background-meta":{"desktop":{"background-color":"","background-image":"","background-repeat":"repeat","background-position":"center center","background-size":"auto","background-attachment":"scroll","background-type":"","background-media":"","overlay-type":"","overlay-color":"","overlay-opacity":"","overlay-gradient":""},"tablet":{"background-color":"","background-image":"","background-repeat":"repeat","background-position":"center center","background-size":"auto","background-attachment":"scroll","background-type":"","background-media":"","overlay-type":"","overlay-color":"","overlay-opacity":"","overlay-gradient":""},"mobile":{"background-color":"","background-image":"","background-repeat":"repeat","background-position":"center center","background-size":"auto","background-attachment":"scroll","background-type":"","background-media":"","overlay-type":"","overlay-color":"","overlay-opacity":"","overlay-gradient":""}},"ast-content-background-meta":{"desktop":{"background-color":"var(--ast-global-color-5)","background-image":"","background-repeat":"repeat","background-position":"center center","background-size":"auto","background-attachment":"scroll","background-type":"","background-media":"","overlay-type":"","overlay-color":"","overlay-opacity":"","overlay-gradient":""},"tablet":{"background-color":"var(--ast-global-color-5)","background-image":"","background-repeat":"repeat","background-position":"center center","background-size":"auto","background-attachment":"scroll","background-type":"","background-media":"","overlay-type":"","overlay-color":"","overlay-opacity":"","overlay-gradient":""},"mobile":{"background-color":"var(--ast-global-color-5)","background-image":"","background-repeat":"repeat","background-position":"center center","background-size":"auto","background-attachment":"scroll","background-type":"","background-media":"","overlay-type":"","overlay-color":"","overlay-opacity":"","overlay-gradient":""}}},"product_brand":[],"product_cat":[34225],"product_tag":[],"pa_brand_name":[],"class_list":{"0":"post-120370","1":"product","2":"type-product","3":"status-publish","4":"has-post-thumbnail","6":"product_cat-summer-tires-pv","7":"desktop-align-left","8":"tablet-align-left","9":"mobile-align-left","11":"first","12":"outofstock","13":"taxable","14":"shipping-taxable","15":"purchasable","16":"product-type-simple"},"_links":{"self":[{"href":"https:\/\/shop.rettum.ee\/en\/wp-json\/wp\/v2\/product\/120370","targetHints":{"allow":["GET"]}}],"collection":[{"href":"https:\/\/shop.rettum.ee\/en\/wp-json\/wp\/v2\/product"}],"about":[{"href":"https:\/\/shop.rettum.ee\/en\/wp-json\/wp\/v2\/types\/product"}],"version-history":[{"count":1,"href":"https:\/\/shop.rettum.ee\/en\/wp-json\/wp\/v2\/product\/120370\/revisions"}],"predecessor-version":[{"id":126158,"href":"https:\/\/shop.rettum.ee\/en\/wp-json\/wp\/v2\/product\/120370\/revisions\/126158"}],"wp:featuredmedia":[{"embeddable":true,"href":"https:\/\/shop.rettum.ee\/en\/wp-json\/wp\/v2\/media\/122064"}],"wp:attachment":[{"href":"https:\/\/shop.rettum.ee\/en\/wp-json\/wp\/v2\/media?parent=120370"}],"wp:term":[{"taxonomy":"product_brand","embeddable":true,"href":"https:\/\/shop.rettum.ee\/en\/wp-json\/wp\/v2\/product_brand?post=120370"},{"taxonomy":"product_cat","embeddable":true,"href":"https:\/\/shop.rettum.ee\/en\/wp-json\/wp\/v2\/product_cat?post=120370"},{"taxonomy":"product_tag","embeddable":true,"href":"https:\/\/shop.rettum.ee\/en\/wp-json\/wp\/v2\/product_tag?post=120370"},{"taxonomy":"pa_brand_name","embeddable":true,"href":"https:\/\/shop.rettum.ee\/en\/wp-json\/wp\/v2\/pa_brand_name?post=120370"}],"curies":[{"name":"wp","href":"https:\/\/api.w.org\/{rel}","templated":true}]}}