{"id":120371,"date":"2025-03-31T03:01:32","date_gmt":"2025-03-31T00:01:32","guid":{"rendered":"https:\/\/shop.rettum.ee\/toode\/205-60r16-dynamo-street-h-mu02-92v-rp-dbb71\/"},"modified":"2026-03-10T02:45:25","modified_gmt":"2026-03-10T00:45:25","slug":"205-60r16-dynamo-street-h-mu02-92v-rp-dbb71","status":"publish","type":"product","link":"https:\/\/shop.rettum.ee\/en\/product\/205-60r16-dynamo-street-h-mu02-92v-rp-dbb71\/","title":{"rendered":"205\/60R16 DYNAMO STREET-H MU02 92V RP DBB71"},"content":{"rendered":"<p>205\/60R16 DYNAMO STREET-H MU02 92V RP DBB71 on kvaliteetne rehv, mis tagab turvalise ja stabiilse s\u00f5idukogemuse nii linnas kui pikamaanteedel. Rehvi m\u00f5\u00f5tmed 205\/60R16 v\u00f5imaldavad saavutada suurep\u00e4rase juhitavuse ning kindla haardega s\u00f5iduolud igas olukorras. See mudel on varustatud 92 koormusindeksiga ja V kiirusklassi m\u00e4rgistusega, mis annab kindlustunde ka n\u00f5udlikes s\u00f5iduoludes, lubades kiireid ja ohutuid s\u00f5iduaegu.<\/p>\n<p>Innovatiivne mustrikujundus tagab optimaalse pidamise nii m\u00e4rjal kui kuival teel, v\u00e4hendades l\u00fchinurka ning pakkudes \u00fchtlast haarduvust. RP DBB71 kood n\u00e4itab rehvi katsetatud ja praktilist disaini, mis vastab t\u00e4nap\u00e4evastele liiklusn\u00f5uetele ning pakub usaldusv\u00e4\u00e4rsust igap\u00e4evasel teel. DYNAMO STREET-H MU02 on ideaalne valik neile, kes hindavad ohutust, mugavust ja k\u00fctuses\u00e4\u00e4stlikkust, andes igale s\u00f5idule lisa kindlustunde.<\/p>","protected":false},"excerpt":{"rendered":"<p>205\/60R16 DYNAMO STREET-H MU02 92V RP DBB71 on kvaliteetne rehv, mis tagab turvalise ja stabiilse s\u00f5idukogemuse nii linnas kui pikamaanteedel. Rehvi m\u00f5\u00f5tmed 205\/60R16 v\u00f5imaldavad saavutada suurep\u00e4rase juhitavuse ning kindla haardega s\u00f5iduolud igas olukorras. See mudel on varustatud 92 koormusindeksiga ja V kiirusklassi m\u00e4rgistusega, mis annab kindlustunde ka n\u00f5udlikes s\u00f5iduoludes, lubades kiireid ja ohutuid s\u00f5iduaegu. Innovatiivne [&hellip;]<\/p>\n","protected":false},"featured_media":122066,"template":"","meta":{"site-sidebar-layout":"default","site-content-layout":"","ast-site-content-layout":"","site-content-style":"default","site-sidebar-style":"default","ast-global-header-display":"","ast-banner-title-visibility":"","ast-main-header-display":"","ast-hfb-above-header-display":"","ast-hfb-below-header-display":"","ast-hfb-mobile-header-display":"","site-post-title":"","ast-breadcrumbs-content":"","ast-featured-img":"","footer-sml-layout":"","theme-transparent-header-meta":"","adv-header-id-meta":"","stick-header-meta":"","header-above-stick-meta":"","header-main-stick-meta":"","header-below-stick-meta":"","astra-migrate-meta-layouts":"default","ast-page-background-enabled":"default","ast-page-background-meta":{"desktop":{"background-color":"","background-image":"","background-repeat":"repeat","background-position":"center center","background-size":"auto","background-attachment":"scroll","background-type":"","background-media":"","overlay-type":"","overlay-color":"","overlay-opacity":"","overlay-gradient":""},"tablet":{"background-color":"","background-image":"","background-repeat":"repeat","background-position":"center center","background-size":"auto","background-attachment":"scroll","background-type":"","background-media":"","overlay-type":"","overlay-color":"","overlay-opacity":"","overlay-gradient":""},"mobile":{"background-color":"","background-image":"","background-repeat":"repeat","background-position":"center center","background-size":"auto","background-attachment":"scroll","background-type":"","background-media":"","overlay-type":"","overlay-color":"","overlay-opacity":"","overlay-gradient":""}},"ast-content-background-meta":{"desktop":{"background-color":"var(--ast-global-color-5)","background-image":"","background-repeat":"repeat","background-position":"center center","background-size":"auto","background-attachment":"scroll","background-type":"","background-media":"","overlay-type":"","overlay-color":"","overlay-opacity":"","overlay-gradient":""},"tablet":{"background-color":"var(--ast-global-color-5)","background-image":"","background-repeat":"repeat","background-position":"center center","background-size":"auto","background-attachment":"scroll","background-type":"","background-media":"","overlay-type":"","overlay-color":"","overlay-opacity":"","overlay-gradient":""},"mobile":{"background-color":"var(--ast-global-color-5)","background-image":"","background-repeat":"repeat","background-position":"center center","background-size":"auto","background-attachment":"scroll","background-type":"","background-media":"","overlay-type":"","overlay-color":"","overlay-opacity":"","overlay-gradient":""}}},"product_brand":[],"product_cat":[34225],"product_tag":[],"pa_brand_name":[17833],"class_list":{"0":"post-120371","1":"product","2":"type-product","3":"status-publish","4":"has-post-thumbnail","6":"product_cat-summer-tires-pv","7":"pa_brand_name-dynamo","8":"desktop-align-left","9":"tablet-align-left","10":"mobile-align-left","12":"first","13":"outofstock","14":"taxable","15":"shipping-taxable","16":"purchasable","17":"product-type-simple"},"_links":{"self":[{"href":"https:\/\/shop.rettum.ee\/en\/wp-json\/wp\/v2\/product\/120371","targetHints":{"allow":["GET"]}}],"collection":[{"href":"https:\/\/shop.rettum.ee\/en\/wp-json\/wp\/v2\/product"}],"about":[{"href":"https:\/\/shop.rettum.ee\/en\/wp-json\/wp\/v2\/types\/product"}],"version-history":[{"count":1,"href":"https:\/\/shop.rettum.ee\/en\/wp-json\/wp\/v2\/product\/120371\/revisions"}],"predecessor-version":[{"id":126159,"href":"https:\/\/shop.rettum.ee\/en\/wp-json\/wp\/v2\/product\/120371\/revisions\/126159"}],"wp:featuredmedia":[{"embeddable":true,"href":"https:\/\/shop.rettum.ee\/en\/wp-json\/wp\/v2\/media\/122066"}],"wp:attachment":[{"href":"https:\/\/shop.rettum.ee\/en\/wp-json\/wp\/v2\/media?parent=120371"}],"wp:term":[{"taxonomy":"product_brand","embeddable":true,"href":"https:\/\/shop.rettum.ee\/en\/wp-json\/wp\/v2\/product_brand?post=120371"},{"taxonomy":"product_cat","embeddable":true,"href":"https:\/\/shop.rettum.ee\/en\/wp-json\/wp\/v2\/product_cat?post=120371"},{"taxonomy":"product_tag","embeddable":true,"href":"https:\/\/shop.rettum.ee\/en\/wp-json\/wp\/v2\/product_tag?post=120371"},{"taxonomy":"pa_brand_name","embeddable":true,"href":"https:\/\/shop.rettum.ee\/en\/wp-json\/wp\/v2\/pa_brand_name?post=120371"}],"curies":[{"name":"wp","href":"https:\/\/api.w.org\/{rel}","templated":true}]}}