{"id":120382,"date":"2025-03-31T03:01:40","date_gmt":"2025-03-31T00:01:40","guid":{"rendered":"https:\/\/shop.rettum.ee\/toode\/245-65r17-roadcruza-ra1100-111-108s-owl-ceb75-3pmsf-ms\/"},"modified":"2025-09-09T02:45:42","modified_gmt":"2025-09-08T23:45:42","slug":"245-65r17-roadcruza-ra1100-111-108s-owl-ceb75-3pmsf-ms","status":"publish","type":"product","link":"https:\/\/shop.rettum.ee\/en\/product\/245-65r17-roadcruza-ra1100-111-108s-owl-ceb75-3pmsf-ms\/","title":{"rendered":"245\/65R17 ROADCRUZA RA1100 111\/108S OWL CEB75 3PMSF M+S"},"content":{"rendered":"<p>245\/65R17 ROADCRUZA RA1100 on loodud neile, kes hindavad s\u00f5idumugavust, turvalisust ja vastupidavust igasugustes s\u00f5iduoludes. Rehv vastab n\u00f5uetele 3PMSF ja M+S sertifikaatidega, mis tagavad usaldusv\u00e4\u00e4rse haardumise nii lumistel kui ka mudasel teel, pakkudes t\u00f6\u00f6kindlat j\u00f5udlust karmides ilmastikutingimustes.<\/p>\n<p>Rehvi disain on optimeeritud tagamaks stabiilsust ja parem pidamine nii kuivas kui niiskes keskkonnas. 111\/108S koormusindeks ja kiirusklass S v\u00f5imaldavad s\u00f5ita turvaliselt ka suuremate koormuste ja k\u00f5rgemate kiirustega, muutes selle ideaalseks valikuks nii igap\u00e4evaseks s\u00f5iduks kui ka pikemateks teekondadeks.<\/p>\n<p>T\u00e4nu innovaatilisele mustrite ja kvaliteetsete materjalide kasutamisele tagab ROADCRUZA RA1100 \u00fchtlase s\u00f5idukogemuse, v\u00e4hendab vees libisemise riski ning pikendab rehvi kasutusiga. Valides selle rehviga investeerite oma s\u00f5iduohutusse ja s\u00f5idumugavusse k\u00f5ikides oludes.<\/p>","protected":false},"excerpt":{"rendered":"<p>245\/65R17 ROADCRUZA RA1100 on loodud neile, kes hindavad s\u00f5idumugavust, turvalisust ja vastupidavust igasugustes s\u00f5iduoludes. Rehv vastab n\u00f5uetele 3PMSF ja M+S sertifikaatidega, mis tagavad usaldusv\u00e4\u00e4rse haardumise nii lumistel kui ka mudasel teel, pakkudes t\u00f6\u00f6kindlat j\u00f5udlust karmides ilmastikutingimustes. Rehvi disain on optimeeritud tagamaks stabiilsust ja parem pidamine nii kuivas kui niiskes keskkonnas. 111\/108S koormusindeks ja kiirusklass S [&hellip;]<\/p>\n","protected":false},"featured_media":124044,"template":"","meta":{"site-sidebar-layout":"default","site-content-layout":"","ast-site-content-layout":"","site-content-style":"default","site-sidebar-style":"default","ast-global-header-display":"","ast-banner-title-visibility":"","ast-main-header-display":"","ast-hfb-above-header-display":"","ast-hfb-below-header-display":"","ast-hfb-mobile-header-display":"","site-post-title":"","ast-breadcrumbs-content":"","ast-featured-img":"","footer-sml-layout":"","theme-transparent-header-meta":"","adv-header-id-meta":"","stick-header-meta":"","header-above-stick-meta":"","header-main-stick-meta":"","header-below-stick-meta":"","astra-migrate-meta-layouts":"default","ast-page-background-enabled":"default","ast-page-background-meta":{"desktop":{"background-color":"","background-image":"","background-repeat":"repeat","background-position":"center center","background-size":"auto","background-attachment":"scroll","background-type":"","background-media":"","overlay-type":"","overlay-color":"","overlay-opacity":"","overlay-gradient":""},"tablet":{"background-color":"","background-image":"","background-repeat":"repeat","background-position":"center center","background-size":"auto","background-attachment":"scroll","background-type":"","background-media":"","overlay-type":"","overlay-color":"","overlay-opacity":"","overlay-gradient":""},"mobile":{"background-color":"","background-image":"","background-repeat":"repeat","background-position":"center center","background-size":"auto","background-attachment":"scroll","background-type":"","background-media":"","overlay-type":"","overlay-color":"","overlay-opacity":"","overlay-gradient":""}},"ast-content-background-meta":{"desktop":{"background-color":"var(--ast-global-color-5)","background-image":"","background-repeat":"repeat","background-position":"center center","background-size":"auto","background-attachment":"scroll","background-type":"","background-media":"","overlay-type":"","overlay-color":"","overlay-opacity":"","overlay-gradient":""},"tablet":{"background-color":"var(--ast-global-color-5)","background-image":"","background-repeat":"repeat","background-position":"center center","background-size":"auto","background-attachment":"scroll","background-type":"","background-media":"","overlay-type":"","overlay-color":"","overlay-opacity":"","overlay-gradient":""},"mobile":{"background-color":"var(--ast-global-color-5)","background-image":"","background-repeat":"repeat","background-position":"center center","background-size":"auto","background-attachment":"scroll","background-type":"","background-media":"","overlay-type":"","overlay-color":"","overlay-opacity":"","overlay-gradient":""}}},"product_brand":[],"product_cat":[34225],"product_tag":[],"pa_brand_name":[17939],"class_list":{"0":"post-120382","1":"product","2":"type-product","3":"status-publish","4":"has-post-thumbnail","6":"product_cat-summer-tires-pv","7":"pa_brand_name-roadcruza","8":"desktop-align-left","9":"tablet-align-left","10":"mobile-align-left","12":"first","13":"outofstock","14":"taxable","15":"shipping-taxable","16":"purchasable","17":"product-type-simple"},"_links":{"self":[{"href":"https:\/\/shop.rettum.ee\/en\/wp-json\/wp\/v2\/product\/120382","targetHints":{"allow":["GET"]}}],"collection":[{"href":"https:\/\/shop.rettum.ee\/en\/wp-json\/wp\/v2\/product"}],"about":[{"href":"https:\/\/shop.rettum.ee\/en\/wp-json\/wp\/v2\/types\/product"}],"version-history":[{"count":1,"href":"https:\/\/shop.rettum.ee\/en\/wp-json\/wp\/v2\/product\/120382\/revisions"}],"predecessor-version":[{"id":126147,"href":"https:\/\/shop.rettum.ee\/en\/wp-json\/wp\/v2\/product\/120382\/revisions\/126147"}],"wp:featuredmedia":[{"embeddable":true,"href":"https:\/\/shop.rettum.ee\/en\/wp-json\/wp\/v2\/media\/124044"}],"wp:attachment":[{"href":"https:\/\/shop.rettum.ee\/en\/wp-json\/wp\/v2\/media?parent=120382"}],"wp:term":[{"taxonomy":"product_brand","embeddable":true,"href":"https:\/\/shop.rettum.ee\/en\/wp-json\/wp\/v2\/product_brand?post=120382"},{"taxonomy":"product_cat","embeddable":true,"href":"https:\/\/shop.rettum.ee\/en\/wp-json\/wp\/v2\/product_cat?post=120382"},{"taxonomy":"product_tag","embeddable":true,"href":"https:\/\/shop.rettum.ee\/en\/wp-json\/wp\/v2\/product_tag?post=120382"},{"taxonomy":"pa_brand_name","embeddable":true,"href":"https:\/\/shop.rettum.ee\/en\/wp-json\/wp\/v2\/pa_brand_name?post=120382"}],"curies":[{"name":"wp","href":"https:\/\/api.w.org\/{rel}","templated":true}]}}