{"id":120388,"date":"2025-03-31T03:01:44","date_gmt":"2025-03-31T00:01:44","guid":{"rendered":"https:\/\/shop.rettum.ee\/toode\/215-60r18-rotalla-rf10-98h-ccb70\/"},"modified":"2026-03-28T02:50:42","modified_gmt":"2026-03-28T00:50:42","slug":"215-60r18-rotalla-rf10-98h-ccb70","status":"publish","type":"product","link":"https:\/\/shop.rettum.ee\/en\/product\/215-60r18-rotalla-rf10-98h-ccb70\/","title":{"rendered":"215\/60R18 ROTALLA RF10 98H CCB70"},"content":{"rendered":"<p>Tutvustame uut 215\/60R18 Rotalla RF10 rehvi \u2013 usaldusv\u00e4\u00e4rne valik t\u00e4nap\u00e4evasele autot\u00f6\u00f6le. See rehv, mille kiirusindeks on H ja koormusindeks 98, tagab suurep\u00e4rase stabiilsuse ja turvalise s\u00f5idu ka kiiremates s\u00f5idutingimustes. Rotalla RF10 on konstrueeritud kaasaegse radialehhvitehnoloogia abil, mis v\u00f5imaldab saavutada optimaalse veoj\u00f5u ja juhitavuse igas olukorras.<\/p>\n<p>Rehvi kood CCB70 viitab k\u00f5rgtehnoloogilisele l\u00e4henemisele, pakkudes lisakindlust ka libedal v\u00f5i m\u00e4rjal teel. Selle kvaliteetne koostis tagab pikema s\u00f5idukindluse ning aitab s\u00e4ilitada madalat veeretakistust, mis omakorda v\u00f5ib v\u00e4hendada k\u00fctusekulu. Elegantne disain ja t\u00e4pselt m\u00f5\u00f5detud parameetrid teevad Rotalla RF10-st sobiva valiku nii igap\u00e4evaseks kasutamiseks kui ka n\u00f5udlikumatele s\u00f5iduomadustele.<\/p>\n<p>Valides 215\/60R18 Rotalla RF10 rehvi, investeerite ohutusse ja mugavusse, nautides samal ajal kvaliteeti ning usaldusv\u00e4\u00e4rsust igas s\u00f5idusituatsioonis.<\/p>","protected":false},"excerpt":{"rendered":"<p>Tutvustame uut 215\/60R18 Rotalla RF10 rehvi \u2013 usaldusv\u00e4\u00e4rne valik t\u00e4nap\u00e4evasele autot\u00f6\u00f6le. See rehv, mille kiirusindeks on H ja koormusindeks 98, tagab suurep\u00e4rase stabiilsuse ja turvalise s\u00f5idu ka kiiremates s\u00f5idutingimustes. Rotalla RF10 on konstrueeritud kaasaegse radialehhvitehnoloogia abil, mis v\u00f5imaldab saavutada optimaalse veoj\u00f5u ja juhitavuse igas olukorras. Rehvi kood CCB70 viitab k\u00f5rgtehnoloogilisele l\u00e4henemisele, pakkudes lisakindlust ka libedal [&hellip;]<\/p>\n","protected":false},"featured_media":124043,"template":"","meta":{"site-sidebar-layout":"default","site-content-layout":"","ast-site-content-layout":"","site-content-style":"default","site-sidebar-style":"default","ast-global-header-display":"","ast-banner-title-visibility":"","ast-main-header-display":"","ast-hfb-above-header-display":"","ast-hfb-below-header-display":"","ast-hfb-mobile-header-display":"","site-post-title":"","ast-breadcrumbs-content":"","ast-featured-img":"","footer-sml-layout":"","theme-transparent-header-meta":"","adv-header-id-meta":"","stick-header-meta":"","header-above-stick-meta":"","header-main-stick-meta":"","header-below-stick-meta":"","astra-migrate-meta-layouts":"default","ast-page-background-enabled":"default","ast-page-background-meta":{"desktop":{"background-color":"","background-image":"","background-repeat":"repeat","background-position":"center center","background-size":"auto","background-attachment":"scroll","background-type":"","background-media":"","overlay-type":"","overlay-color":"","overlay-opacity":"","overlay-gradient":""},"tablet":{"background-color":"","background-image":"","background-repeat":"repeat","background-position":"center center","background-size":"auto","background-attachment":"scroll","background-type":"","background-media":"","overlay-type":"","overlay-color":"","overlay-opacity":"","overlay-gradient":""},"mobile":{"background-color":"","background-image":"","background-repeat":"repeat","background-position":"center center","background-size":"auto","background-attachment":"scroll","background-type":"","background-media":"","overlay-type":"","overlay-color":"","overlay-opacity":"","overlay-gradient":""}},"ast-content-background-meta":{"desktop":{"background-color":"var(--ast-global-color-5)","background-image":"","background-repeat":"repeat","background-position":"center center","background-size":"auto","background-attachment":"scroll","background-type":"","background-media":"","overlay-type":"","overlay-color":"","overlay-opacity":"","overlay-gradient":""},"tablet":{"background-color":"var(--ast-global-color-5)","background-image":"","background-repeat":"repeat","background-position":"center center","background-size":"auto","background-attachment":"scroll","background-type":"","background-media":"","overlay-type":"","overlay-color":"","overlay-opacity":"","overlay-gradient":""},"mobile":{"background-color":"var(--ast-global-color-5)","background-image":"","background-repeat":"repeat","background-position":"center center","background-size":"auto","background-attachment":"scroll","background-type":"","background-media":"","overlay-type":"","overlay-color":"","overlay-opacity":"","overlay-gradient":""}}},"product_brand":[],"product_cat":[34225],"product_tag":[],"pa_brand_name":[17787],"class_list":{"0":"post-120388","1":"product","2":"type-product","3":"status-publish","4":"has-post-thumbnail","6":"product_cat-summer-tires-pv","7":"pa_brand_name-rotalla","8":"desktop-align-left","9":"tablet-align-left","10":"mobile-align-left","12":"first","13":"instock","14":"taxable","15":"shipping-taxable","16":"purchasable","17":"product-type-simple"},"_links":{"self":[{"href":"https:\/\/shop.rettum.ee\/en\/wp-json\/wp\/v2\/product\/120388","targetHints":{"allow":["GET"]}}],"collection":[{"href":"https:\/\/shop.rettum.ee\/en\/wp-json\/wp\/v2\/product"}],"about":[{"href":"https:\/\/shop.rettum.ee\/en\/wp-json\/wp\/v2\/types\/product"}],"version-history":[{"count":1,"href":"https:\/\/shop.rettum.ee\/en\/wp-json\/wp\/v2\/product\/120388\/revisions"}],"predecessor-version":[{"id":126140,"href":"https:\/\/shop.rettum.ee\/en\/wp-json\/wp\/v2\/product\/120388\/revisions\/126140"}],"wp:featuredmedia":[{"embeddable":true,"href":"https:\/\/shop.rettum.ee\/en\/wp-json\/wp\/v2\/media\/124043"}],"wp:attachment":[{"href":"https:\/\/shop.rettum.ee\/en\/wp-json\/wp\/v2\/media?parent=120388"}],"wp:term":[{"taxonomy":"product_brand","embeddable":true,"href":"https:\/\/shop.rettum.ee\/en\/wp-json\/wp\/v2\/product_brand?post=120388"},{"taxonomy":"product_cat","embeddable":true,"href":"https:\/\/shop.rettum.ee\/en\/wp-json\/wp\/v2\/product_cat?post=120388"},{"taxonomy":"product_tag","embeddable":true,"href":"https:\/\/shop.rettum.ee\/en\/wp-json\/wp\/v2\/product_tag?post=120388"},{"taxonomy":"pa_brand_name","embeddable":true,"href":"https:\/\/shop.rettum.ee\/en\/wp-json\/wp\/v2\/pa_brand_name?post=120388"}],"curies":[{"name":"wp","href":"https:\/\/api.w.org\/{rel}","templated":true}]}}