{"id":120391,"date":"2025-03-31T03:01:46","date_gmt":"2025-03-31T00:01:46","guid":{"rendered":"https:\/\/shop.rettum.ee\/toode\/295-40r20-goodride-solmax-1-110y-xl-cab75\/"},"modified":"2026-03-22T03:04:32","modified_gmt":"2026-03-22T01:04:32","slug":"295-40r20-goodride-solmax-1-110y-xl-cab75","status":"publish","type":"product","link":"https:\/\/shop.rettum.ee\/en\/product\/295-40r20-goodride-solmax-1-110y-xl-cab75\/","title":{"rendered":"295\/40R20 GOODRIDE SOLMAX 1 110Y XL CAB75"},"content":{"rendered":"<p>Tutvu GOODRIDE SOLMAX 1 rehvil, mille m\u00f5\u00f5tmed 295\/40R20 \u00fchendavad sportliku j\u00f5udluse ja maksimaalse ohutuse. See kvaliteetne radiaalrehv on loodud pakkuma kindlat haarduvust ja t\u00e4iuslikku stabiilsust erinevates s\u00f5iduoludes \u2013 alates kuivast kuni m\u00e4rja teeoluni. <\/p>\n<p>SOLMAX 1 disainis on kasutatud innovatiivset mustrilahendust, mis tagab optimaalse veereteguri ja v\u00e4hendab \u00fclekulumist, pakkudes samas sujuvat s\u00f5itu igal kiirusel. XL-t\u00e4his ja 110 koormusindeks annavad rehvile t\u00e4iendava koormuskindluse, tagades t\u00f6\u00f6kindluse ka n\u00f5udlikemates s\u00f5iduoludes. Kiirusklass Y t\u00e4hendab, et rehvi kasutusala ulatub k\u00f5rgetele kiirustele, pakkudes kindlat tegevust nii sportlikele autodele kui ka teedele, kus on n\u00f5utud kiire reageerimine ja stabiilne juhitavus.<\/p>\n<p>GOODRIDE SOLMAX 1 on loodud tagama maksimaalne s\u00f5idumugavus ja turvalisus, v\u00f5imaldades naudingu saada igast s\u00f5idust. Vali SOLMAX 1 ja koge tipptasemel j\u00f5udlust ning ohutust igal teekonnal.<\/p>","protected":false},"excerpt":{"rendered":"<p>Tutvu GOODRIDE SOLMAX 1 rehvil, mille m\u00f5\u00f5tmed 295\/40R20 \u00fchendavad sportliku j\u00f5udluse ja maksimaalse ohutuse. See kvaliteetne radiaalrehv on loodud pakkuma kindlat haarduvust ja t\u00e4iuslikku stabiilsust erinevates s\u00f5iduoludes \u2013 alates kuivast kuni m\u00e4rja teeoluni. SOLMAX 1 disainis on kasutatud innovatiivset mustrilahendust, mis tagab optimaalse veereteguri ja v\u00e4hendab \u00fclekulumist, pakkudes samas sujuvat s\u00f5itu igal kiirusel. XL-t\u00e4his ja [&hellip;]<\/p>\n","protected":false},"featured_media":122085,"template":"","meta":{"site-sidebar-layout":"default","site-content-layout":"","ast-site-content-layout":"","site-content-style":"default","site-sidebar-style":"default","ast-global-header-display":"","ast-banner-title-visibility":"","ast-main-header-display":"","ast-hfb-above-header-display":"","ast-hfb-below-header-display":"","ast-hfb-mobile-header-display":"","site-post-title":"","ast-breadcrumbs-content":"","ast-featured-img":"","footer-sml-layout":"","theme-transparent-header-meta":"","adv-header-id-meta":"","stick-header-meta":"","header-above-stick-meta":"","header-main-stick-meta":"","header-below-stick-meta":"","astra-migrate-meta-layouts":"default","ast-page-background-enabled":"default","ast-page-background-meta":{"desktop":{"background-color":"","background-image":"","background-repeat":"repeat","background-position":"center center","background-size":"auto","background-attachment":"scroll","background-type":"","background-media":"","overlay-type":"","overlay-color":"","overlay-opacity":"","overlay-gradient":""},"tablet":{"background-color":"","background-image":"","background-repeat":"repeat","background-position":"center center","background-size":"auto","background-attachment":"scroll","background-type":"","background-media":"","overlay-type":"","overlay-color":"","overlay-opacity":"","overlay-gradient":""},"mobile":{"background-color":"","background-image":"","background-repeat":"repeat","background-position":"center center","background-size":"auto","background-attachment":"scroll","background-type":"","background-media":"","overlay-type":"","overlay-color":"","overlay-opacity":"","overlay-gradient":""}},"ast-content-background-meta":{"desktop":{"background-color":"var(--ast-global-color-5)","background-image":"","background-repeat":"repeat","background-position":"center center","background-size":"auto","background-attachment":"scroll","background-type":"","background-media":"","overlay-type":"","overlay-color":"","overlay-opacity":"","overlay-gradient":""},"tablet":{"background-color":"var(--ast-global-color-5)","background-image":"","background-repeat":"repeat","background-position":"center center","background-size":"auto","background-attachment":"scroll","background-type":"","background-media":"","overlay-type":"","overlay-color":"","overlay-opacity":"","overlay-gradient":""},"mobile":{"background-color":"var(--ast-global-color-5)","background-image":"","background-repeat":"repeat","background-position":"center center","background-size":"auto","background-attachment":"scroll","background-type":"","background-media":"","overlay-type":"","overlay-color":"","overlay-opacity":"","overlay-gradient":""}}},"product_brand":[],"product_cat":[34225],"product_tag":[],"pa_brand_name":[17861],"class_list":{"0":"post-120391","1":"product","2":"type-product","3":"status-publish","4":"has-post-thumbnail","6":"product_cat-summer-tires-pv","7":"pa_brand_name-goodride","8":"desktop-align-left","9":"tablet-align-left","10":"mobile-align-left","12":"first","13":"outofstock","14":"taxable","15":"shipping-taxable","16":"purchasable","17":"product-type-simple"},"_links":{"self":[{"href":"https:\/\/shop.rettum.ee\/en\/wp-json\/wp\/v2\/product\/120391","targetHints":{"allow":["GET"]}}],"collection":[{"href":"https:\/\/shop.rettum.ee\/en\/wp-json\/wp\/v2\/product"}],"about":[{"href":"https:\/\/shop.rettum.ee\/en\/wp-json\/wp\/v2\/types\/product"}],"version-history":[{"count":1,"href":"https:\/\/shop.rettum.ee\/en\/wp-json\/wp\/v2\/product\/120391\/revisions"}],"predecessor-version":[{"id":126137,"href":"https:\/\/shop.rettum.ee\/en\/wp-json\/wp\/v2\/product\/120391\/revisions\/126137"}],"wp:featuredmedia":[{"embeddable":true,"href":"https:\/\/shop.rettum.ee\/en\/wp-json\/wp\/v2\/media\/122085"}],"wp:attachment":[{"href":"https:\/\/shop.rettum.ee\/en\/wp-json\/wp\/v2\/media?parent=120391"}],"wp:term":[{"taxonomy":"product_brand","embeddable":true,"href":"https:\/\/shop.rettum.ee\/en\/wp-json\/wp\/v2\/product_brand?post=120391"},{"taxonomy":"product_cat","embeddable":true,"href":"https:\/\/shop.rettum.ee\/en\/wp-json\/wp\/v2\/product_cat?post=120391"},{"taxonomy":"product_tag","embeddable":true,"href":"https:\/\/shop.rettum.ee\/en\/wp-json\/wp\/v2\/product_tag?post=120391"},{"taxonomy":"pa_brand_name","embeddable":true,"href":"https:\/\/shop.rettum.ee\/en\/wp-json\/wp\/v2\/pa_brand_name?post=120391"}],"curies":[{"name":"wp","href":"https:\/\/api.w.org\/{rel}","templated":true}]}}