{"id":120392,"date":"2025-03-31T03:01:46","date_gmt":"2025-03-31T00:01:46","guid":{"rendered":"https:\/\/shop.rettum.ee\/toode\/255-45r21-goodride-solmax-1-106w-xl-cab73\/"},"modified":"2026-03-25T02:47:13","modified_gmt":"2026-03-25T00:47:13","slug":"255-45r21-goodride-solmax-1-106w-xl-cab73","status":"publish","type":"product","link":"https:\/\/shop.rettum.ee\/en\/product\/255-45r21-goodride-solmax-1-106w-xl-cab73\/","title":{"rendered":"255\/45R21 GOODRIDE SOLMAX 1 106W XL CAB73"},"content":{"rendered":"<p>Goodride Solmax 1 rehvir\u00f5ngas m\u00f5\u00f5tmetega 255\/45R21 on loodud pakkuma usaldusv\u00e4\u00e4rset ja k\u00f5rgetasemelist j\u00f5udlust nii igap\u00e4evasel kui n\u00f5udlikumatel s\u00f5idutingimustel. Rehvi koormusindeks 106 ja XL-m\u00e4rgistus tagavad suurep\u00e4rase kandev\u00f5ime ka raskemate s\u00f5idukoormate korral, v\u00f5imaldades maksimaalset j\u00f5udlust ja tugevust. Kiirusklassi W j\u00e4rgi on see rehvir\u00f5ngas v\u00f5imeline taluma kuni 270 km\/h, pakkudes seel\u00e4bi ohutut ja stabiilset s\u00f5idukogemust ka k\u00f5rgematel kiirustel.<\/p>\n<p>H\u00e4sti l\u00e4bim\u00f5eldud mustripind parandab s\u00f5iduki haarduvust nii kuivadel kui ka m\u00e4rgadel teedel, v\u00e4hendades libisemisriski ja tagades kindla juhtimise. Lisaks toetab innovatiivne rehvi disain s\u00f5iduki stabiilsust ning pikendab rehvide kasutusiga. Goodride Solmax 1 sobib ideaalselt sportlikele sedaanidele ja teistele j\u00f5udlust hinnatavatele s\u00f5idukitele, pakkudes parimat v\u00f5imalikku kombinatsiooni turvalisusest, vastupidavusest ja j\u00f5ulisest s\u00f5idukogemusest.<\/p>","protected":false},"excerpt":{"rendered":"<p>Goodride Solmax 1 rehvir\u00f5ngas m\u00f5\u00f5tmetega 255\/45R21 on loodud pakkuma usaldusv\u00e4\u00e4rset ja k\u00f5rgetasemelist j\u00f5udlust nii igap\u00e4evasel kui n\u00f5udlikumatel s\u00f5idutingimustel. Rehvi koormusindeks 106 ja XL-m\u00e4rgistus tagavad suurep\u00e4rase kandev\u00f5ime ka raskemate s\u00f5idukoormate korral, v\u00f5imaldades maksimaalset j\u00f5udlust ja tugevust. Kiirusklassi W j\u00e4rgi on see rehvir\u00f5ngas v\u00f5imeline taluma kuni 270 km\/h, pakkudes seel\u00e4bi ohutut ja stabiilset s\u00f5idukogemust ka k\u00f5rgematel kiirustel. [&hellip;]<\/p>\n","protected":false},"featured_media":122085,"template":"","meta":{"site-sidebar-layout":"default","site-content-layout":"","ast-site-content-layout":"","site-content-style":"default","site-sidebar-style":"default","ast-global-header-display":"","ast-banner-title-visibility":"","ast-main-header-display":"","ast-hfb-above-header-display":"","ast-hfb-below-header-display":"","ast-hfb-mobile-header-display":"","site-post-title":"","ast-breadcrumbs-content":"","ast-featured-img":"","footer-sml-layout":"","theme-transparent-header-meta":"","adv-header-id-meta":"","stick-header-meta":"","header-above-stick-meta":"","header-main-stick-meta":"","header-below-stick-meta":"","astra-migrate-meta-layouts":"default","ast-page-background-enabled":"default","ast-page-background-meta":{"desktop":{"background-color":"","background-image":"","background-repeat":"repeat","background-position":"center center","background-size":"auto","background-attachment":"scroll","background-type":"","background-media":"","overlay-type":"","overlay-color":"","overlay-opacity":"","overlay-gradient":""},"tablet":{"background-color":"","background-image":"","background-repeat":"repeat","background-position":"center center","background-size":"auto","background-attachment":"scroll","background-type":"","background-media":"","overlay-type":"","overlay-color":"","overlay-opacity":"","overlay-gradient":""},"mobile":{"background-color":"","background-image":"","background-repeat":"repeat","background-position":"center center","background-size":"auto","background-attachment":"scroll","background-type":"","background-media":"","overlay-type":"","overlay-color":"","overlay-opacity":"","overlay-gradient":""}},"ast-content-background-meta":{"desktop":{"background-color":"var(--ast-global-color-5)","background-image":"","background-repeat":"repeat","background-position":"center center","background-size":"auto","background-attachment":"scroll","background-type":"","background-media":"","overlay-type":"","overlay-color":"","overlay-opacity":"","overlay-gradient":""},"tablet":{"background-color":"var(--ast-global-color-5)","background-image":"","background-repeat":"repeat","background-position":"center center","background-size":"auto","background-attachment":"scroll","background-type":"","background-media":"","overlay-type":"","overlay-color":"","overlay-opacity":"","overlay-gradient":""},"mobile":{"background-color":"var(--ast-global-color-5)","background-image":"","background-repeat":"repeat","background-position":"center center","background-size":"auto","background-attachment":"scroll","background-type":"","background-media":"","overlay-type":"","overlay-color":"","overlay-opacity":"","overlay-gradient":""}}},"product_brand":[],"product_cat":[34225],"product_tag":[],"pa_brand_name":[17861],"class_list":{"0":"post-120392","1":"product","2":"type-product","3":"status-publish","4":"has-post-thumbnail","6":"product_cat-summer-tires-pv","7":"pa_brand_name-goodride","8":"desktop-align-left","9":"tablet-align-left","10":"mobile-align-left","12":"first","13":"instock","14":"taxable","15":"shipping-taxable","16":"purchasable","17":"product-type-simple"},"_links":{"self":[{"href":"https:\/\/shop.rettum.ee\/en\/wp-json\/wp\/v2\/product\/120392","targetHints":{"allow":["GET"]}}],"collection":[{"href":"https:\/\/shop.rettum.ee\/en\/wp-json\/wp\/v2\/product"}],"about":[{"href":"https:\/\/shop.rettum.ee\/en\/wp-json\/wp\/v2\/types\/product"}],"version-history":[{"count":1,"href":"https:\/\/shop.rettum.ee\/en\/wp-json\/wp\/v2\/product\/120392\/revisions"}],"predecessor-version":[{"id":126138,"href":"https:\/\/shop.rettum.ee\/en\/wp-json\/wp\/v2\/product\/120392\/revisions\/126138"}],"wp:featuredmedia":[{"embeddable":true,"href":"https:\/\/shop.rettum.ee\/en\/wp-json\/wp\/v2\/media\/122085"}],"wp:attachment":[{"href":"https:\/\/shop.rettum.ee\/en\/wp-json\/wp\/v2\/media?parent=120392"}],"wp:term":[{"taxonomy":"product_brand","embeddable":true,"href":"https:\/\/shop.rettum.ee\/en\/wp-json\/wp\/v2\/product_brand?post=120392"},{"taxonomy":"product_cat","embeddable":true,"href":"https:\/\/shop.rettum.ee\/en\/wp-json\/wp\/v2\/product_cat?post=120392"},{"taxonomy":"product_tag","embeddable":true,"href":"https:\/\/shop.rettum.ee\/en\/wp-json\/wp\/v2\/product_tag?post=120392"},{"taxonomy":"pa_brand_name","embeddable":true,"href":"https:\/\/shop.rettum.ee\/en\/wp-json\/wp\/v2\/pa_brand_name?post=120392"}],"curies":[{"name":"wp","href":"https:\/\/api.w.org\/{rel}","templated":true}]}}