{"id":120395,"date":"2025-03-31T03:01:49","date_gmt":"2025-03-31T00:01:49","guid":{"rendered":"https:\/\/shop.rettum.ee\/toode\/205-80r16c-dynamo-hiscend-h-mc02-110-108r-cbb72\/"},"modified":"2026-03-22T03:04:33","modified_gmt":"2026-03-22T01:04:33","slug":"205-80r16c-dynamo-hiscend-h-mc02-110-108r-cbb72","status":"publish","type":"product","link":"https:\/\/shop.rettum.ee\/en\/product\/205-80r16c-dynamo-hiscend-h-mc02-110-108r-cbb72\/","title":{"rendered":"205\/80R16C DYNAMO HISCEND-H MC02 110\/108R CBB72"},"content":{"rendered":"<p>205\/80R16C DYNAMO HISCEND-H MC02 on kvaliteetne rehvid, mis on loodud n\u00f5udlike kommerts- ja t\u00f6\u00f6stusrakenduste jaoks. See rehvir\u00fchm on projekteeritud pakkuma usaldusv\u00e4\u00e4rset haardumist ja stabiilset k\u00e4itumist erinevates s\u00f5iduoludes, tagades s\u00f5iduki ohutu liikumise ka keerulistel maastikel. Rehvi tugev konstruktsioon ja optimeeritud mustriku kujundus aitavad v\u00e4hendada kulumist ning pikendada rehvi t\u00f6\u00f6iga, v\u00f5imaldades s\u00f5idukitel saavutada pikka ja t\u00f5husat t\u00f6\u00f6aega.<\/p>\n<p>T\u00e4psemalt m\u00e4rgistusega 110\/108R ning CBB72 klassi iseloomustavad selle rehvi muljetavaldavad j\u00f5udlusn\u00e4itajad ja v\u00f5ime kanda k\u00f5rgeid tegevuskoormusi, mis teeb sellest ideaalse valiku ka k\u00f5ige n\u00f5udlikumates t\u00f6\u00f6tingimustes. DYNAMO HISCEND-H MC02 rehvid vastavad kaasaegsetele ohutus- ja keskkonnaprotokollidele, tagades usaldusv\u00e4\u00e4rse ja kulut\u00f5husa s\u00f5idu igap\u00e4evaste t\u00f6\u00f6de ajal.<\/p>\n<p>Valides selle mudeli, eelistad kindlustunult rehvikoostisosi, mis \u00fchendavad vastupidavuse, turvalisuse ja innovatsiooni \u2013 ideaalne lahendus professionaalseks kasutamiseks mitmek\u00fclgsetel radadel.<\/p>","protected":false},"excerpt":{"rendered":"<p>205\/80R16C DYNAMO HISCEND-H MC02 on kvaliteetne rehvid, mis on loodud n\u00f5udlike kommerts- ja t\u00f6\u00f6stusrakenduste jaoks. See rehvir\u00fchm on projekteeritud pakkuma usaldusv\u00e4\u00e4rset haardumist ja stabiilset k\u00e4itumist erinevates s\u00f5iduoludes, tagades s\u00f5iduki ohutu liikumise ka keerulistel maastikel. Rehvi tugev konstruktsioon ja optimeeritud mustriku kujundus aitavad v\u00e4hendada kulumist ning pikendada rehvi t\u00f6\u00f6iga, v\u00f5imaldades s\u00f5idukitel saavutada pikka ja t\u00f5husat t\u00f6\u00f6aega. [&hellip;]<\/p>\n","protected":false},"featured_media":124040,"template":"","meta":{"site-sidebar-layout":"default","site-content-layout":"","ast-site-content-layout":"","site-content-style":"default","site-sidebar-style":"default","ast-global-header-display":"","ast-banner-title-visibility":"","ast-main-header-display":"","ast-hfb-above-header-display":"","ast-hfb-below-header-display":"","ast-hfb-mobile-header-display":"","site-post-title":"","ast-breadcrumbs-content":"","ast-featured-img":"","footer-sml-layout":"","theme-transparent-header-meta":"","adv-header-id-meta":"","stick-header-meta":"","header-above-stick-meta":"","header-main-stick-meta":"","header-below-stick-meta":"","astra-migrate-meta-layouts":"default","ast-page-background-enabled":"default","ast-page-background-meta":{"desktop":{"background-color":"","background-image":"","background-repeat":"repeat","background-position":"center center","background-size":"auto","background-attachment":"scroll","background-type":"","background-media":"","overlay-type":"","overlay-color":"","overlay-opacity":"","overlay-gradient":""},"tablet":{"background-color":"","background-image":"","background-repeat":"repeat","background-position":"center center","background-size":"auto","background-attachment":"scroll","background-type":"","background-media":"","overlay-type":"","overlay-color":"","overlay-opacity":"","overlay-gradient":""},"mobile":{"background-color":"","background-image":"","background-repeat":"repeat","background-position":"center center","background-size":"auto","background-attachment":"scroll","background-type":"","background-media":"","overlay-type":"","overlay-color":"","overlay-opacity":"","overlay-gradient":""}},"ast-content-background-meta":{"desktop":{"background-color":"var(--ast-global-color-5)","background-image":"","background-repeat":"repeat","background-position":"center center","background-size":"auto","background-attachment":"scroll","background-type":"","background-media":"","overlay-type":"","overlay-color":"","overlay-opacity":"","overlay-gradient":""},"tablet":{"background-color":"var(--ast-global-color-5)","background-image":"","background-repeat":"repeat","background-position":"center center","background-size":"auto","background-attachment":"scroll","background-type":"","background-media":"","overlay-type":"","overlay-color":"","overlay-opacity":"","overlay-gradient":""},"mobile":{"background-color":"var(--ast-global-color-5)","background-image":"","background-repeat":"repeat","background-position":"center center","background-size":"auto","background-attachment":"scroll","background-type":"","background-media":"","overlay-type":"","overlay-color":"","overlay-opacity":"","overlay-gradient":""}}},"product_brand":[],"product_cat":[34226],"product_tag":[],"pa_brand_name":[17833],"class_list":{"0":"post-120395","1":"product","2":"type-product","3":"status-publish","4":"has-post-thumbnail","6":"product_cat-summer-light-truck","7":"pa_brand_name-dynamo","8":"desktop-align-left","9":"tablet-align-left","10":"mobile-align-left","12":"first","13":"outofstock","14":"taxable","15":"shipping-taxable","16":"purchasable","17":"product-type-simple"},"_links":{"self":[{"href":"https:\/\/shop.rettum.ee\/en\/wp-json\/wp\/v2\/product\/120395","targetHints":{"allow":["GET"]}}],"collection":[{"href":"https:\/\/shop.rettum.ee\/en\/wp-json\/wp\/v2\/product"}],"about":[{"href":"https:\/\/shop.rettum.ee\/en\/wp-json\/wp\/v2\/types\/product"}],"version-history":[{"count":1,"href":"https:\/\/shop.rettum.ee\/en\/wp-json\/wp\/v2\/product\/120395\/revisions"}],"predecessor-version":[{"id":126133,"href":"https:\/\/shop.rettum.ee\/en\/wp-json\/wp\/v2\/product\/120395\/revisions\/126133"}],"wp:featuredmedia":[{"embeddable":true,"href":"https:\/\/shop.rettum.ee\/en\/wp-json\/wp\/v2\/media\/124040"}],"wp:attachment":[{"href":"https:\/\/shop.rettum.ee\/en\/wp-json\/wp\/v2\/media?parent=120395"}],"wp:term":[{"taxonomy":"product_brand","embeddable":true,"href":"https:\/\/shop.rettum.ee\/en\/wp-json\/wp\/v2\/product_brand?post=120395"},{"taxonomy":"product_cat","embeddable":true,"href":"https:\/\/shop.rettum.ee\/en\/wp-json\/wp\/v2\/product_cat?post=120395"},{"taxonomy":"product_tag","embeddable":true,"href":"https:\/\/shop.rettum.ee\/en\/wp-json\/wp\/v2\/product_tag?post=120395"},{"taxonomy":"pa_brand_name","embeddable":true,"href":"https:\/\/shop.rettum.ee\/en\/wp-json\/wp\/v2\/pa_brand_name?post=120395"}],"curies":[{"name":"wp","href":"https:\/\/api.w.org\/{rel}","templated":true}]}}