{"id":120396,"date":"2025-03-31T03:01:49","date_gmt":"2025-03-31T00:01:49","guid":{"rendered":"https:\/\/shop.rettum.ee\/toode\/235-65r16c-roadcruza-ra350-115-113r-dcb72-ms\/"},"modified":"2026-03-22T03:04:33","modified_gmt":"2026-03-22T01:04:33","slug":"235-65r16c-roadcruza-ra350-115-113r-dcb72-ms","status":"publish","type":"product","link":"https:\/\/shop.rettum.ee\/en\/product\/235-65r16c-roadcruza-ra350-115-113r-dcb72-ms\/","title":{"rendered":"235\/65R16C ROADCRUZA RA350 115\/113R DCB72 M+S"},"content":{"rendered":"<p>ROADCRUZA RA350 on usaldusv\u00e4\u00e4rne ja mitmek\u00fclgne rehvilahendus, mis tagab turvalise s\u00f5idu igas olukorras. Rehvi m\u00f5\u00f5tmed 235\/65R16C pakuvad tugevat ja stabiilset kontakti teega, v\u00f5imaldades kindlat haaret nii kuivadel kui ka m\u00e4rgadel teedel. M+S m\u00e4rgistus annab lisat\u00f5estust selle v\u00f5imele toime tulla mudase ja lumise pinnaga, pakkudes s\u00f5iduohutust ka keerulistes ilmastikutingimustes.<\/p>\n<p>Rehvi disain on loodud pikaajalisele ja t\u00f6\u00f6kindlale kasutamisele, kokkuv\u00f5ttes v\u00e4hendades kulumist ja tagades energiat\u00f5hususe. Koormusindeksid 115\/113R ning kood DCB72 n\u00e4itavad, et ROADCRUZA RA350 on sobilik intensiivseks ja pidevaks kasutuseks erinevate kommerts- ja eraautode puhul. <\/p>\n<p>See rehvilahendus on ideaalne valik neile, kes hindavad kvaliteeti, stabiilsust ja vastupidavust. ROADCRUZA RA350 \u00fchendab tipptasemel ohutuse ning t\u00f6\u00f6kindluse, muutes selle suurep\u00e4raseks investeeringuks t\u00e4nap\u00e4evastele s\u00f5idutingimustele.<\/p>","protected":false},"excerpt":{"rendered":"<p>ROADCRUZA RA350 on usaldusv\u00e4\u00e4rne ja mitmek\u00fclgne rehvilahendus, mis tagab turvalise s\u00f5idu igas olukorras. Rehvi m\u00f5\u00f5tmed 235\/65R16C pakuvad tugevat ja stabiilset kontakti teega, v\u00f5imaldades kindlat haaret nii kuivadel kui ka m\u00e4rgadel teedel. M+S m\u00e4rgistus annab lisat\u00f5estust selle v\u00f5imele toime tulla mudase ja lumise pinnaga, pakkudes s\u00f5iduohutust ka keerulistes ilmastikutingimustes. Rehvi disain on loodud pikaajalisele ja t\u00f6\u00f6kindlale [&hellip;]<\/p>\n","protected":false},"featured_media":124041,"template":"","meta":{"site-sidebar-layout":"default","site-content-layout":"","ast-site-content-layout":"","site-content-style":"default","site-sidebar-style":"default","ast-global-header-display":"","ast-banner-title-visibility":"","ast-main-header-display":"","ast-hfb-above-header-display":"","ast-hfb-below-header-display":"","ast-hfb-mobile-header-display":"","site-post-title":"","ast-breadcrumbs-content":"","ast-featured-img":"","footer-sml-layout":"","theme-transparent-header-meta":"","adv-header-id-meta":"","stick-header-meta":"","header-above-stick-meta":"","header-main-stick-meta":"","header-below-stick-meta":"","astra-migrate-meta-layouts":"default","ast-page-background-enabled":"default","ast-page-background-meta":{"desktop":{"background-color":"","background-image":"","background-repeat":"repeat","background-position":"center center","background-size":"auto","background-attachment":"scroll","background-type":"","background-media":"","overlay-type":"","overlay-color":"","overlay-opacity":"","overlay-gradient":""},"tablet":{"background-color":"","background-image":"","background-repeat":"repeat","background-position":"center center","background-size":"auto","background-attachment":"scroll","background-type":"","background-media":"","overlay-type":"","overlay-color":"","overlay-opacity":"","overlay-gradient":""},"mobile":{"background-color":"","background-image":"","background-repeat":"repeat","background-position":"center center","background-size":"auto","background-attachment":"scroll","background-type":"","background-media":"","overlay-type":"","overlay-color":"","overlay-opacity":"","overlay-gradient":""}},"ast-content-background-meta":{"desktop":{"background-color":"var(--ast-global-color-5)","background-image":"","background-repeat":"repeat","background-position":"center center","background-size":"auto","background-attachment":"scroll","background-type":"","background-media":"","overlay-type":"","overlay-color":"","overlay-opacity":"","overlay-gradient":""},"tablet":{"background-color":"var(--ast-global-color-5)","background-image":"","background-repeat":"repeat","background-position":"center center","background-size":"auto","background-attachment":"scroll","background-type":"","background-media":"","overlay-type":"","overlay-color":"","overlay-opacity":"","overlay-gradient":""},"mobile":{"background-color":"var(--ast-global-color-5)","background-image":"","background-repeat":"repeat","background-position":"center center","background-size":"auto","background-attachment":"scroll","background-type":"","background-media":"","overlay-type":"","overlay-color":"","overlay-opacity":"","overlay-gradient":""}}},"product_brand":[],"product_cat":[34226],"product_tag":[],"pa_brand_name":[17939],"class_list":{"0":"post-120396","1":"product","2":"type-product","3":"status-publish","4":"has-post-thumbnail","6":"product_cat-summer-light-truck","7":"pa_brand_name-roadcruza","8":"desktop-align-left","9":"tablet-align-left","10":"mobile-align-left","12":"first","13":"outofstock","14":"taxable","15":"shipping-taxable","16":"purchasable","17":"product-type-simple"},"_links":{"self":[{"href":"https:\/\/shop.rettum.ee\/en\/wp-json\/wp\/v2\/product\/120396","targetHints":{"allow":["GET"]}}],"collection":[{"href":"https:\/\/shop.rettum.ee\/en\/wp-json\/wp\/v2\/product"}],"about":[{"href":"https:\/\/shop.rettum.ee\/en\/wp-json\/wp\/v2\/types\/product"}],"version-history":[{"count":1,"href":"https:\/\/shop.rettum.ee\/en\/wp-json\/wp\/v2\/product\/120396\/revisions"}],"predecessor-version":[{"id":126134,"href":"https:\/\/shop.rettum.ee\/en\/wp-json\/wp\/v2\/product\/120396\/revisions\/126134"}],"wp:featuredmedia":[{"embeddable":true,"href":"https:\/\/shop.rettum.ee\/en\/wp-json\/wp\/v2\/media\/124041"}],"wp:attachment":[{"href":"https:\/\/shop.rettum.ee\/en\/wp-json\/wp\/v2\/media?parent=120396"}],"wp:term":[{"taxonomy":"product_brand","embeddable":true,"href":"https:\/\/shop.rettum.ee\/en\/wp-json\/wp\/v2\/product_brand?post=120396"},{"taxonomy":"product_cat","embeddable":true,"href":"https:\/\/shop.rettum.ee\/en\/wp-json\/wp\/v2\/product_cat?post=120396"},{"taxonomy":"product_tag","embeddable":true,"href":"https:\/\/shop.rettum.ee\/en\/wp-json\/wp\/v2\/product_tag?post=120396"},{"taxonomy":"pa_brand_name","embeddable":true,"href":"https:\/\/shop.rettum.ee\/en\/wp-json\/wp\/v2\/pa_brand_name?post=120396"}],"curies":[{"name":"wp","href":"https:\/\/api.w.org\/{rel}","templated":true}]}}