{"id":120398,"date":"2025-03-31T03:01:50","date_gmt":"2025-03-31T00:01:50","guid":{"rendered":"https:\/\/shop.rettum.ee\/toode\/165-70r13-goodride-trailer-st290-79n-for-trailer-only-ccb70-ms\/"},"modified":"2026-03-22T03:04:33","modified_gmt":"2026-03-22T01:04:33","slug":"165-70r13-goodride-trailer-st290-79n-for-trailer-only-ccb70-ms","status":"publish","type":"product","link":"https:\/\/shop.rettum.ee\/en\/product\/165-70r13-goodride-trailer-st290-79n-for-trailer-only-ccb70-ms\/","title":{"rendered":"165\/70R13 GOODRIDE TRAILER ST290 79N FOR TRAILER ONLY CCB70 M+S"},"content":{"rendered":"<p>Tutvu 165\/70R13 GOODRIDE TRAILER ST290 rehviga, mis on spetsiaalselt loodud haagistele. See kvaliteetne rehvimudel tagab stabiilse ja usaldusv\u00e4\u00e4rse s\u00f5idukogemuse igas olukorras, olles ideaalne valik nii igap\u00e4evasteks kui ka n\u00f5udlikumateks kasutustingimusteks.<\/p>\n<p>GOODRIDE TRAILER ST290 on varustatud laadimisindeksiga 79N, mis annab kindlustunde ka rangemate koormuste korral. Lisaks toetab CCB70 tehnoloogia rehvi konstruktsiooni, pakkudes suurep\u00e4rast vastupidavust ja pikendades selle kasutusiga. M\u00e4rgistusega M+S lubab see rehvil tagada kriitilise haarduvuse ka m\u00e4rjal ja lumisel teel, mis suurendab s\u00f5iduki stabiilsust ka halva ilmaga.<\/p>\n<p>165\/70R13 m\u00f5\u00f5tmed tagavad optimaalse sobivuse erinevatele haagistele, pakkudes huvipakkuvat kombinatsiooni tehnilisest innovatsioonist ja praktilisest t\u00f6\u00f6kindlusest. Vali GOODRIDE TRAILER ST290, kui otsid k\u00f5rgkvaliteedilist rehvi, mis vastab k\u00f5rgeimatele standarditele ja tagab turvalise ning sujuva s\u00f5idu igas olukorras.<\/p>","protected":false},"excerpt":{"rendered":"<p>Tutvu 165\/70R13 GOODRIDE TRAILER ST290 rehviga, mis on spetsiaalselt loodud haagistele. See kvaliteetne rehvimudel tagab stabiilse ja usaldusv\u00e4\u00e4rse s\u00f5idukogemuse igas olukorras, olles ideaalne valik nii igap\u00e4evasteks kui ka n\u00f5udlikumateks kasutustingimusteks. GOODRIDE TRAILER ST290 on varustatud laadimisindeksiga 79N, mis annab kindlustunde ka rangemate koormuste korral. Lisaks toetab CCB70 tehnoloogia rehvi konstruktsiooni, pakkudes suurep\u00e4rast vastupidavust ja pikendades [&hellip;]<\/p>\n","protected":false},"featured_media":124039,"template":"","meta":{"site-sidebar-layout":"default","site-content-layout":"","ast-site-content-layout":"","site-content-style":"default","site-sidebar-style":"default","ast-global-header-display":"","ast-banner-title-visibility":"","ast-main-header-display":"","ast-hfb-above-header-display":"","ast-hfb-below-header-display":"","ast-hfb-mobile-header-display":"","site-post-title":"","ast-breadcrumbs-content":"","ast-featured-img":"","footer-sml-layout":"","theme-transparent-header-meta":"","adv-header-id-meta":"","stick-header-meta":"","header-above-stick-meta":"","header-main-stick-meta":"","header-below-stick-meta":"","astra-migrate-meta-layouts":"default","ast-page-background-enabled":"default","ast-page-background-meta":{"desktop":{"background-color":"","background-image":"","background-repeat":"repeat","background-position":"center center","background-size":"auto","background-attachment":"scroll","background-type":"","background-media":"","overlay-type":"","overlay-color":"","overlay-opacity":"","overlay-gradient":""},"tablet":{"background-color":"","background-image":"","background-repeat":"repeat","background-position":"center center","background-size":"auto","background-attachment":"scroll","background-type":"","background-media":"","overlay-type":"","overlay-color":"","overlay-opacity":"","overlay-gradient":""},"mobile":{"background-color":"","background-image":"","background-repeat":"repeat","background-position":"center center","background-size":"auto","background-attachment":"scroll","background-type":"","background-media":"","overlay-type":"","overlay-color":"","overlay-opacity":"","overlay-gradient":""}},"ast-content-background-meta":{"desktop":{"background-color":"var(--ast-global-color-5)","background-image":"","background-repeat":"repeat","background-position":"center center","background-size":"auto","background-attachment":"scroll","background-type":"","background-media":"","overlay-type":"","overlay-color":"","overlay-opacity":"","overlay-gradient":""},"tablet":{"background-color":"var(--ast-global-color-5)","background-image":"","background-repeat":"repeat","background-position":"center center","background-size":"auto","background-attachment":"scroll","background-type":"","background-media":"","overlay-type":"","overlay-color":"","overlay-opacity":"","overlay-gradient":""},"mobile":{"background-color":"var(--ast-global-color-5)","background-image":"","background-repeat":"repeat","background-position":"center center","background-size":"auto","background-attachment":"scroll","background-type":"","background-media":"","overlay-type":"","overlay-color":"","overlay-opacity":"","overlay-gradient":""}}},"product_brand":[],"product_cat":[34225],"product_tag":[],"pa_brand_name":[17861],"class_list":{"0":"post-120398","1":"product","2":"type-product","3":"status-publish","4":"has-post-thumbnail","6":"product_cat-summer-tires-pv","7":"pa_brand_name-goodride","8":"desktop-align-left","9":"tablet-align-left","10":"mobile-align-left","12":"first","13":"outofstock","14":"taxable","15":"shipping-taxable","16":"purchasable","17":"product-type-simple"},"_links":{"self":[{"href":"https:\/\/shop.rettum.ee\/en\/wp-json\/wp\/v2\/product\/120398","targetHints":{"allow":["GET"]}}],"collection":[{"href":"https:\/\/shop.rettum.ee\/en\/wp-json\/wp\/v2\/product"}],"about":[{"href":"https:\/\/shop.rettum.ee\/en\/wp-json\/wp\/v2\/types\/product"}],"version-history":[{"count":2,"href":"https:\/\/shop.rettum.ee\/en\/wp-json\/wp\/v2\/product\/120398\/revisions"}],"predecessor-version":[{"id":126202,"href":"https:\/\/shop.rettum.ee\/en\/wp-json\/wp\/v2\/product\/120398\/revisions\/126202"}],"wp:featuredmedia":[{"embeddable":true,"href":"https:\/\/shop.rettum.ee\/en\/wp-json\/wp\/v2\/media\/124039"}],"wp:attachment":[{"href":"https:\/\/shop.rettum.ee\/en\/wp-json\/wp\/v2\/media?parent=120398"}],"wp:term":[{"taxonomy":"product_brand","embeddable":true,"href":"https:\/\/shop.rettum.ee\/en\/wp-json\/wp\/v2\/product_brand?post=120398"},{"taxonomy":"product_cat","embeddable":true,"href":"https:\/\/shop.rettum.ee\/en\/wp-json\/wp\/v2\/product_cat?post=120398"},{"taxonomy":"product_tag","embeddable":true,"href":"https:\/\/shop.rettum.ee\/en\/wp-json\/wp\/v2\/product_tag?post=120398"},{"taxonomy":"pa_brand_name","embeddable":true,"href":"https:\/\/shop.rettum.ee\/en\/wp-json\/wp\/v2\/pa_brand_name?post=120398"}],"curies":[{"name":"wp","href":"https:\/\/api.w.org\/{rel}","templated":true}]}}