{"id":120400,"date":"2025-03-31T03:01:52","date_gmt":"2025-03-31T00:01:52","guid":{"rendered":"https:\/\/shop.rettum.ee\/toode\/155-70r13-ovation-vi-682-75t-ddb70-ms\/"},"modified":"2025-08-28T02:45:29","modified_gmt":"2025-08-27T23:45:29","slug":"155-70r13-ovation-vi-682-75t-ddb70-ms","status":"publish","type":"product","link":"https:\/\/shop.rettum.ee\/en\/product\/155-70r13-ovation-vi-682-75t-ddb70-ms\/","title":{"rendered":"155\/70R13 OVATION VI-682 75T DDB70 M+S"},"content":{"rendered":"<p>155\/70R13 OVATION VI-682 75T DDB70 M+S on mitmek\u00fclgne rehvivalik, mis \u00fchendab endas usaldusv\u00e4\u00e4rse j\u00f5udluse ja turvalisuse igas s\u00f5idutingimustes. Selle innovatiivse kujunduse ja DDB70 profiili t\u00e4nu garanteerib suurep\u00e4rase haarduvuse niisketel ning kuival teel, pakkudes samal ajal kindlat juhitavust kergete lumetingimuste ja mudal s\u00f5ites. M+S m\u00e4rgis kinnitab, et rehvid on loodud vastama muutuvatele ilmastikutingimustele, muutes need ideaalseks valikuks nii suvisteks s\u00f5itudeks kui ka kerge talviseks s\u00f5iduv\u00f5imeks.<\/p>\n<p>Rehvi struktuur ja spetsiaalsed disainilahendused aitavad efektiivselt hajutada teele m\u00f5juvaid j\u00f5ude, v\u00e4hendades nii veeretakistust kui ka kulumist. Olgu tegemist linnaliikluse v\u00f5i maastikutega, OVATION VI-682 pakub stabiilsust ja mugavust igas olukorras. See rehvistandard on loodud m\u00f5tlema pikaajalise vastupidavuse ja maksimaalse s\u00f5iduohutuse peale, v\u00f5imaldades s\u00f5itjatel tunda end kindlalt ja turvaliselt igal teek\u00e4igul.<\/p>","protected":false},"excerpt":{"rendered":"<p>155\/70R13 OVATION VI-682 75T DDB70 M+S on mitmek\u00fclgne rehvivalik, mis \u00fchendab endas usaldusv\u00e4\u00e4rse j\u00f5udluse ja turvalisuse igas s\u00f5idutingimustes. Selle innovatiivse kujunduse ja DDB70 profiili t\u00e4nu garanteerib suurep\u00e4rase haarduvuse niisketel ning kuival teel, pakkudes samal ajal kindlat juhitavust kergete lumetingimuste ja mudal s\u00f5ites. M+S m\u00e4rgis kinnitab, et rehvid on loodud vastama muutuvatele ilmastikutingimustele, muutes need ideaalseks [&hellip;]<\/p>\n","protected":false},"featured_media":124038,"template":"","meta":{"site-sidebar-layout":"default","site-content-layout":"","ast-site-content-layout":"","site-content-style":"default","site-sidebar-style":"default","ast-global-header-display":"","ast-banner-title-visibility":"","ast-main-header-display":"","ast-hfb-above-header-display":"","ast-hfb-below-header-display":"","ast-hfb-mobile-header-display":"","site-post-title":"","ast-breadcrumbs-content":"","ast-featured-img":"","footer-sml-layout":"","theme-transparent-header-meta":"","adv-header-id-meta":"","stick-header-meta":"","header-above-stick-meta":"","header-main-stick-meta":"","header-below-stick-meta":"","astra-migrate-meta-layouts":"default","ast-page-background-enabled":"default","ast-page-background-meta":{"desktop":{"background-color":"","background-image":"","background-repeat":"repeat","background-position":"center center","background-size":"auto","background-attachment":"scroll","background-type":"","background-media":"","overlay-type":"","overlay-color":"","overlay-opacity":"","overlay-gradient":""},"tablet":{"background-color":"","background-image":"","background-repeat":"repeat","background-position":"center center","background-size":"auto","background-attachment":"scroll","background-type":"","background-media":"","overlay-type":"","overlay-color":"","overlay-opacity":"","overlay-gradient":""},"mobile":{"background-color":"","background-image":"","background-repeat":"repeat","background-position":"center center","background-size":"auto","background-attachment":"scroll","background-type":"","background-media":"","overlay-type":"","overlay-color":"","overlay-opacity":"","overlay-gradient":""}},"ast-content-background-meta":{"desktop":{"background-color":"var(--ast-global-color-5)","background-image":"","background-repeat":"repeat","background-position":"center center","background-size":"auto","background-attachment":"scroll","background-type":"","background-media":"","overlay-type":"","overlay-color":"","overlay-opacity":"","overlay-gradient":""},"tablet":{"background-color":"var(--ast-global-color-5)","background-image":"","background-repeat":"repeat","background-position":"center center","background-size":"auto","background-attachment":"scroll","background-type":"","background-media":"","overlay-type":"","overlay-color":"","overlay-opacity":"","overlay-gradient":""},"mobile":{"background-color":"var(--ast-global-color-5)","background-image":"","background-repeat":"repeat","background-position":"center center","background-size":"auto","background-attachment":"scroll","background-type":"","background-media":"","overlay-type":"","overlay-color":"","overlay-opacity":"","overlay-gradient":""}}},"product_brand":[],"product_cat":[34225],"product_tag":[],"pa_brand_name":[34179],"class_list":{"0":"post-120400","1":"product","2":"type-product","3":"status-publish","4":"has-post-thumbnail","6":"product_cat-summer-tires-pv","7":"pa_brand_name-ovation","8":"desktop-align-left","9":"tablet-align-left","10":"mobile-align-left","12":"first","13":"outofstock","14":"taxable","15":"shipping-taxable","16":"purchasable","17":"product-type-simple"},"_links":{"self":[{"href":"https:\/\/shop.rettum.ee\/en\/wp-json\/wp\/v2\/product\/120400","targetHints":{"allow":["GET"]}}],"collection":[{"href":"https:\/\/shop.rettum.ee\/en\/wp-json\/wp\/v2\/product"}],"about":[{"href":"https:\/\/shop.rettum.ee\/en\/wp-json\/wp\/v2\/types\/product"}],"version-history":[{"count":1,"href":"https:\/\/shop.rettum.ee\/en\/wp-json\/wp\/v2\/product\/120400\/revisions"}],"predecessor-version":[{"id":126128,"href":"https:\/\/shop.rettum.ee\/en\/wp-json\/wp\/v2\/product\/120400\/revisions\/126128"}],"wp:featuredmedia":[{"embeddable":true,"href":"https:\/\/shop.rettum.ee\/en\/wp-json\/wp\/v2\/media\/124038"}],"wp:attachment":[{"href":"https:\/\/shop.rettum.ee\/en\/wp-json\/wp\/v2\/media?parent=120400"}],"wp:term":[{"taxonomy":"product_brand","embeddable":true,"href":"https:\/\/shop.rettum.ee\/en\/wp-json\/wp\/v2\/product_brand?post=120400"},{"taxonomy":"product_cat","embeddable":true,"href":"https:\/\/shop.rettum.ee\/en\/wp-json\/wp\/v2\/product_cat?post=120400"},{"taxonomy":"product_tag","embeddable":true,"href":"https:\/\/shop.rettum.ee\/en\/wp-json\/wp\/v2\/product_tag?post=120400"},{"taxonomy":"pa_brand_name","embeddable":true,"href":"https:\/\/shop.rettum.ee\/en\/wp-json\/wp\/v2\/pa_brand_name?post=120400"}],"curies":[{"name":"wp","href":"https:\/\/api.w.org\/{rel}","templated":true}]}}