{"id":120403,"date":"2025-03-31T03:01:54","date_gmt":"2025-03-31T00:01:54","guid":{"rendered":"https:\/\/shop.rettum.ee\/toode\/195-65r15-aptany-rp203-91v-dcb70\/"},"modified":"2026-03-26T02:47:39","modified_gmt":"2026-03-26T00:47:39","slug":"195-65r15-aptany-rp203-91v-dcb70","status":"publish","type":"product","link":"https:\/\/shop.rettum.ee\/en\/product\/195-65r15-aptany-rp203-91v-dcb70\/","title":{"rendered":"195\/65R15 APTANY RP203 91V DCB70"},"content":{"rendered":"<p>195\/65R15 APTANY RP203 91V DCB70 on kvaliteetne rehvir\u00f5ngas, mis on loodud tagama maksimaalne stabiilsus ja ohutus igas s\u00f5idutingimustes. Rehvi m\u00f5\u00f5tmed \u2013 195 mm reedpinna laius, 65% kummi k\u00f5rgus ning 15-tolline velgikujundus \u2013 sobivad paljudele s\u00f5idukitele, pakkudes t\u00e4pset ja usaldusv\u00e4\u00e4rset paigaldust. 91V koormus- ja kiirusindeks vihjab, et need rehvid on v\u00f5imelised kandma suuremat koormust ning s\u00e4ilitama esilet\u00f5stetud j\u00f5udlust kuni 240 km\/h kiiruseni.<\/p>\n<p>APTANY RP203 rehvid kasutavad kaasaegseid tootmismeetodeid ja optimeeritud mustris\u00fcsteemi, tagades suurep\u00e4rase haarduvuse nii kuivadel kui m\u00e4rgadel teedel. Madal rullimiskindlus aitab v\u00e4hendada k\u00fctusekulu ning pikendada rehvi eluiga, muutes need efektiivseks ja kulut\u00f5husaks valikuks igap\u00e4evaseks s\u00f5iduks. DCB70 tootmisinfo kinnitab rehvi vastavust rangetele kvaliteedistandarditele, pakkudes s\u00f5idukitele usaldusv\u00e4\u00e4rsust ja turvalisust.  <\/p>\n<p>Valides 195\/65R15 APTANY RP203 rehvid, investeerid ohutusse ja efektiivsesse s\u00f5idukogemusse, mis tagab rahulolu nii linnaliikluses kui ka pikemate teekondade ajal.<\/p>","protected":false},"excerpt":{"rendered":"<p>195\/65R15 APTANY RP203 91V DCB70 on kvaliteetne rehvir\u00f5ngas, mis on loodud tagama maksimaalne stabiilsus ja ohutus igas s\u00f5idutingimustes. Rehvi m\u00f5\u00f5tmed \u2013 195 mm reedpinna laius, 65% kummi k\u00f5rgus ning 15-tolline velgikujundus \u2013 sobivad paljudele s\u00f5idukitele, pakkudes t\u00e4pset ja usaldusv\u00e4\u00e4rset paigaldust. 91V koormus- ja kiirusindeks vihjab, et need rehvid on v\u00f5imelised kandma suuremat koormust ning s\u00e4ilitama [&hellip;]<\/p>\n","protected":false},"featured_media":124037,"template":"","meta":{"site-sidebar-layout":"default","site-content-layout":"","ast-site-content-layout":"","site-content-style":"default","site-sidebar-style":"default","ast-global-header-display":"","ast-banner-title-visibility":"","ast-main-header-display":"","ast-hfb-above-header-display":"","ast-hfb-below-header-display":"","ast-hfb-mobile-header-display":"","site-post-title":"","ast-breadcrumbs-content":"","ast-featured-img":"","footer-sml-layout":"","theme-transparent-header-meta":"","adv-header-id-meta":"","stick-header-meta":"","header-above-stick-meta":"","header-main-stick-meta":"","header-below-stick-meta":"","astra-migrate-meta-layouts":"default","ast-page-background-enabled":"default","ast-page-background-meta":{"desktop":{"background-color":"","background-image":"","background-repeat":"repeat","background-position":"center center","background-size":"auto","background-attachment":"scroll","background-type":"","background-media":"","overlay-type":"","overlay-color":"","overlay-opacity":"","overlay-gradient":""},"tablet":{"background-color":"","background-image":"","background-repeat":"repeat","background-position":"center center","background-size":"auto","background-attachment":"scroll","background-type":"","background-media":"","overlay-type":"","overlay-color":"","overlay-opacity":"","overlay-gradient":""},"mobile":{"background-color":"","background-image":"","background-repeat":"repeat","background-position":"center center","background-size":"auto","background-attachment":"scroll","background-type":"","background-media":"","overlay-type":"","overlay-color":"","overlay-opacity":"","overlay-gradient":""}},"ast-content-background-meta":{"desktop":{"background-color":"var(--ast-global-color-5)","background-image":"","background-repeat":"repeat","background-position":"center center","background-size":"auto","background-attachment":"scroll","background-type":"","background-media":"","overlay-type":"","overlay-color":"","overlay-opacity":"","overlay-gradient":""},"tablet":{"background-color":"var(--ast-global-color-5)","background-image":"","background-repeat":"repeat","background-position":"center center","background-size":"auto","background-attachment":"scroll","background-type":"","background-media":"","overlay-type":"","overlay-color":"","overlay-opacity":"","overlay-gradient":""},"mobile":{"background-color":"var(--ast-global-color-5)","background-image":"","background-repeat":"repeat","background-position":"center center","background-size":"auto","background-attachment":"scroll","background-type":"","background-media":"","overlay-type":"","overlay-color":"","overlay-opacity":"","overlay-gradient":""}}},"product_brand":[],"product_cat":[34225],"product_tag":[],"pa_brand_name":[33594],"class_list":{"0":"post-120403","1":"product","2":"type-product","3":"status-publish","4":"has-post-thumbnail","6":"product_cat-summer-tires-pv","7":"pa_brand_name-aptany","8":"desktop-align-left","9":"tablet-align-left","10":"mobile-align-left","12":"first","13":"instock","14":"taxable","15":"shipping-taxable","16":"purchasable","17":"product-type-simple"},"_links":{"self":[{"href":"https:\/\/shop.rettum.ee\/en\/wp-json\/wp\/v2\/product\/120403","targetHints":{"allow":["GET"]}}],"collection":[{"href":"https:\/\/shop.rettum.ee\/en\/wp-json\/wp\/v2\/product"}],"about":[{"href":"https:\/\/shop.rettum.ee\/en\/wp-json\/wp\/v2\/types\/product"}],"version-history":[{"count":1,"href":"https:\/\/shop.rettum.ee\/en\/wp-json\/wp\/v2\/product\/120403\/revisions"}],"predecessor-version":[{"id":126125,"href":"https:\/\/shop.rettum.ee\/en\/wp-json\/wp\/v2\/product\/120403\/revisions\/126125"}],"wp:featuredmedia":[{"embeddable":true,"href":"https:\/\/shop.rettum.ee\/en\/wp-json\/wp\/v2\/media\/124037"}],"wp:attachment":[{"href":"https:\/\/shop.rettum.ee\/en\/wp-json\/wp\/v2\/media?parent=120403"}],"wp:term":[{"taxonomy":"product_brand","embeddable":true,"href":"https:\/\/shop.rettum.ee\/en\/wp-json\/wp\/v2\/product_brand?post=120403"},{"taxonomy":"product_cat","embeddable":true,"href":"https:\/\/shop.rettum.ee\/en\/wp-json\/wp\/v2\/product_cat?post=120403"},{"taxonomy":"product_tag","embeddable":true,"href":"https:\/\/shop.rettum.ee\/en\/wp-json\/wp\/v2\/product_tag?post=120403"},{"taxonomy":"pa_brand_name","embeddable":true,"href":"https:\/\/shop.rettum.ee\/en\/wp-json\/wp\/v2\/pa_brand_name?post=120403"}],"curies":[{"name":"wp","href":"https:\/\/api.w.org\/{rel}","templated":true}]}}