{"id":120409,"date":"2025-03-31T03:01:57","date_gmt":"2025-03-31T00:01:57","guid":{"rendered":"https:\/\/shop.rettum.ee\/toode\/215-50r17-aptany-ra301-95w-xl-cbb70\/"},"modified":"2026-03-22T03:04:35","modified_gmt":"2026-03-22T01:04:35","slug":"215-50r17-aptany-ra301-95w-xl-cbb70","status":"publish","type":"product","link":"https:\/\/shop.rettum.ee\/en\/product\/215-50r17-aptany-ra301-95w-xl-cbb70\/","title":{"rendered":"215\/50R17 APTANY RA301 95W XL CBB70"},"content":{"rendered":"<p>APTANY RA301 215\/50R17 on tipptasemel rehvivalk, mis \u00fchendab turvalisuse, vastupidavuse ja suurep\u00e4rased s\u00f5iduj\u00f5ud \u00fches. Rehvi m\u00f5\u00f5tmed tagavad stabiilse ja kindla haardumise nii kuivadel kui niisketel teedel, pakkudes kindlat kontrolli igas s\u00f5idurutiini. Kiirusindeks W v\u00f5imaldab ohutut s\u00f5itu kuni 270 km\/h, mis sobib ideaalselt nii linnas\u00f5iduks kui pikemateks teekondadeks. Suur koormusindeks 95 ning XL klass tagavad rehvile lisatugevuse ja suurema koormusv\u00f5ime, mis on oluline nii t\u00f6\u00f6-, pere- kui ka vabaaja s\u00f5idukite jaoks.<\/p>\n<p>APTANY RA301 rehvid on konstrueeritud vastama t\u00e4nap\u00e4evastele s\u00f5idutingimustele, pakkudes optimaalsest j\u00f5udlusest ja k\u00fctuses\u00e4\u00e4stlikkusest l\u00e4htuvat ohutut s\u00f5idukogemust. Lisaks on CBB70 tehnoloogia parandanud rehvi vastupidavust ja sooritusv\u00f5imet erinevates ilmastikutingimustes. Valides APTANY RA301, investeerid usaldusv\u00e4\u00e4rsesse ja kvaliteetsesse rehvikomplekti, mis tagab rahulolu igal s\u00f5idul.<\/p>","protected":false},"excerpt":{"rendered":"<p>APTANY RA301 215\/50R17 on tipptasemel rehvivalk, mis \u00fchendab turvalisuse, vastupidavuse ja suurep\u00e4rased s\u00f5iduj\u00f5ud \u00fches. Rehvi m\u00f5\u00f5tmed tagavad stabiilse ja kindla haardumise nii kuivadel kui niisketel teedel, pakkudes kindlat kontrolli igas s\u00f5idurutiini. Kiirusindeks W v\u00f5imaldab ohutut s\u00f5itu kuni 270 km\/h, mis sobib ideaalselt nii linnas\u00f5iduks kui pikemateks teekondadeks. Suur koormusindeks 95 ning XL klass tagavad rehvile [&hellip;]<\/p>\n","protected":false},"featured_media":123076,"template":"","meta":{"site-sidebar-layout":"default","site-content-layout":"","ast-site-content-layout":"","site-content-style":"default","site-sidebar-style":"default","ast-global-header-display":"","ast-banner-title-visibility":"","ast-main-header-display":"","ast-hfb-above-header-display":"","ast-hfb-below-header-display":"","ast-hfb-mobile-header-display":"","site-post-title":"","ast-breadcrumbs-content":"","ast-featured-img":"","footer-sml-layout":"","theme-transparent-header-meta":"","adv-header-id-meta":"","stick-header-meta":"","header-above-stick-meta":"","header-main-stick-meta":"","header-below-stick-meta":"","astra-migrate-meta-layouts":"default","ast-page-background-enabled":"default","ast-page-background-meta":{"desktop":{"background-color":"","background-image":"","background-repeat":"repeat","background-position":"center center","background-size":"auto","background-attachment":"scroll","background-type":"","background-media":"","overlay-type":"","overlay-color":"","overlay-opacity":"","overlay-gradient":""},"tablet":{"background-color":"","background-image":"","background-repeat":"repeat","background-position":"center center","background-size":"auto","background-attachment":"scroll","background-type":"","background-media":"","overlay-type":"","overlay-color":"","overlay-opacity":"","overlay-gradient":""},"mobile":{"background-color":"","background-image":"","background-repeat":"repeat","background-position":"center center","background-size":"auto","background-attachment":"scroll","background-type":"","background-media":"","overlay-type":"","overlay-color":"","overlay-opacity":"","overlay-gradient":""}},"ast-content-background-meta":{"desktop":{"background-color":"var(--ast-global-color-5)","background-image":"","background-repeat":"repeat","background-position":"center center","background-size":"auto","background-attachment":"scroll","background-type":"","background-media":"","overlay-type":"","overlay-color":"","overlay-opacity":"","overlay-gradient":""},"tablet":{"background-color":"var(--ast-global-color-5)","background-image":"","background-repeat":"repeat","background-position":"center center","background-size":"auto","background-attachment":"scroll","background-type":"","background-media":"","overlay-type":"","overlay-color":"","overlay-opacity":"","overlay-gradient":""},"mobile":{"background-color":"var(--ast-global-color-5)","background-image":"","background-repeat":"repeat","background-position":"center center","background-size":"auto","background-attachment":"scroll","background-type":"","background-media":"","overlay-type":"","overlay-color":"","overlay-opacity":"","overlay-gradient":""}}},"product_brand":[],"product_cat":[34225],"product_tag":[],"pa_brand_name":[33594],"class_list":{"0":"post-120409","1":"product","2":"type-product","3":"status-publish","4":"has-post-thumbnail","6":"product_cat-summer-tires-pv","7":"pa_brand_name-aptany","8":"desktop-align-left","9":"tablet-align-left","10":"mobile-align-left","12":"first","13":"outofstock","14":"taxable","15":"shipping-taxable","16":"purchasable","17":"product-type-simple"},"_links":{"self":[{"href":"https:\/\/shop.rettum.ee\/en\/wp-json\/wp\/v2\/product\/120409","targetHints":{"allow":["GET"]}}],"collection":[{"href":"https:\/\/shop.rettum.ee\/en\/wp-json\/wp\/v2\/product"}],"about":[{"href":"https:\/\/shop.rettum.ee\/en\/wp-json\/wp\/v2\/types\/product"}],"version-history":[{"count":1,"href":"https:\/\/shop.rettum.ee\/en\/wp-json\/wp\/v2\/product\/120409\/revisions"}],"predecessor-version":[{"id":126121,"href":"https:\/\/shop.rettum.ee\/en\/wp-json\/wp\/v2\/product\/120409\/revisions\/126121"}],"wp:featuredmedia":[{"embeddable":true,"href":"https:\/\/shop.rettum.ee\/en\/wp-json\/wp\/v2\/media\/123076"}],"wp:attachment":[{"href":"https:\/\/shop.rettum.ee\/en\/wp-json\/wp\/v2\/media?parent=120409"}],"wp:term":[{"taxonomy":"product_brand","embeddable":true,"href":"https:\/\/shop.rettum.ee\/en\/wp-json\/wp\/v2\/product_brand?post=120409"},{"taxonomy":"product_cat","embeddable":true,"href":"https:\/\/shop.rettum.ee\/en\/wp-json\/wp\/v2\/product_cat?post=120409"},{"taxonomy":"product_tag","embeddable":true,"href":"https:\/\/shop.rettum.ee\/en\/wp-json\/wp\/v2\/product_tag?post=120409"},{"taxonomy":"pa_brand_name","embeddable":true,"href":"https:\/\/shop.rettum.ee\/en\/wp-json\/wp\/v2\/pa_brand_name?post=120409"}],"curies":[{"name":"wp","href":"https:\/\/api.w.org\/{rel}","templated":true}]}}