{"id":120439,"date":"2025-03-31T03:02:18","date_gmt":"2025-03-31T00:02:18","guid":{"rendered":"https:\/\/shop.rettum.ee\/toode\/235-40r18-ovation-vi-388-95w-xl-dcb72-ms\/"},"modified":"2025-07-30T02:51:39","modified_gmt":"2025-07-29T23:51:39","slug":"235-40r18-ovation-vi-388-95w-xl-dcb72-ms","status":"publish","type":"product","link":"https:\/\/shop.rettum.ee\/en\/product\/235-40r18-ovation-vi-388-95w-xl-dcb72-ms\/","title":{"rendered":"235\/40R18 OVATION VI-388 95W XL DCB72 M+S"},"content":{"rendered":"<p>Tutvustame rehvide meisterteostust \u2013 235\/40R18 OVATION VI-388 95W XL DCB72 M+S. See tipptasemel kerepakett on loodud pakkuma erakordset s\u00f5iduohutust ja j\u00f5udlust erinevates s\u00f5idutingimustes. XL-laadimise n\u00f5ue tagab lisakandev\u00f5ime, v\u00f5imaldades rehvile suuremat koormust ja pikemat kasutusiga ka n\u00f5udlikes olukordades.<\/p>\n<p>M+S m\u00e4rgis kinnitab, et see rehv on v\u00e4lja t\u00f6\u00f6tatud nii mudasteks kui lumisteks teedeks, pakkudes kindlat haarduvust ka halvas ilmaga. 95W kiirusindeks annab garantiid stabiilsusele ja usaldusv\u00e4\u00e4rsusele ka kiirematel teedel, v\u00f5imaldades s\u00f5ita turvaliselt ja enesekindlalt.<\/p>\n<p>OVATION VI-388 disain on hoolikalt v\u00e4lja t\u00f6\u00f6tatud, et pakkuda optimaalset juhitavust ja soodustada \u00fchtlast kulumist, mis omakorda tagab pikaajalise ja efektiivse kasutamise. Valides selle rehvi, investeerite ohutusse, stabiilsusesse ja s\u00f5idumugavusse, mis vastavad k\u00f5rgematele n\u00f5udmistele nii igap\u00e4evaseks liikumiseks kui ka sportlikumaks s\u00f5iduks.<\/p>","protected":false},"excerpt":{"rendered":"<p>Tutvustame rehvide meisterteostust \u2013 235\/40R18 OVATION VI-388 95W XL DCB72 M+S. See tipptasemel kerepakett on loodud pakkuma erakordset s\u00f5iduohutust ja j\u00f5udlust erinevates s\u00f5idutingimustes. XL-laadimise n\u00f5ue tagab lisakandev\u00f5ime, v\u00f5imaldades rehvile suuremat koormust ja pikemat kasutusiga ka n\u00f5udlikes olukordades. M+S m\u00e4rgis kinnitab, et see rehv on v\u00e4lja t\u00f6\u00f6tatud nii mudasteks kui lumisteks teedeks, pakkudes kindlat haarduvust ka [&hellip;]<\/p>\n","protected":false},"featured_media":124035,"template":"","meta":{"site-sidebar-layout":"default","site-content-layout":"","ast-site-content-layout":"","site-content-style":"default","site-sidebar-style":"default","ast-global-header-display":"","ast-banner-title-visibility":"","ast-main-header-display":"","ast-hfb-above-header-display":"","ast-hfb-below-header-display":"","ast-hfb-mobile-header-display":"","site-post-title":"","ast-breadcrumbs-content":"","ast-featured-img":"","footer-sml-layout":"","theme-transparent-header-meta":"","adv-header-id-meta":"","stick-header-meta":"","header-above-stick-meta":"","header-main-stick-meta":"","header-below-stick-meta":"","astra-migrate-meta-layouts":"default","ast-page-background-enabled":"default","ast-page-background-meta":{"desktop":{"background-color":"","background-image":"","background-repeat":"repeat","background-position":"center center","background-size":"auto","background-attachment":"scroll","background-type":"","background-media":"","overlay-type":"","overlay-color":"","overlay-opacity":"","overlay-gradient":""},"tablet":{"background-color":"","background-image":"","background-repeat":"repeat","background-position":"center center","background-size":"auto","background-attachment":"scroll","background-type":"","background-media":"","overlay-type":"","overlay-color":"","overlay-opacity":"","overlay-gradient":""},"mobile":{"background-color":"","background-image":"","background-repeat":"repeat","background-position":"center center","background-size":"auto","background-attachment":"scroll","background-type":"","background-media":"","overlay-type":"","overlay-color":"","overlay-opacity":"","overlay-gradient":""}},"ast-content-background-meta":{"desktop":{"background-color":"var(--ast-global-color-5)","background-image":"","background-repeat":"repeat","background-position":"center center","background-size":"auto","background-attachment":"scroll","background-type":"","background-media":"","overlay-type":"","overlay-color":"","overlay-opacity":"","overlay-gradient":""},"tablet":{"background-color":"var(--ast-global-color-5)","background-image":"","background-repeat":"repeat","background-position":"center center","background-size":"auto","background-attachment":"scroll","background-type":"","background-media":"","overlay-type":"","overlay-color":"","overlay-opacity":"","overlay-gradient":""},"mobile":{"background-color":"var(--ast-global-color-5)","background-image":"","background-repeat":"repeat","background-position":"center center","background-size":"auto","background-attachment":"scroll","background-type":"","background-media":"","overlay-type":"","overlay-color":"","overlay-opacity":"","overlay-gradient":""}}},"product_brand":[],"product_cat":[34225],"product_tag":[],"pa_brand_name":[34179],"class_list":{"0":"post-120439","1":"product","2":"type-product","3":"status-publish","4":"has-post-thumbnail","6":"product_cat-summer-tires-pv","7":"pa_brand_name-ovation","8":"desktop-align-left","9":"tablet-align-left","10":"mobile-align-left","12":"first","13":"outofstock","14":"taxable","15":"shipping-taxable","16":"purchasable","17":"product-type-simple"},"_links":{"self":[{"href":"https:\/\/shop.rettum.ee\/en\/wp-json\/wp\/v2\/product\/120439","targetHints":{"allow":["GET"]}}],"collection":[{"href":"https:\/\/shop.rettum.ee\/en\/wp-json\/wp\/v2\/product"}],"about":[{"href":"https:\/\/shop.rettum.ee\/en\/wp-json\/wp\/v2\/types\/product"}],"version-history":[{"count":1,"href":"https:\/\/shop.rettum.ee\/en\/wp-json\/wp\/v2\/product\/120439\/revisions"}],"predecessor-version":[{"id":126090,"href":"https:\/\/shop.rettum.ee\/en\/wp-json\/wp\/v2\/product\/120439\/revisions\/126090"}],"wp:featuredmedia":[{"embeddable":true,"href":"https:\/\/shop.rettum.ee\/en\/wp-json\/wp\/v2\/media\/124035"}],"wp:attachment":[{"href":"https:\/\/shop.rettum.ee\/en\/wp-json\/wp\/v2\/media?parent=120439"}],"wp:term":[{"taxonomy":"product_brand","embeddable":true,"href":"https:\/\/shop.rettum.ee\/en\/wp-json\/wp\/v2\/product_brand?post=120439"},{"taxonomy":"product_cat","embeddable":true,"href":"https:\/\/shop.rettum.ee\/en\/wp-json\/wp\/v2\/product_cat?post=120439"},{"taxonomy":"product_tag","embeddable":true,"href":"https:\/\/shop.rettum.ee\/en\/wp-json\/wp\/v2\/product_tag?post=120439"},{"taxonomy":"pa_brand_name","embeddable":true,"href":"https:\/\/shop.rettum.ee\/en\/wp-json\/wp\/v2\/pa_brand_name?post=120439"}],"curies":[{"name":"wp","href":"https:\/\/api.w.org\/{rel}","templated":true}]}}