{"id":120442,"date":"2025-03-31T03:02:20","date_gmt":"2025-03-31T00:02:20","guid":{"rendered":"https:\/\/shop.rettum.ee\/toode\/235-55r20-aptany-ru025-102v-ccb69\/"},"modified":"2026-03-22T03:04:42","modified_gmt":"2026-03-22T01:04:42","slug":"235-55r20-aptany-ru025-102v-ccb69","status":"publish","type":"product","link":"https:\/\/shop.rettum.ee\/en\/product\/235-55r20-aptany-ru025-102v-ccb69\/","title":{"rendered":"235\/55R20 APTANY RU025 102V CCB69"},"content":{"rendered":"<p>APTANY RU025 235\/55R20 on kvaliteetne ja kaasaegne rehv, mis pakub usaldusv\u00e4\u00e4rset s\u00f5idukogemust igal teel. Selle m\u00f5\u00f5dud 235\/55R20 tagavad ideaalne sobivus mitmele s\u00f5idukit\u00fc\u00fcbile, kombineerides elegantse disaini ja suurep\u00e4rase s\u00f5idumugavuse. Rehvil on 102 koormusindeks, mis tagab stabiilsuse ka suuremat koormust kandvate s\u00f5idukite puhul, ning V kiirusklass, v\u00f5imaldades ohutut s\u00f5itu kuni 240 km\/h.<\/p>\n<p>APTANY RU025 on konstrueeritud pakkuma suurep\u00e4rast haarduvust nii kuivadel kui ka m\u00e4rgadel teedel, mis aitab oluliselt ennetada libisemist ja tagada kindla pidamise. T\u00e4nu tipptasemel tehnoloogiale ja materjalide kvaliteedile v\u00e4hendab see rehv k\u00fctusekulu ning kulumist, pakkudes pikaajalist vastupidavust ja parimat j\u00f5udlust ka n\u00f5udlikemates s\u00f5idutingimustes. CCB69 m\u00e4rgis annab lisakindlust, et rehv vastab rangetele kvaliteedi- ja ohutusstandarditele.<\/p>\n<p>Valides APTANY RU025, valite innovatsiooni, turvalisuse ja kestvuse, mis muudab iga s\u00f5idu mugavaks ja stabiilseks. Olgu tegemist igap\u00e4evase s\u00f5iduga v\u00f5i pikemate reisidega \u2013 see rehv on usaldusv\u00e4\u00e4rne partner teie teel.<\/p>","protected":false},"excerpt":{"rendered":"<p>APTANY RU025 235\/55R20 on kvaliteetne ja kaasaegne rehv, mis pakub usaldusv\u00e4\u00e4rset s\u00f5idukogemust igal teel. Selle m\u00f5\u00f5dud 235\/55R20 tagavad ideaalne sobivus mitmele s\u00f5idukit\u00fc\u00fcbile, kombineerides elegantse disaini ja suurep\u00e4rase s\u00f5idumugavuse. Rehvil on 102 koormusindeks, mis tagab stabiilsuse ka suuremat koormust kandvate s\u00f5idukite puhul, ning V kiirusklass, v\u00f5imaldades ohutut s\u00f5itu kuni 240 km\/h. APTANY RU025 on konstrueeritud pakkuma [&hellip;]<\/p>\n","protected":false},"featured_media":124033,"template":"","meta":{"site-sidebar-layout":"default","site-content-layout":"","ast-site-content-layout":"","site-content-style":"default","site-sidebar-style":"default","ast-global-header-display":"","ast-banner-title-visibility":"","ast-main-header-display":"","ast-hfb-above-header-display":"","ast-hfb-below-header-display":"","ast-hfb-mobile-header-display":"","site-post-title":"","ast-breadcrumbs-content":"","ast-featured-img":"","footer-sml-layout":"","theme-transparent-header-meta":"","adv-header-id-meta":"","stick-header-meta":"","header-above-stick-meta":"","header-main-stick-meta":"","header-below-stick-meta":"","astra-migrate-meta-layouts":"default","ast-page-background-enabled":"default","ast-page-background-meta":{"desktop":{"background-color":"","background-image":"","background-repeat":"repeat","background-position":"center center","background-size":"auto","background-attachment":"scroll","background-type":"","background-media":"","overlay-type":"","overlay-color":"","overlay-opacity":"","overlay-gradient":""},"tablet":{"background-color":"","background-image":"","background-repeat":"repeat","background-position":"center center","background-size":"auto","background-attachment":"scroll","background-type":"","background-media":"","overlay-type":"","overlay-color":"","overlay-opacity":"","overlay-gradient":""},"mobile":{"background-color":"","background-image":"","background-repeat":"repeat","background-position":"center center","background-size":"auto","background-attachment":"scroll","background-type":"","background-media":"","overlay-type":"","overlay-color":"","overlay-opacity":"","overlay-gradient":""}},"ast-content-background-meta":{"desktop":{"background-color":"var(--ast-global-color-5)","background-image":"","background-repeat":"repeat","background-position":"center center","background-size":"auto","background-attachment":"scroll","background-type":"","background-media":"","overlay-type":"","overlay-color":"","overlay-opacity":"","overlay-gradient":""},"tablet":{"background-color":"var(--ast-global-color-5)","background-image":"","background-repeat":"repeat","background-position":"center center","background-size":"auto","background-attachment":"scroll","background-type":"","background-media":"","overlay-type":"","overlay-color":"","overlay-opacity":"","overlay-gradient":""},"mobile":{"background-color":"var(--ast-global-color-5)","background-image":"","background-repeat":"repeat","background-position":"center center","background-size":"auto","background-attachment":"scroll","background-type":"","background-media":"","overlay-type":"","overlay-color":"","overlay-opacity":"","overlay-gradient":""}}},"product_brand":[],"product_cat":[34225],"product_tag":[],"pa_brand_name":[33594],"class_list":{"0":"post-120442","1":"product","2":"type-product","3":"status-publish","4":"has-post-thumbnail","6":"product_cat-summer-tires-pv","7":"pa_brand_name-aptany","8":"desktop-align-left","9":"tablet-align-left","10":"mobile-align-left","12":"first","13":"outofstock","14":"taxable","15":"shipping-taxable","16":"purchasable","17":"product-type-simple"},"_links":{"self":[{"href":"https:\/\/shop.rettum.ee\/en\/wp-json\/wp\/v2\/product\/120442","targetHints":{"allow":["GET"]}}],"collection":[{"href":"https:\/\/shop.rettum.ee\/en\/wp-json\/wp\/v2\/product"}],"about":[{"href":"https:\/\/shop.rettum.ee\/en\/wp-json\/wp\/v2\/types\/product"}],"version-history":[{"count":1,"href":"https:\/\/shop.rettum.ee\/en\/wp-json\/wp\/v2\/product\/120442\/revisions"}],"predecessor-version":[{"id":126087,"href":"https:\/\/shop.rettum.ee\/en\/wp-json\/wp\/v2\/product\/120442\/revisions\/126087"}],"wp:featuredmedia":[{"embeddable":true,"href":"https:\/\/shop.rettum.ee\/en\/wp-json\/wp\/v2\/media\/124033"}],"wp:attachment":[{"href":"https:\/\/shop.rettum.ee\/en\/wp-json\/wp\/v2\/media?parent=120442"}],"wp:term":[{"taxonomy":"product_brand","embeddable":true,"href":"https:\/\/shop.rettum.ee\/en\/wp-json\/wp\/v2\/product_brand?post=120442"},{"taxonomy":"product_cat","embeddable":true,"href":"https:\/\/shop.rettum.ee\/en\/wp-json\/wp\/v2\/product_cat?post=120442"},{"taxonomy":"product_tag","embeddable":true,"href":"https:\/\/shop.rettum.ee\/en\/wp-json\/wp\/v2\/product_tag?post=120442"},{"taxonomy":"pa_brand_name","embeddable":true,"href":"https:\/\/shop.rettum.ee\/en\/wp-json\/wp\/v2\/pa_brand_name?post=120442"}],"curies":[{"name":"wp","href":"https:\/\/api.w.org\/{rel}","templated":true}]}}