{"id":120446,"date":"2025-03-31T03:02:22","date_gmt":"2025-03-31T00:02:22","guid":{"rendered":"https:\/\/shop.rettum.ee\/toode\/255-60r17-goodride-solmax-1-suv-110v-xl\/"},"modified":"2026-03-22T03:04:43","modified_gmt":"2026-03-22T01:04:43","slug":"255-60r17-goodride-solmax-1-suv-110v-xl","status":"publish","type":"product","link":"https:\/\/shop.rettum.ee\/en\/product\/255-60r17-goodride-solmax-1-suv-110v-xl\/","title":{"rendered":"255\/60R17 GOODRIDE SOLMAX 1 SUV 110V XL"},"content":{"rendered":"<p>255\/60R17 GOODRIDE SOLMAX 1 SUV 110V XL rehv on loodud spetsiaalselt SUV-de n\u00f5udlikele s\u00f5idutingimustele. Selle rehvi m\u00f5\u00f5tmed tagavad optimaalse kontakti teepinnaga, pakkudes suurep\u00e4rast veoj\u00f5udu ja stabiilsust nii kuivadel kui ka libedatel teedel. 110V koormusindeks ja XL (extra load) klass tagavad k\u00f5rgema kandev\u00f5ime, sobides ideaalselt raskema koorma kandmiseks ja pakkudes seel\u00e4bi suuremat turvalisust igas olukorras.<\/p>\n<p>Goodride SOLMAX 1 SUV rehv \u00fchendab kaasaegse disaini ja robustse konstruktsiooni, mis v\u00e4hendavad rehvi kulumist ning pikendavad selle kasutusiga. Rehv on disainitud tagamaks stabiilne ja kindel juhitavus ka k\u00f5rgetel kiirustel, pakkudes kindlat pidamist ja t\u00e4pseid s\u00f5iduanal\u00fc\u00fcse. See muudab selle ideaalseks valikuks neile, kes hindavad kvaliteeti ja ohutust igap\u00e4evastes s\u00f5idutingimustes ning keerulistes maastikes.<\/p>\n<p>Investeeri oma s\u00f5idukisse tipptasemel rehviga, mis \u00fchendab innovatsiooni ja vastupidavuse, et pakkuda turvalist ja meeldivat s\u00f5idukogemust igas olukorras.<\/p>","protected":false},"excerpt":{"rendered":"<p>255\/60R17 GOODRIDE SOLMAX 1 SUV 110V XL rehv on loodud spetsiaalselt SUV-de n\u00f5udlikele s\u00f5idutingimustele. Selle rehvi m\u00f5\u00f5tmed tagavad optimaalse kontakti teepinnaga, pakkudes suurep\u00e4rast veoj\u00f5udu ja stabiilsust nii kuivadel kui ka libedatel teedel. 110V koormusindeks ja XL (extra load) klass tagavad k\u00f5rgema kandev\u00f5ime, sobides ideaalselt raskema koorma kandmiseks ja pakkudes seel\u00e4bi suuremat turvalisust igas olukorras. Goodride [&hellip;]<\/p>\n","protected":false},"featured_media":122085,"template":"","meta":{"site-sidebar-layout":"default","site-content-layout":"","ast-site-content-layout":"","site-content-style":"default","site-sidebar-style":"default","ast-global-header-display":"","ast-banner-title-visibility":"","ast-main-header-display":"","ast-hfb-above-header-display":"","ast-hfb-below-header-display":"","ast-hfb-mobile-header-display":"","site-post-title":"","ast-breadcrumbs-content":"","ast-featured-img":"","footer-sml-layout":"","theme-transparent-header-meta":"","adv-header-id-meta":"","stick-header-meta":"","header-above-stick-meta":"","header-main-stick-meta":"","header-below-stick-meta":"","astra-migrate-meta-layouts":"default","ast-page-background-enabled":"default","ast-page-background-meta":{"desktop":{"background-color":"","background-image":"","background-repeat":"repeat","background-position":"center center","background-size":"auto","background-attachment":"scroll","background-type":"","background-media":"","overlay-type":"","overlay-color":"","overlay-opacity":"","overlay-gradient":""},"tablet":{"background-color":"","background-image":"","background-repeat":"repeat","background-position":"center center","background-size":"auto","background-attachment":"scroll","background-type":"","background-media":"","overlay-type":"","overlay-color":"","overlay-opacity":"","overlay-gradient":""},"mobile":{"background-color":"","background-image":"","background-repeat":"repeat","background-position":"center center","background-size":"auto","background-attachment":"scroll","background-type":"","background-media":"","overlay-type":"","overlay-color":"","overlay-opacity":"","overlay-gradient":""}},"ast-content-background-meta":{"desktop":{"background-color":"var(--ast-global-color-5)","background-image":"","background-repeat":"repeat","background-position":"center center","background-size":"auto","background-attachment":"scroll","background-type":"","background-media":"","overlay-type":"","overlay-color":"","overlay-opacity":"","overlay-gradient":""},"tablet":{"background-color":"var(--ast-global-color-5)","background-image":"","background-repeat":"repeat","background-position":"center center","background-size":"auto","background-attachment":"scroll","background-type":"","background-media":"","overlay-type":"","overlay-color":"","overlay-opacity":"","overlay-gradient":""},"mobile":{"background-color":"var(--ast-global-color-5)","background-image":"","background-repeat":"repeat","background-position":"center center","background-size":"auto","background-attachment":"scroll","background-type":"","background-media":"","overlay-type":"","overlay-color":"","overlay-opacity":"","overlay-gradient":""}}},"product_brand":[],"product_cat":[34225],"product_tag":[],"pa_brand_name":[17861],"class_list":{"0":"post-120446","1":"product","2":"type-product","3":"status-publish","4":"has-post-thumbnail","6":"product_cat-summer-tires-pv","7":"pa_brand_name-goodride","8":"desktop-align-left","9":"tablet-align-left","10":"mobile-align-left","12":"first","13":"outofstock","14":"taxable","15":"shipping-taxable","16":"purchasable","17":"product-type-simple"},"_links":{"self":[{"href":"https:\/\/shop.rettum.ee\/en\/wp-json\/wp\/v2\/product\/120446","targetHints":{"allow":["GET"]}}],"collection":[{"href":"https:\/\/shop.rettum.ee\/en\/wp-json\/wp\/v2\/product"}],"about":[{"href":"https:\/\/shop.rettum.ee\/en\/wp-json\/wp\/v2\/types\/product"}],"version-history":[{"count":1,"href":"https:\/\/shop.rettum.ee\/en\/wp-json\/wp\/v2\/product\/120446\/revisions"}],"predecessor-version":[{"id":126084,"href":"https:\/\/shop.rettum.ee\/en\/wp-json\/wp\/v2\/product\/120446\/revisions\/126084"}],"wp:featuredmedia":[{"embeddable":true,"href":"https:\/\/shop.rettum.ee\/en\/wp-json\/wp\/v2\/media\/122085"}],"wp:attachment":[{"href":"https:\/\/shop.rettum.ee\/en\/wp-json\/wp\/v2\/media?parent=120446"}],"wp:term":[{"taxonomy":"product_brand","embeddable":true,"href":"https:\/\/shop.rettum.ee\/en\/wp-json\/wp\/v2\/product_brand?post=120446"},{"taxonomy":"product_cat","embeddable":true,"href":"https:\/\/shop.rettum.ee\/en\/wp-json\/wp\/v2\/product_cat?post=120446"},{"taxonomy":"product_tag","embeddable":true,"href":"https:\/\/shop.rettum.ee\/en\/wp-json\/wp\/v2\/product_tag?post=120446"},{"taxonomy":"pa_brand_name","embeddable":true,"href":"https:\/\/shop.rettum.ee\/en\/wp-json\/wp\/v2\/pa_brand_name?post=120446"}],"curies":[{"name":"wp","href":"https:\/\/api.w.org\/{rel}","templated":true}]}}