{"id":120448,"date":"2025-03-31T03:02:24","date_gmt":"2025-03-31T00:02:24","guid":{"rendered":"https:\/\/shop.rettum.ee\/toode\/245-60r18-goodride-solmax-1-suv-105h\/"},"modified":"2026-03-18T02:45:25","modified_gmt":"2026-03-18T00:45:25","slug":"245-60r18-goodride-solmax-1-suv-105h","status":"publish","type":"product","link":"https:\/\/shop.rettum.ee\/en\/product\/245-60r18-goodride-solmax-1-suv-105h\/","title":{"rendered":"245\/60R18 GOODRIDE SOLMAX 1 SUV 105H"},"content":{"rendered":"<p>GOODRIDE SOLMAX 1 SUV rehvid pakuvad erakordset stabiilsust ja kindlat haarduvust, mis tagab turvalise ja meeldiva s\u00f5idukogemuse nii kuivatel kui ka m\u00e4rgadel teedel. Rehvi m\u00f5\u00f5tmed 245\/60R18 sobivad ideaalselt SUV-dele, pakkudes tasakaalustatud juhitavust ja suurep\u00e4rast veotehnikat igas s\u00f5idutingimuses. Uuenduslik konstruktsioon v\u00e4hendab veeretakistust ning v\u00f5imaldab \u00fchtlast k\u00fctusekulu, mis omakorda toetab s\u00e4\u00e4stlikkust ja keskkonnas\u00f5bralikkust.<\/p>\n<p>Load-indeks 105 ja H kiirusklass (sobib kuni 210 km\/h) annavad tunnistust rehvi k\u00f5rgest koormustaluvusest ja j\u00f5udlusomadustest, muutes selle usaldusv\u00e4\u00e4rseks kaaslaseks nii igap\u00e4evasel s\u00f5idul kui ka pikematel teedel. Tugev ja vastupidav disain tagab pikema eluea ning stabiilsuse ka keerulistes s\u00f5idutingimustes, pakkudes kindlustunnet ja maksimaalset kontrolli.<\/p>\n<p>Valikord GOODRIDE SOLMAX 1 SUV rehvl v\u00f5i nende tootmisest tulenevad kvaliteediparandused toovad s\u00f5idukogemusse lisav\u00e4\u00e4rtust, kombineerides mugavust, ohutust ja energias\u00e4\u00e4stlikkust \u00fches unikaalses paketis. Investeeri kvaliteeti ja naudi premium-tasemel s\u00f5idud\u00fcnaamikat igal teekonnal!<\/p>","protected":false},"excerpt":{"rendered":"<p>GOODRIDE SOLMAX 1 SUV rehvid pakuvad erakordset stabiilsust ja kindlat haarduvust, mis tagab turvalise ja meeldiva s\u00f5idukogemuse nii kuivatel kui ka m\u00e4rgadel teedel. Rehvi m\u00f5\u00f5tmed 245\/60R18 sobivad ideaalselt SUV-dele, pakkudes tasakaalustatud juhitavust ja suurep\u00e4rast veotehnikat igas s\u00f5idutingimuses. Uuenduslik konstruktsioon v\u00e4hendab veeretakistust ning v\u00f5imaldab \u00fchtlast k\u00fctusekulu, mis omakorda toetab s\u00e4\u00e4stlikkust ja keskkonnas\u00f5bralikkust. Load-indeks 105 ja H [&hellip;]<\/p>\n","protected":false},"featured_media":122085,"template":"","meta":{"site-sidebar-layout":"default","site-content-layout":"","ast-site-content-layout":"","site-content-style":"default","site-sidebar-style":"default","ast-global-header-display":"","ast-banner-title-visibility":"","ast-main-header-display":"","ast-hfb-above-header-display":"","ast-hfb-below-header-display":"","ast-hfb-mobile-header-display":"","site-post-title":"","ast-breadcrumbs-content":"","ast-featured-img":"","footer-sml-layout":"","theme-transparent-header-meta":"","adv-header-id-meta":"","stick-header-meta":"","header-above-stick-meta":"","header-main-stick-meta":"","header-below-stick-meta":"","astra-migrate-meta-layouts":"default","ast-page-background-enabled":"default","ast-page-background-meta":{"desktop":{"background-color":"","background-image":"","background-repeat":"repeat","background-position":"center center","background-size":"auto","background-attachment":"scroll","background-type":"","background-media":"","overlay-type":"","overlay-color":"","overlay-opacity":"","overlay-gradient":""},"tablet":{"background-color":"","background-image":"","background-repeat":"repeat","background-position":"center center","background-size":"auto","background-attachment":"scroll","background-type":"","background-media":"","overlay-type":"","overlay-color":"","overlay-opacity":"","overlay-gradient":""},"mobile":{"background-color":"","background-image":"","background-repeat":"repeat","background-position":"center center","background-size":"auto","background-attachment":"scroll","background-type":"","background-media":"","overlay-type":"","overlay-color":"","overlay-opacity":"","overlay-gradient":""}},"ast-content-background-meta":{"desktop":{"background-color":"var(--ast-global-color-5)","background-image":"","background-repeat":"repeat","background-position":"center center","background-size":"auto","background-attachment":"scroll","background-type":"","background-media":"","overlay-type":"","overlay-color":"","overlay-opacity":"","overlay-gradient":""},"tablet":{"background-color":"var(--ast-global-color-5)","background-image":"","background-repeat":"repeat","background-position":"center center","background-size":"auto","background-attachment":"scroll","background-type":"","background-media":"","overlay-type":"","overlay-color":"","overlay-opacity":"","overlay-gradient":""},"mobile":{"background-color":"var(--ast-global-color-5)","background-image":"","background-repeat":"repeat","background-position":"center center","background-size":"auto","background-attachment":"scroll","background-type":"","background-media":"","overlay-type":"","overlay-color":"","overlay-opacity":"","overlay-gradient":""}}},"product_brand":[],"product_cat":[34225],"product_tag":[],"pa_brand_name":[17861],"class_list":{"0":"post-120448","1":"product","2":"type-product","3":"status-publish","4":"has-post-thumbnail","6":"product_cat-summer-tires-pv","7":"pa_brand_name-goodride","8":"desktop-align-left","9":"tablet-align-left","10":"mobile-align-left","12":"first","13":"outofstock","14":"taxable","15":"shipping-taxable","16":"purchasable","17":"product-type-simple"},"_links":{"self":[{"href":"https:\/\/shop.rettum.ee\/en\/wp-json\/wp\/v2\/product\/120448","targetHints":{"allow":["GET"]}}],"collection":[{"href":"https:\/\/shop.rettum.ee\/en\/wp-json\/wp\/v2\/product"}],"about":[{"href":"https:\/\/shop.rettum.ee\/en\/wp-json\/wp\/v2\/types\/product"}],"version-history":[{"count":1,"href":"https:\/\/shop.rettum.ee\/en\/wp-json\/wp\/v2\/product\/120448\/revisions"}],"predecessor-version":[{"id":126080,"href":"https:\/\/shop.rettum.ee\/en\/wp-json\/wp\/v2\/product\/120448\/revisions\/126080"}],"wp:featuredmedia":[{"embeddable":true,"href":"https:\/\/shop.rettum.ee\/en\/wp-json\/wp\/v2\/media\/122085"}],"wp:attachment":[{"href":"https:\/\/shop.rettum.ee\/en\/wp-json\/wp\/v2\/media?parent=120448"}],"wp:term":[{"taxonomy":"product_brand","embeddable":true,"href":"https:\/\/shop.rettum.ee\/en\/wp-json\/wp\/v2\/product_brand?post=120448"},{"taxonomy":"product_cat","embeddable":true,"href":"https:\/\/shop.rettum.ee\/en\/wp-json\/wp\/v2\/product_cat?post=120448"},{"taxonomy":"product_tag","embeddable":true,"href":"https:\/\/shop.rettum.ee\/en\/wp-json\/wp\/v2\/product_tag?post=120448"},{"taxonomy":"pa_brand_name","embeddable":true,"href":"https:\/\/shop.rettum.ee\/en\/wp-json\/wp\/v2\/pa_brand_name?post=120448"}],"curies":[{"name":"wp","href":"https:\/\/api.w.org\/{rel}","templated":true}]}}