{"id":120449,"date":"2025-03-31T03:02:24","date_gmt":"2025-03-31T00:02:24","guid":{"rendered":"https:\/\/shop.rettum.ee\/toode\/235-60r19-goodride-solmax-1-suv-107v-xl\/"},"modified":"2026-03-26T02:47:41","modified_gmt":"2026-03-26T00:47:41","slug":"235-60r19-goodride-solmax-1-suv-107v-xl","status":"publish","type":"product","link":"https:\/\/shop.rettum.ee\/en\/product\/235-60r19-goodride-solmax-1-suv-107v-xl\/","title":{"rendered":"235\/60R19 GOODRIDE SOLMAX 1 SUV 107V XL"},"content":{"rendered":"<p>GOODRIDE SOLMAX 1 SUV 107V XL on usaldusv\u00e4\u00e4rne valik n\u00f5udlikele s\u00f5itjatele, kes hindavad turvalisust ja vastupidavust. Rehvi m\u00f5\u00f5tmed 235\/60R19 tagavad stabiilse ja kindla haarduvuse nii kuivadel kui ka m\u00e4rgadel teedel, v\u00f5imaldades kindlat s\u00f5iduk\u00e4itumist erinevates s\u00f5iduoludes. XL-t\u00fc\u00fcpi (eritoetus) konstruktsioon koos soovitatud suure koormuskandev\u00f5imega (indeks 107) tagab, et see rehvi on v\u00f5imalik kasutada ka raskemate s\u00f5idukite v\u00f5i koormatud SUV-de puhul.<\/p>\n<p>Kiirusklass V annab rehvil kindla aluse kuni 240 km\/h s\u00f5idukiiruskategoorias, olles seel\u00e4bi sobiv nii igap\u00e4evas\u00f5iduks kui ka pikemateks teekondadeks. SOLMAX 1 SUV disain ja tehnoloogilised lahendused keskenduvad pikaealisusele ning optimaalsele k\u00fctuses\u00e4\u00e4stlikkusele, pakkudes s\u00f5idukile stabiilsust ja paremat reageerimisv\u00f5imet ka keerulistes tingimustes.<\/p>\n<p>Valides GOODRIDE SOLMAX 1 SUV rehvid, on tagatud turvalisus, kvaliteet ja usaldusv\u00e4\u00e4rsus, mis teevad igast s\u00f5idust nauditava kogemuse.<\/p>","protected":false},"excerpt":{"rendered":"<p>GOODRIDE SOLMAX 1 SUV 107V XL on usaldusv\u00e4\u00e4rne valik n\u00f5udlikele s\u00f5itjatele, kes hindavad turvalisust ja vastupidavust. Rehvi m\u00f5\u00f5tmed 235\/60R19 tagavad stabiilse ja kindla haarduvuse nii kuivadel kui ka m\u00e4rgadel teedel, v\u00f5imaldades kindlat s\u00f5iduk\u00e4itumist erinevates s\u00f5iduoludes. XL-t\u00fc\u00fcpi (eritoetus) konstruktsioon koos soovitatud suure koormuskandev\u00f5imega (indeks 107) tagab, et see rehvi on v\u00f5imalik kasutada ka raskemate s\u00f5idukite v\u00f5i [&hellip;]<\/p>\n","protected":false},"featured_media":122085,"template":"","meta":{"site-sidebar-layout":"default","site-content-layout":"","ast-site-content-layout":"","site-content-style":"default","site-sidebar-style":"default","ast-global-header-display":"","ast-banner-title-visibility":"","ast-main-header-display":"","ast-hfb-above-header-display":"","ast-hfb-below-header-display":"","ast-hfb-mobile-header-display":"","site-post-title":"","ast-breadcrumbs-content":"","ast-featured-img":"","footer-sml-layout":"","theme-transparent-header-meta":"","adv-header-id-meta":"","stick-header-meta":"","header-above-stick-meta":"","header-main-stick-meta":"","header-below-stick-meta":"","astra-migrate-meta-layouts":"default","ast-page-background-enabled":"default","ast-page-background-meta":{"desktop":{"background-color":"","background-image":"","background-repeat":"repeat","background-position":"center center","background-size":"auto","background-attachment":"scroll","background-type":"","background-media":"","overlay-type":"","overlay-color":"","overlay-opacity":"","overlay-gradient":""},"tablet":{"background-color":"","background-image":"","background-repeat":"repeat","background-position":"center center","background-size":"auto","background-attachment":"scroll","background-type":"","background-media":"","overlay-type":"","overlay-color":"","overlay-opacity":"","overlay-gradient":""},"mobile":{"background-color":"","background-image":"","background-repeat":"repeat","background-position":"center center","background-size":"auto","background-attachment":"scroll","background-type":"","background-media":"","overlay-type":"","overlay-color":"","overlay-opacity":"","overlay-gradient":""}},"ast-content-background-meta":{"desktop":{"background-color":"var(--ast-global-color-5)","background-image":"","background-repeat":"repeat","background-position":"center center","background-size":"auto","background-attachment":"scroll","background-type":"","background-media":"","overlay-type":"","overlay-color":"","overlay-opacity":"","overlay-gradient":""},"tablet":{"background-color":"var(--ast-global-color-5)","background-image":"","background-repeat":"repeat","background-position":"center center","background-size":"auto","background-attachment":"scroll","background-type":"","background-media":"","overlay-type":"","overlay-color":"","overlay-opacity":"","overlay-gradient":""},"mobile":{"background-color":"var(--ast-global-color-5)","background-image":"","background-repeat":"repeat","background-position":"center center","background-size":"auto","background-attachment":"scroll","background-type":"","background-media":"","overlay-type":"","overlay-color":"","overlay-opacity":"","overlay-gradient":""}}},"product_brand":[],"product_cat":[34225],"product_tag":[],"pa_brand_name":[17861],"class_list":{"0":"post-120449","1":"product","2":"type-product","3":"status-publish","4":"has-post-thumbnail","6":"product_cat-summer-tires-pv","7":"pa_brand_name-goodride","8":"desktop-align-left","9":"tablet-align-left","10":"mobile-align-left","12":"first","13":"instock","14":"taxable","15":"shipping-taxable","16":"purchasable","17":"product-type-simple"},"_links":{"self":[{"href":"https:\/\/shop.rettum.ee\/en\/wp-json\/wp\/v2\/product\/120449","targetHints":{"allow":["GET"]}}],"collection":[{"href":"https:\/\/shop.rettum.ee\/en\/wp-json\/wp\/v2\/product"}],"about":[{"href":"https:\/\/shop.rettum.ee\/en\/wp-json\/wp\/v2\/types\/product"}],"version-history":[{"count":1,"href":"https:\/\/shop.rettum.ee\/en\/wp-json\/wp\/v2\/product\/120449\/revisions"}],"predecessor-version":[{"id":126081,"href":"https:\/\/shop.rettum.ee\/en\/wp-json\/wp\/v2\/product\/120449\/revisions\/126081"}],"wp:featuredmedia":[{"embeddable":true,"href":"https:\/\/shop.rettum.ee\/en\/wp-json\/wp\/v2\/media\/122085"}],"wp:attachment":[{"href":"https:\/\/shop.rettum.ee\/en\/wp-json\/wp\/v2\/media?parent=120449"}],"wp:term":[{"taxonomy":"product_brand","embeddable":true,"href":"https:\/\/shop.rettum.ee\/en\/wp-json\/wp\/v2\/product_brand?post=120449"},{"taxonomy":"product_cat","embeddable":true,"href":"https:\/\/shop.rettum.ee\/en\/wp-json\/wp\/v2\/product_cat?post=120449"},{"taxonomy":"product_tag","embeddable":true,"href":"https:\/\/shop.rettum.ee\/en\/wp-json\/wp\/v2\/product_tag?post=120449"},{"taxonomy":"pa_brand_name","embeddable":true,"href":"https:\/\/shop.rettum.ee\/en\/wp-json\/wp\/v2\/pa_brand_name?post=120449"}],"curies":[{"name":"wp","href":"https:\/\/api.w.org\/{rel}","templated":true}]}}